{"id":5309146,"date":"2026-01-19T13:07:36","date_gmt":"2026-01-19T11:07:36","guid":{"rendered":"https:\/\/gadgettravellers.eu\/shop\/faro-posteriore-led-per-bicicletta-sj-10237-650069-rosso\/"},"modified":"2026-05-05T04:49:34","modified_gmt":"2026-05-05T02:49:34","slug":"faro-posteriore-led-per-bicicletta-sj-10237-650069-rosso","status":"publish","type":"product","link":"https:\/\/gadgettravellers.eu\/it\/shop\/faro-posteriore-led-per-bicicletta-sj-10237-650069-rosso\/","title":{"rendered":"Faro posteriore LED per bicicletta &#8211; SJ-10237 &#8211; 650069 &#8211; Rosso"},"content":{"rendered":"<p>Luce posteriore per bicicletta pratica ed elegante con LED potenti di colore rosso.<br \/>Adatta a tutti i tipi di bicicletta, si monta molto facilmente con supporto\/anello regolabile. <br \/>Funziona con 2 batterie AAA (non incluse)<br \/>5 LED<br \/>7 modalit\u00e0 lampeggianti<br \/>Funzione laser<br \/>Angolo di illuminazione: 260\u00b0<br \/>Resistente all\u2019umidit\u00e0. <\/p>\n","protected":false},"excerpt":{"rendered":"<p>Luce posteriore per bicicletta LED rossa con 5 potenti LED, 7 modalit\u00e0 di lampeggio e funzione laser. Facile da montare con anello regolabile, funziona con 2\u00d7AAA ed \u00e8 resistente all&#8217;umidit\u00e0.<\/p>\n","protected":false},"featured_media":5140045,"comment_status":"closed","ping_status":"open","template":"","meta":[],"product_brand":[],"product_cat":[],"product_tag":[15],"class_list":{"0":"post-5309146","1":"product","2":"type-product","3":"status-publish","4":"has-post-thumbnail","6":"product_tag-uncategorized","8":"first","9":"onbackorder","10":"purchasable","11":"product-type-simple"},"jetpack_sharing_enabled":true,"_links":{"self":[{"href":"https:\/\/gadgettravellers.eu\/it\/wp-json\/wp\/v2\/product\/5309146","targetHints":{"allow":["GET"]}}],"collection":[{"href":"https:\/\/gadgettravellers.eu\/it\/wp-json\/wp\/v2\/product"}],"about":[{"href":"https:\/\/gadgettravellers.eu\/it\/wp-json\/wp\/v2\/types\/product"}],"replies":[{"embeddable":true,"href":"https:\/\/gadgettravellers.eu\/it\/wp-json\/wp\/v2\/comments?post=5309146"}],"wp:featuredmedia":[{"embeddable":true,"href":"https:\/\/gadgettravellers.eu\/it\/wp-json\/wp\/v2\/media\/5140045"}],"wp:attachment":[{"href":"https:\/\/gadgettravellers.eu\/it\/wp-json\/wp\/v2\/media?parent=5309146"}],"wp:term":[{"taxonomy":"product_brand","embeddable":true,"href":"https:\/\/gadgettravellers.eu\/it\/wp-json\/wp\/v2\/product_brand?post=5309146"},{"taxonomy":"product_cat","embeddable":true,"href":"https:\/\/gadgettravellers.eu\/it\/wp-json\/wp\/v2\/product_cat?post=5309146"},{"taxonomy":"product_tag","embeddable":true,"href":"https:\/\/gadgettravellers.eu\/it\/wp-json\/wp\/v2\/product_tag?post=5309146"}],"curies":[{"name":"wp","href":"https:\/\/api.w.org\/{rel}","templated":true}]}}