{"id":5309418,"date":"2026-01-19T13:10:17","date_gmt":"2026-01-19T11:10:17","guid":{"rendered":"https:\/\/gadgettravellers.eu\/shop\/souvenir-decorativo-clessidra-con-acqua-sy98-507213\/"},"modified":"2026-04-15T21:39:02","modified_gmt":"2026-04-15T19:39:02","slug":"souvenir-decorativo-clessidra-con-acqua-sy98-507213","status":"publish","type":"product","link":"https:\/\/gadgettravellers.eu\/it\/shop\/souvenir-decorativo-clessidra-con-acqua-sy98-507213\/","title":{"rendered":"Souvenir decorativo Clessidra con acqua &#8211; SY98 &#8211; 507213"},"content":{"rendered":"<p>Souvenir turistico con acqua ed effetto mare, con splendidi ornamenti mobili che galleggiano all&#8217;interno. Ideale come ricordo di viaggio o come decorazione che conferir\u00e0 un&#8217;atmosfera estiva e insulare al vostro ambiente.<br \/>\n  \u00a0\u00a0<\/p>\n<p>*L&#8217;interno \u00e8 disponibile in una variet\u00e0 di modelli &#8211; Spedizione in base alla disponibilit\u00e0.<\/p>\n","protected":false},"excerpt":{"rendered":"<p>Souvenir decorativo con elementi mobili all&#8217;interno dell&#8217;acqua ed effetto mare. Ideale come ricordo di viaggio o regalo che aggiunge un&#8217;atmosfera estiva insulare all&#8217;ambiente.<\/p>\n","protected":false},"featured_media":5141117,"comment_status":"closed","ping_status":"open","template":"","meta":[],"product_brand":[],"product_cat":[],"product_tag":[15],"class_list":{"0":"post-5309418","1":"product","2":"type-product","3":"status-publish","4":"has-post-thumbnail","6":"product_tag-uncategorized","8":"first","9":"onbackorder","10":"purchasable","11":"product-type-simple"},"jetpack_sharing_enabled":true,"_links":{"self":[{"href":"https:\/\/gadgettravellers.eu\/it\/wp-json\/wp\/v2\/product\/5309418","targetHints":{"allow":["GET"]}}],"collection":[{"href":"https:\/\/gadgettravellers.eu\/it\/wp-json\/wp\/v2\/product"}],"about":[{"href":"https:\/\/gadgettravellers.eu\/it\/wp-json\/wp\/v2\/types\/product"}],"replies":[{"embeddable":true,"href":"https:\/\/gadgettravellers.eu\/it\/wp-json\/wp\/v2\/comments?post=5309418"}],"wp:featuredmedia":[{"embeddable":true,"href":"https:\/\/gadgettravellers.eu\/it\/wp-json\/wp\/v2\/media\/5141117"}],"wp:attachment":[{"href":"https:\/\/gadgettravellers.eu\/it\/wp-json\/wp\/v2\/media?parent=5309418"}],"wp:term":[{"taxonomy":"product_brand","embeddable":true,"href":"https:\/\/gadgettravellers.eu\/it\/wp-json\/wp\/v2\/product_brand?post=5309418"},{"taxonomy":"product_cat","embeddable":true,"href":"https:\/\/gadgettravellers.eu\/it\/wp-json\/wp\/v2\/product_cat?post=5309418"},{"taxonomy":"product_tag","embeddable":true,"href":"https:\/\/gadgettravellers.eu\/it\/wp-json\/wp\/v2\/product_tag?post=5309418"}],"curies":[{"name":"wp","href":"https:\/\/api.w.org\/{rel}","templated":true}]}}