{"id":5309420,"date":"2026-01-19T13:10:18","date_gmt":"2026-01-19T11:10:18","guid":{"rendered":"https:\/\/gadgettravellers.eu\/shop\/portapenne-souvenir-decorativo-con-acqua-sy42a-507138\/"},"modified":"2026-04-13T01:54:59","modified_gmt":"2026-04-12T23:54:59","slug":"portapenne-souvenir-decorativo-con-acqua-sy42a-507138","status":"publish","type":"product","link":"https:\/\/gadgettravellers.eu\/it\/shop\/portapenne-souvenir-decorativo-con-acqua-sy42a-507138\/","title":{"rendered":"Portapenne souvenir decorativo con acqua &#8211; SY42A &#8211; 507138"},"content":{"rendered":"<p>Souvenir turistico con acqua ed effetto mare, con splendidi ornamenti mobili che galleggiano all&#8217;interno. Ideale come ricordo di viaggio o come decorazione che conferir\u00e0 un&#8217;atmosfera estiva e insulare al vostro ambiente.<br \/>\n  \u00a0\u00a0<\/p>\n<p>*L&#8217;interno \u00e8 disponibile in una variet\u00e0 di modelli &#8211; Spedizione in base alla disponibilit\u00e0.<\/p>\n<div class='aiseo-faq-section' style='margin-top:30px; border-top:1px solid #eee; padding-top:20px;'>\n<h3>Domande Frequenti<\/h3>\n<details style='margin-bottom:10px; padding:10px; background:#f9f9f9; border-radius:5px;'>\n<summary style='font-weight:bold; cursor:pointer;'>Che cos&#8217;\u00e8 questo prodotto?<\/summary>\n<div style='margin-top:10px; color:#555;'>Portapenne decorativo-souvenir con acqua e elementi galleggianti mobili che creano un effetto mare.<\/div>\n<\/details>\n<details style='margin-bottom:10px; padding:10px; background:#f9f9f9; border-radius:5px;'>\n<summary style='font-weight:bold; cursor:pointer;'>Posso usarla in ufficio?<\/summary>\n<div style='margin-top:10px; color:#555;'>S\u00ec, \u00e8 ideale come portapenne per scrivania e come decorazione da tavolo.<\/div>\n<\/details>\n<details style='margin-bottom:10px; padding:10px; background:#f9f9f9; border-radius:5px;'>\n<summary style='font-weight:bold; cursor:pointer;'>Ci sono diversi disegni all&#8217;interno?<\/summary>\n<div style='margin-top:10px; color:#555;'>S\u00ec, l&#8217;interno \u00e8 disponibile in una variet\u00e0 di design e viene spedito in base alla disponibilit\u00e0.<\/div>\n<\/details>\n<details style='margin-bottom:10px; padding:10px; background:#f9f9f9; border-radius:5px;'>\n<summary style='font-weight:bold; cursor:pointer;'>Crea davvero un effetto mare?<\/summary>\n<div style='margin-top:10px; color:#555;'>S\u00ec, gli elementi mobili galleggianti nell&#8217;acqua creano un effetto visivo di mare.<\/div>\n<\/details>\n<details style='margin-bottom:10px; padding:10px; background:#f9f9f9; border-radius:5px;'>\n<summary style='font-weight:bold; cursor:pointer;'>\u00c8 adatto come souvenir di viaggio?<\/summary>\n<div style='margin-top:10px; color:#555;'>S\u00ec, \u00e8 destinato come souvenir di viaggio che dona un&#8217;atmosfera estiva e insulare.<\/div>\n<\/details>\n<\/div>\n","protected":false},"excerpt":{"rendered":"<p>Portapenne decorativo souvenir con acqua e elementi galleggianti mobili che creano un effetto mare. Ideale per ufficio o come ricordo di viaggio \u2014 spedizione in base alla disponibilit\u00e0 del design.<\/p>\n","protected":false},"featured_media":5141143,"comment_status":"closed","ping_status":"open","template":"","meta":[],"product_brand":[],"product_cat":[],"product_tag":[15],"class_list":{"0":"post-5309420","1":"product","2":"type-product","3":"status-publish","4":"has-post-thumbnail","6":"product_tag-uncategorized","8":"first","9":"onbackorder","10":"purchasable","11":"product-type-simple"},"jetpack_sharing_enabled":true,"_links":{"self":[{"href":"https:\/\/gadgettravellers.eu\/it\/wp-json\/wp\/v2\/product\/5309420","targetHints":{"allow":["GET"]}}],"collection":[{"href":"https:\/\/gadgettravellers.eu\/it\/wp-json\/wp\/v2\/product"}],"about":[{"href":"https:\/\/gadgettravellers.eu\/it\/wp-json\/wp\/v2\/types\/product"}],"replies":[{"embeddable":true,"href":"https:\/\/gadgettravellers.eu\/it\/wp-json\/wp\/v2\/comments?post=5309420"}],"wp:featuredmedia":[{"embeddable":true,"href":"https:\/\/gadgettravellers.eu\/it\/wp-json\/wp\/v2\/media\/5141143"}],"wp:attachment":[{"href":"https:\/\/gadgettravellers.eu\/it\/wp-json\/wp\/v2\/media?parent=5309420"}],"wp:term":[{"taxonomy":"product_brand","embeddable":true,"href":"https:\/\/gadgettravellers.eu\/it\/wp-json\/wp\/v2\/product_brand?post=5309420"},{"taxonomy":"product_cat","embeddable":true,"href":"https:\/\/gadgettravellers.eu\/it\/wp-json\/wp\/v2\/product_cat?post=5309420"},{"taxonomy":"product_tag","embeddable":true,"href":"https:\/\/gadgettravellers.eu\/it\/wp-json\/wp\/v2\/product_tag?post=5309420"}],"curies":[{"name":"wp","href":"https:\/\/api.w.org\/{rel}","templated":true}]}}