{"id":5309430,"date":"2026-01-19T13:10:24","date_gmt":"2026-01-19T11:10:24","guid":{"rendered":"https:\/\/gadgettravellers.eu\/shop\/portapenne-souvenir-decorativo-con-acqua-sy169a-507015\/"},"modified":"2026-04-10T21:28:18","modified_gmt":"2026-04-10T19:28:18","slug":"portapenne-souvenir-decorativo-con-acqua-sy169a-507015","status":"publish","type":"product","link":"https:\/\/gadgettravellers.eu\/it\/shop\/portapenne-souvenir-decorativo-con-acqua-sy169a-507015\/","title":{"rendered":"Portapenne souvenir decorativo con acqua &#8211; SY169A &#8211; 507015"},"content":{"rendered":"<p>Souvenir turistico con acqua ed effetto mare, con bellissimi ornamenti mobili che galleggiano all&#8217;interno. Ideale come ricordo di viaggio o come decorazione che conferir\u00e0 un&#8217;atmosfera estiva e insulare al vostro ambiente. \u00a0\u00a0 *L&#8217;interno \u00e8 disponibile in una variet\u00e0 di design &#8211; Spedizione in base alla disponibilit\u00e0.<\/p>\n","protected":false},"excerpt":{"rendered":"<p>Souvenir decorativo-portapenne con acqua ed elementi mobili che creano un effetto mare. Ideale per ufficio o come ricordo di viaggio \u2014 spedizione in base alla disponibilit\u00e0 del modello.<\/p>\n","protected":false},"featured_media":5141198,"comment_status":"closed","ping_status":"open","template":"","meta":[],"product_brand":[],"product_cat":[],"product_tag":[15],"class_list":{"0":"post-5309430","1":"product","2":"type-product","3":"status-publish","4":"has-post-thumbnail","6":"product_tag-uncategorized","8":"first","9":"onbackorder","10":"purchasable","11":"product-type-simple"},"jetpack_sharing_enabled":true,"_links":{"self":[{"href":"https:\/\/gadgettravellers.eu\/it\/wp-json\/wp\/v2\/product\/5309430","targetHints":{"allow":["GET"]}}],"collection":[{"href":"https:\/\/gadgettravellers.eu\/it\/wp-json\/wp\/v2\/product"}],"about":[{"href":"https:\/\/gadgettravellers.eu\/it\/wp-json\/wp\/v2\/types\/product"}],"replies":[{"embeddable":true,"href":"https:\/\/gadgettravellers.eu\/it\/wp-json\/wp\/v2\/comments?post=5309430"}],"wp:featuredmedia":[{"embeddable":true,"href":"https:\/\/gadgettravellers.eu\/it\/wp-json\/wp\/v2\/media\/5141198"}],"wp:attachment":[{"href":"https:\/\/gadgettravellers.eu\/it\/wp-json\/wp\/v2\/media?parent=5309430"}],"wp:term":[{"taxonomy":"product_brand","embeddable":true,"href":"https:\/\/gadgettravellers.eu\/it\/wp-json\/wp\/v2\/product_brand?post=5309430"},{"taxonomy":"product_cat","embeddable":true,"href":"https:\/\/gadgettravellers.eu\/it\/wp-json\/wp\/v2\/product_cat?post=5309430"},{"taxonomy":"product_tag","embeddable":true,"href":"https:\/\/gadgettravellers.eu\/it\/wp-json\/wp\/v2\/product_tag?post=5309430"}],"curies":[{"name":"wp","href":"https:\/\/api.w.org\/{rel}","templated":true}]}}