{"id":5309432,"date":"2026-01-19T13:10:26","date_gmt":"2026-01-19T11:10:26","guid":{"rendered":"https:\/\/gadgettravellers.eu\/shop\/portapenne-souvenir-decorativo-con-acqua-sy169b-507022\/"},"modified":"2026-04-09T21:36:58","modified_gmt":"2026-04-09T19:36:58","slug":"portapenne-souvenir-decorativo-con-acqua-sy169b-507022","status":"publish","type":"product","link":"https:\/\/gadgettravellers.eu\/it\/shop\/portapenne-souvenir-decorativo-con-acqua-sy169b-507022\/","title":{"rendered":"Portapenne souvenir decorativo con acqua &#8211; SY169B &#8211; 507022"},"content":{"rendered":"<p>Souvenir turistico con acqua ed effetto mare, con bellissimi ornamenti mobili che galleggiano all&#8217;interno. Ideale come ricordo di viaggio o come decorazione che conferir\u00e0 un&#8217;atmosfera estiva e insulare al tuo spazio. \u00a0\u00a0<\/p>\n<p>*L&#8217;interno \u00e8 disponibile in una variet\u00e0 di design e 2 colori &#8211; Spedizione in base alla disponibilit\u00e0.<\/p>\n","protected":false},"excerpt":{"rendered":"<p>Portapenne decorativo-souvenir con acqua e decorazioni mobili che galleggiano, offrendo una sensazione estiva da isola. Disponibile in una variet\u00e0 di design e 2 colori &#8211; spedizione secondo disponibilit\u00e0.<\/p>\n","protected":false},"featured_media":5141191,"comment_status":"closed","ping_status":"open","template":"","meta":[],"product_brand":[],"product_cat":[],"product_tag":[15],"class_list":{"0":"post-5309432","1":"product","2":"type-product","3":"status-publish","4":"has-post-thumbnail","6":"product_tag-uncategorized","8":"first","9":"onbackorder","10":"purchasable","11":"product-type-simple"},"jetpack_sharing_enabled":true,"_links":{"self":[{"href":"https:\/\/gadgettravellers.eu\/it\/wp-json\/wp\/v2\/product\/5309432","targetHints":{"allow":["GET"]}}],"collection":[{"href":"https:\/\/gadgettravellers.eu\/it\/wp-json\/wp\/v2\/product"}],"about":[{"href":"https:\/\/gadgettravellers.eu\/it\/wp-json\/wp\/v2\/types\/product"}],"replies":[{"embeddable":true,"href":"https:\/\/gadgettravellers.eu\/it\/wp-json\/wp\/v2\/comments?post=5309432"}],"wp:featuredmedia":[{"embeddable":true,"href":"https:\/\/gadgettravellers.eu\/it\/wp-json\/wp\/v2\/media\/5141191"}],"wp:attachment":[{"href":"https:\/\/gadgettravellers.eu\/it\/wp-json\/wp\/v2\/media?parent=5309432"}],"wp:term":[{"taxonomy":"product_brand","embeddable":true,"href":"https:\/\/gadgettravellers.eu\/it\/wp-json\/wp\/v2\/product_brand?post=5309432"},{"taxonomy":"product_cat","embeddable":true,"href":"https:\/\/gadgettravellers.eu\/it\/wp-json\/wp\/v2\/product_cat?post=5309432"},{"taxonomy":"product_tag","embeddable":true,"href":"https:\/\/gadgettravellers.eu\/it\/wp-json\/wp\/v2\/product_tag?post=5309432"}],"curies":[{"name":"wp","href":"https:\/\/api.w.org\/{rel}","templated":true}]}}