{"id":5309458,"date":"2026-01-19T13:10:39","date_gmt":"2026-01-19T11:10:39","guid":{"rendered":"https:\/\/gadgettravellers.eu\/shop\/lampade-xenon-d2s-35w-901151\/"},"modified":"2026-04-15T21:39:14","modified_gmt":"2026-04-15T19:39:14","slug":"lampade-xenon-d2s-35w-901151","status":"publish","type":"product","link":"https:\/\/gadgettravellers.eu\/it\/shop\/lampade-xenon-d2s-35w-901151\/","title":{"rendered":"Lampade XENON &#8211; D2S &#8211; 35W &#8211; 901151"},"content":{"rendered":"<p>Offrono fino al 50% di luminosit\u00e0 in pi\u00f9 rispetto alle lampade alogene standard, per una migliore visibilit\u00e0 sulla strada. Sono compatibili con la maggior parte dei veicoli dotati di fari xenon. <\/p>\n<p>&#8211; Xenon D2S<br \/>&#8211; 12V<br \/>&#8211; 35W<br \/>&#8211; Temperatura colore: 6000K<br \/>&#8211; Luminosit\u00e0 aumentata del 50%<br \/>&#8211; Universale &#8211; Compatibile con la maggior parte dei veicoli<\/p>\n","protected":false},"excerpt":{"rendered":"<p>Lampade Xenon D2S 35W (12V) 6000K con fino al 50% di luminosit\u00e0 in pi\u00f9 per una migliore visibilit\u00e0. Compatibilit\u00e0 universale con la maggior parte dei proiettori Xenon, facile installazione plug-and-play.<\/p>\n","protected":false},"featured_media":5141338,"comment_status":"closed","ping_status":"open","template":"","meta":[],"product_brand":[],"product_cat":[],"product_tag":[15],"class_list":{"0":"post-5309458","1":"product","2":"type-product","3":"status-publish","4":"has-post-thumbnail","6":"product_tag-uncategorized","8":"first","9":"onbackorder","10":"purchasable","11":"product-type-simple"},"jetpack_sharing_enabled":true,"_links":{"self":[{"href":"https:\/\/gadgettravellers.eu\/it\/wp-json\/wp\/v2\/product\/5309458","targetHints":{"allow":["GET"]}}],"collection":[{"href":"https:\/\/gadgettravellers.eu\/it\/wp-json\/wp\/v2\/product"}],"about":[{"href":"https:\/\/gadgettravellers.eu\/it\/wp-json\/wp\/v2\/types\/product"}],"replies":[{"embeddable":true,"href":"https:\/\/gadgettravellers.eu\/it\/wp-json\/wp\/v2\/comments?post=5309458"}],"wp:featuredmedia":[{"embeddable":true,"href":"https:\/\/gadgettravellers.eu\/it\/wp-json\/wp\/v2\/media\/5141338"}],"wp:attachment":[{"href":"https:\/\/gadgettravellers.eu\/it\/wp-json\/wp\/v2\/media?parent=5309458"}],"wp:term":[{"taxonomy":"product_brand","embeddable":true,"href":"https:\/\/gadgettravellers.eu\/it\/wp-json\/wp\/v2\/product_brand?post=5309458"},{"taxonomy":"product_cat","embeddable":true,"href":"https:\/\/gadgettravellers.eu\/it\/wp-json\/wp\/v2\/product_cat?post=5309458"},{"taxonomy":"product_tag","embeddable":true,"href":"https:\/\/gadgettravellers.eu\/it\/wp-json\/wp\/v2\/product_tag?post=5309458"}],"curies":[{"name":"wp","href":"https:\/\/api.w.org\/{rel}","templated":true}]}}