{"id":5309517,"date":"2026-01-19T13:11:17","date_gmt":"2026-01-19T11:11:17","guid":{"rendered":"https:\/\/gadgettravellers.eu\/shop\/cuscino-per-sedia-40x40cm-71872-blu-scuro\/"},"modified":"2026-03-09T23:25:10","modified_gmt":"2026-03-09T21:25:10","slug":"cuscino-per-sedia-40x40cm-71872-blu-scuro","status":"publish","type":"product","link":"https:\/\/gadgettravellers.eu\/it\/shop\/cuscino-per-sedia-40x40cm-71872-blu-scuro\/","title":{"rendered":"Cuscino per sedia &#8211; 40x40cm &#8211; 71872 &#8211; Blu scuro"},"content":{"rendered":"<p>Cuscino per sedia 40cm in tessuto di rivestimento di alta qualit\u00e0 con texture morbida e imbottitura sintetica ricca e molto resistente. Lavabile in lavatrice con programma per capi delicati.<\/p>\n<p>Dimensioni: 40 x 40 x 5cm.<\/p>\n<div class='aiseo-faq-section' style='margin-top:30px; border-top:1px solid #eee; padding-top:20px;'>\n<h3>Domande Frequenti<\/h3>\n<details style='margin-bottom:10px; padding:10px; background:#f9f9f9; border-radius:5px;'>\n<summary style='font-weight:bold; cursor:pointer;'>Quali sono le dimensioni del cuscino?<\/summary>\n<div style='margin-top:10px; color:#555;'>Le dimensioni sono 40 x 40 x 5 cm.<\/div>\n<\/details>\n<details style='margin-bottom:10px; padding:10px; background:#f9f9f9; border-radius:5px;'>\n<summary style='font-weight:bold; cursor:pointer;'>Di che materiale \u00e8 il tessuto esterno e l&#8217;imbottitura?<\/summary>\n<div style='margin-top:10px; color:#555;'>L&#8217;esterno \u00e8 in tessuto di rivestimento di alta qualit\u00e0 e l&#8217;imbottitura \u00e8 sintetica, ricca e molto resistente.<\/div>\n<\/details>\n<details style='margin-bottom:10px; padding:10px; background:#f9f9f9; border-radius:5px;'>\n<summary style='font-weight:bold; cursor:pointer;'>Il cuscino pu\u00f2 essere lavato in lavatrice?<\/summary>\n<div style='margin-top:10px; color:#555;'>S\u00ec, si pu\u00f2 lavare in lavatrice con un programma per capi delicati.<\/div>\n<\/details>\n<\/div>\n","protected":false},"excerpt":{"rendered":"<p>Cuscino per sedia 40x40x5cm con tessuto di rivestimento, texture morbida e imbottitura sintetica. Lavabile in programma per capi delicati.<\/p>\n","protected":false},"featured_media":5141682,"comment_status":"closed","ping_status":"open","template":"","meta":[],"product_brand":[],"product_cat":[],"product_tag":[15],"class_list":{"0":"post-5309517","1":"product","2":"type-product","3":"status-publish","4":"has-post-thumbnail","6":"product_tag-uncategorized","8":"first","9":"onbackorder","10":"purchasable","11":"product-type-simple"},"jetpack_sharing_enabled":true,"_links":{"self":[{"href":"https:\/\/gadgettravellers.eu\/it\/wp-json\/wp\/v2\/product\/5309517","targetHints":{"allow":["GET"]}}],"collection":[{"href":"https:\/\/gadgettravellers.eu\/it\/wp-json\/wp\/v2\/product"}],"about":[{"href":"https:\/\/gadgettravellers.eu\/it\/wp-json\/wp\/v2\/types\/product"}],"replies":[{"embeddable":true,"href":"https:\/\/gadgettravellers.eu\/it\/wp-json\/wp\/v2\/comments?post=5309517"}],"wp:featuredmedia":[{"embeddable":true,"href":"https:\/\/gadgettravellers.eu\/it\/wp-json\/wp\/v2\/media\/5141682"}],"wp:attachment":[{"href":"https:\/\/gadgettravellers.eu\/it\/wp-json\/wp\/v2\/media?parent=5309517"}],"wp:term":[{"taxonomy":"product_brand","embeddable":true,"href":"https:\/\/gadgettravellers.eu\/it\/wp-json\/wp\/v2\/product_brand?post=5309517"},{"taxonomy":"product_cat","embeddable":true,"href":"https:\/\/gadgettravellers.eu\/it\/wp-json\/wp\/v2\/product_cat?post=5309517"},{"taxonomy":"product_tag","embeddable":true,"href":"https:\/\/gadgettravellers.eu\/it\/wp-json\/wp\/v2\/product_tag?post=5309517"}],"curies":[{"name":"wp","href":"https:\/\/api.w.org\/{rel}","templated":true}]}}