{"id":5309522,"date":"2026-01-19T13:11:22","date_gmt":"2026-01-19T11:11:22","guid":{"rendered":"https:\/\/gadgettravellers.eu\/shop\/cuscino-per-sedia-40x40cm-71872-giallo\/"},"modified":"2026-04-13T01:55:42","modified_gmt":"2026-04-12T23:55:42","slug":"cuscino-per-sedia-40x40cm-71872-giallo","status":"publish","type":"product","link":"https:\/\/gadgettravellers.eu\/it\/shop\/cuscino-per-sedia-40x40cm-71872-giallo\/","title":{"rendered":"Cuscino per sedia &#8211; 40x40cm &#8211; 71872 &#8211; Giallo"},"content":{"rendered":"<p>Cuscino per sedia 40cm in tessuto di rivestimento di alta qualit\u00e0 con texture morbida e imbottitura sintetica ricca e molto resistente. Lavabile in lavatrice con programma per capi delicati.<\/p>\n<p>Dimensioni: 40 x 40 x 5cm.<\/p>\n<div class='aiseo-faq-section' style='margin-top:30px; border-top:1px solid #eee; padding-top:20px;'>\n<h3>Domande Frequenti<\/h3>\n<details style='margin-bottom:10px; padding:10px; background:#f9f9f9; border-radius:5px;'>\n<summary style='font-weight:bold; cursor:pointer;'>Quali sono le dimensioni del cuscino?<\/summary>\n<div style='margin-top:10px; color:#555;'>Dimensioni 40 x 40 x 5 cm.<\/div>\n<\/details>\n<details style='margin-bottom:10px; padding:10px; background:#f9f9f9; border-radius:5px;'>\n<summary style='font-weight:bold; cursor:pointer;'>Di che materiale sono la fodera e l&#8217;imbottitura?<\/summary>\n<div style='margin-top:10px; color:#555;'>La fodera \u00e8 un tessuto di alta qualit\u00e0 con una texture morbida e l&#8217;imbottitura \u00e8 sintetica, resistente.<\/div>\n<\/details>\n<details style='margin-bottom:10px; padding:10px; background:#f9f9f9; border-radius:5px;'>\n<summary style='font-weight:bold; cursor:pointer;'>Pu\u00f2 essere lavato in lavatrice?<\/summary>\n<div style='margin-top:10px; color:#555;'>S\u00ec, si pu\u00f2 lavare in lavatrice con un programma per capi delicati.<\/div>\n<\/details>\n<details style='margin-bottom:10px; padding:10px; background:#f9f9f9; border-radius:5px;'>\n<summary style='font-weight:bold; cursor:pointer;'>In quali ambienti si consiglia di utilizzarlo?<\/summary>\n<div style='margin-top:10px; color:#555;'>Ideale per sala da pranzo e uso quotidiano in ambienti interni.<\/div>\n<\/details>\n<\/div>\n","protected":false},"excerpt":{"rendered":"<p>Cuscino per sedia 40x40x5cm in giallo con rivestimento in tessuto di alta qualit\u00e0 e imbottitura sintetica resistente. Lavabile in lavatrice con programma delicato, ideale per sala da pranzo e uso quotidiano.<\/p>\n","protected":false},"featured_media":5141698,"comment_status":"closed","ping_status":"open","template":"","meta":[],"product_brand":[],"product_cat":[],"product_tag":[15],"class_list":{"0":"post-5309522","1":"product","2":"type-product","3":"status-publish","4":"has-post-thumbnail","6":"product_tag-uncategorized","8":"first","9":"onbackorder","10":"purchasable","11":"product-type-simple"},"jetpack_sharing_enabled":true,"_links":{"self":[{"href":"https:\/\/gadgettravellers.eu\/it\/wp-json\/wp\/v2\/product\/5309522","targetHints":{"allow":["GET"]}}],"collection":[{"href":"https:\/\/gadgettravellers.eu\/it\/wp-json\/wp\/v2\/product"}],"about":[{"href":"https:\/\/gadgettravellers.eu\/it\/wp-json\/wp\/v2\/types\/product"}],"replies":[{"embeddable":true,"href":"https:\/\/gadgettravellers.eu\/it\/wp-json\/wp\/v2\/comments?post=5309522"}],"wp:featuredmedia":[{"embeddable":true,"href":"https:\/\/gadgettravellers.eu\/it\/wp-json\/wp\/v2\/media\/5141698"}],"wp:attachment":[{"href":"https:\/\/gadgettravellers.eu\/it\/wp-json\/wp\/v2\/media?parent=5309522"}],"wp:term":[{"taxonomy":"product_brand","embeddable":true,"href":"https:\/\/gadgettravellers.eu\/it\/wp-json\/wp\/v2\/product_brand?post=5309522"},{"taxonomy":"product_cat","embeddable":true,"href":"https:\/\/gadgettravellers.eu\/it\/wp-json\/wp\/v2\/product_cat?post=5309522"},{"taxonomy":"product_tag","embeddable":true,"href":"https:\/\/gadgettravellers.eu\/it\/wp-json\/wp\/v2\/product_tag?post=5309522"}],"curies":[{"name":"wp","href":"https:\/\/api.w.org\/{rel}","templated":true}]}}