{"id":5309683,"date":"2026-01-19T13:13:13","date_gmt":"2026-01-19T11:13:13","guid":{"rendered":"https:\/\/gadgettravellers.eu\/shop\/proiettore-veicoli-led-r-d12101-04-110006\/"},"modified":"2026-04-13T01:56:45","modified_gmt":"2026-04-12T23:56:45","slug":"proiettore-veicoli-led-r-d12101-04-110006","status":"publish","type":"product","link":"https:\/\/gadgettravellers.eu\/it\/shop\/proiettore-veicoli-led-r-d12101-04-110006\/","title":{"rendered":"Proiettore veicoli LED &#8211; R-D12101-04 &#8211; 110006"},"content":{"rendered":"<p>Caratteristiche:<br \/>Potenza: 48W<br \/>Tensione di funzionamento: 10-30V<br \/>Flusso luminoso: 2000LM<br \/>Temperatura di colore: <span class=\"a-list-item\"><span class=\"a-size-base\">6000K<\/span><\/span><br \/>Impermeabilit\u00e0: IP65<br \/>Durata: >30.000 ore<br \/>Temperatura di esercizio: -40 &#8211; +90\u00b0C<br \/>Dimensioni: 15 x 4 x 3.8cm<br \/>Include base e strumenti di montaggio.<\/p>\n<div class='aiseo-faq-section' style='margin-top:30px; border-top:1px solid #eee; padding-top:20px;'>\n<h3>Domande Frequenti<\/h3>\n<details style='margin-bottom:10px; padding:10px; background:#f9f9f9; border-radius:5px;'>\n<summary style='font-weight:bold; cursor:pointer;'>Qual \u00e8 la potenza e la luminosit\u00e0 del proiettore?<\/summary>\n<div style='margin-top:10px; color:#555;'>La potenza \u00e8 di 48W e la luminosit\u00e0 \u00e8 di circa 2000 lm.<\/div>\n<\/details>\n<details style='margin-bottom:10px; padding:10px; background:#f9f9f9; border-radius:5px;'>\n<summary style='font-weight:bold; cursor:pointer;'>In quale intervallo di tensione funziona?<\/summary>\n<div style='margin-top:10px; color:#555;'>Funziona a 10\u201330V.<\/div>\n<\/details>\n<details style='margin-bottom:10px; padding:10px; background:#f9f9f9; border-radius:5px;'>\n<summary style='font-weight:bold; cursor:pointer;'>Ha protezione contro acqua e polvere?<\/summary>\n<div style='margin-top:10px; color:#555;'>S\u00ec, ha un grado di protezione IP65.<\/div>\n<\/details>\n<details style='margin-bottom:10px; padding:10px; background:#f9f9f9; border-radius:5px;'>\n<summary style='font-weight:bold; cursor:pointer;'>\u00c8 inclusa la base di montaggio e gli strumenti?<\/summary>\n<div style='margin-top:10px; color:#555;'>S\u00ec, sono inclusi la base e gli strumenti di montaggio.<\/div>\n<\/details>\n<\/div>\n","protected":false},"excerpt":{"rendered":"<p>Faro veicolare LED 48W con 2000 lm e temperatura colore 6000K. Resistente IP65, funziona a 10\u201330V, durata >30000 ore. Include supporto di montaggio.<\/p>\n","protected":false},"featured_media":5142707,"comment_status":"closed","ping_status":"open","template":"","meta":[],"product_brand":[],"product_cat":[],"product_tag":[15],"class_list":{"0":"post-5309683","1":"product","2":"type-product","3":"status-publish","4":"has-post-thumbnail","6":"product_tag-uncategorized","8":"first","9":"onbackorder","10":"purchasable","11":"product-type-simple"},"jetpack_sharing_enabled":true,"_links":{"self":[{"href":"https:\/\/gadgettravellers.eu\/it\/wp-json\/wp\/v2\/product\/5309683","targetHints":{"allow":["GET"]}}],"collection":[{"href":"https:\/\/gadgettravellers.eu\/it\/wp-json\/wp\/v2\/product"}],"about":[{"href":"https:\/\/gadgettravellers.eu\/it\/wp-json\/wp\/v2\/types\/product"}],"replies":[{"embeddable":true,"href":"https:\/\/gadgettravellers.eu\/it\/wp-json\/wp\/v2\/comments?post=5309683"}],"wp:featuredmedia":[{"embeddable":true,"href":"https:\/\/gadgettravellers.eu\/it\/wp-json\/wp\/v2\/media\/5142707"}],"wp:attachment":[{"href":"https:\/\/gadgettravellers.eu\/it\/wp-json\/wp\/v2\/media?parent=5309683"}],"wp:term":[{"taxonomy":"product_brand","embeddable":true,"href":"https:\/\/gadgettravellers.eu\/it\/wp-json\/wp\/v2\/product_brand?post=5309683"},{"taxonomy":"product_cat","embeddable":true,"href":"https:\/\/gadgettravellers.eu\/it\/wp-json\/wp\/v2\/product_cat?post=5309683"},{"taxonomy":"product_tag","embeddable":true,"href":"https:\/\/gadgettravellers.eu\/it\/wp-json\/wp\/v2\/product_tag?post=5309683"}],"curies":[{"name":"wp","href":"https:\/\/api.w.org\/{rel}","templated":true}]}}