{"id":5309754,"date":"2026-01-19T13:14:03","date_gmt":"2026-01-19T11:14:03","guid":{"rendered":"https:\/\/gadgettravellers.eu\/shop\/peluche-gorilla-35cm-660112\/"},"modified":"2026-04-13T01:57:17","modified_gmt":"2026-04-12T23:57:17","slug":"peluche-gorilla-35cm-660112","status":"publish","type":"product","link":"https:\/\/gadgettravellers.eu\/it\/shop\/peluche-gorilla-35cm-660112\/","title":{"rendered":"Peluche Gorilla &#8211; 35cm &#8211; 660112"},"content":{"rendered":"<p>Pupazzo di peluche per bambini con rivestimento morbido e ipoallergenico, completamente amico della pelle. Un giocattolo che ogni bambino adorer\u00e0 e che diventer\u00e0 il suo amico preferito che lo accompagner\u00e0 ovunque!<\/p>\n<p><strong>*Disponibile nei colori: Rosa, Blu, Nero &#8211;<\/strong><br \/>Indicate il colore preferito nelle note dell&#8217;ordine &#8211; Spedizione soggetta a disponibilit\u00e0.<\/p>\n<div class='aiseo-faq-section' style='margin-top:30px; border-top:1px solid #eee; padding-top:20px;'>\n<h3>Domande Frequenti<\/h3>\n<details style='margin-bottom:10px; padding:10px; background:#f9f9f9; border-radius:5px;'>\n<summary style='font-weight:bold; cursor:pointer;'>Quali sono i colori disponibili?<\/summary>\n<div style='margin-top:10px; color:#555;'>Disponibile in rosa, blu e nero \u2014 indicare la preferenza nelle note dell&#8217;ordine e la spedizione avverr\u00e0 in base alla disponibilit\u00e0.<\/div>\n<\/details>\n<details style='margin-bottom:10px; padding:10px; background:#f9f9f9; border-radius:5px;'>\n<summary style='font-weight:bold; cursor:pointer;'>Di che materiale \u00e8 la fodera?<\/summary>\n<div style='margin-top:10px; color:#555;'>L&#8217;imbottitura \u00e8 morbida e ipoallergenica, completamente amica della pelle.<\/div>\n<\/details>\n<details style='margin-bottom:10px; padding:10px; background:#f9f9f9; border-radius:5px;'>\n<summary style='font-weight:bold; cursor:pointer;'>Qual \u00e8 la dimensione del pupazzo?<\/summary>\n<div style='margin-top:10px; color:#555;'>Il peluche ha un&#8217;altezza di 35 cm.<\/div>\n<\/details>\n<details style='margin-bottom:10px; padding:10px; background:#f9f9f9; border-radius:5px;'>\n<summary style='font-weight:bold; cursor:pointer;'>\u00c8 adatto per pelli sensibili?<\/summary>\n<div style='margin-top:10px; color:#555;'>S\u00ec, la fodera ipoallergenica lo rende adatto alla pelle dei bambini.<\/div>\n<\/details>\n<\/div>\n","protected":false},"excerpt":{"rendered":"<p>Morbido peluche gorilla di 35 cm con rivestimento ipoallergenico, delicato sulla pelle. Disponibile in rosa, blu e nero \u2014 indicare il colore nell&#8217;ordine.<\/p>\n","protected":false},"featured_media":5143098,"comment_status":"closed","ping_status":"open","template":"","meta":[],"product_brand":[],"product_cat":[],"product_tag":[15],"class_list":{"0":"post-5309754","1":"product","2":"type-product","3":"status-publish","4":"has-post-thumbnail","6":"product_tag-uncategorized","8":"first","9":"onbackorder","10":"purchasable","11":"product-type-simple"},"jetpack_sharing_enabled":true,"_links":{"self":[{"href":"https:\/\/gadgettravellers.eu\/it\/wp-json\/wp\/v2\/product\/5309754","targetHints":{"allow":["GET"]}}],"collection":[{"href":"https:\/\/gadgettravellers.eu\/it\/wp-json\/wp\/v2\/product"}],"about":[{"href":"https:\/\/gadgettravellers.eu\/it\/wp-json\/wp\/v2\/types\/product"}],"replies":[{"embeddable":true,"href":"https:\/\/gadgettravellers.eu\/it\/wp-json\/wp\/v2\/comments?post=5309754"}],"wp:featuredmedia":[{"embeddable":true,"href":"https:\/\/gadgettravellers.eu\/it\/wp-json\/wp\/v2\/media\/5143098"}],"wp:attachment":[{"href":"https:\/\/gadgettravellers.eu\/it\/wp-json\/wp\/v2\/media?parent=5309754"}],"wp:term":[{"taxonomy":"product_brand","embeddable":true,"href":"https:\/\/gadgettravellers.eu\/it\/wp-json\/wp\/v2\/product_brand?post=5309754"},{"taxonomy":"product_cat","embeddable":true,"href":"https:\/\/gadgettravellers.eu\/it\/wp-json\/wp\/v2\/product_cat?post=5309754"},{"taxonomy":"product_tag","embeddable":true,"href":"https:\/\/gadgettravellers.eu\/it\/wp-json\/wp\/v2\/product_tag?post=5309754"}],"curies":[{"name":"wp","href":"https:\/\/api.w.org\/{rel}","templated":true}]}}