{"id":5309758,"date":"2026-01-19T13:14:06","date_gmt":"2026-01-19T11:14:06","guid":{"rendered":"https:\/\/gadgettravellers.eu\/shop\/peluche-orsetto-40cm-833843\/"},"modified":"2026-04-13T01:57:19","modified_gmt":"2026-04-12T23:57:19","slug":"peluche-orsetto-40cm-833843","status":"publish","type":"product","link":"https:\/\/gadgettravellers.eu\/it\/shop\/peluche-orsetto-40cm-833843\/","title":{"rendered":"Peluche Orsetto &#8211; 40cm &#8211; 833843"},"content":{"rendered":"<p>Pupazzo di peluche per bambini con rivestimento morbido e ipoallergenico, completamente amico della pelle. Un gioco che ogni bambino adorer\u00e0 e che diventer\u00e0 il suo amico preferito che lo accompagner\u00e0 ovunque!<\/p>\n<p><strong>*Disponibile nei colori: Rosa, Azzurro, Viola &#8211;<\/strong><br \/>Indicate il colore preferito nelle note dell&#8217;ordine &#8211; Spedizione soggetta a disponibilit\u00e0.<\/p>\n<div class='aiseo-faq-section' style='margin-top:30px; border-top:1px solid #eee; padding-top:20px;'>\n<h3>Domande Frequenti<\/h3>\n<details style='margin-bottom:10px; padding:10px; background:#f9f9f9; border-radius:5px;'>\n<summary style='font-weight:bold; cursor:pointer;'>L&#8217;orsacchiotto \u00e8 ipoallergenico?<\/summary>\n<div style='margin-top:10px; color:#555;'>S\u00ec, ha un rivestimento ipoallergenico ed \u00e8 delicato sulla pelle.<\/div>\n<\/details>\n<details style='margin-bottom:10px; padding:10px; background:#f9f9f9; border-radius:5px;'>\n<summary style='font-weight:bold; cursor:pointer;'>Qual \u00e8 la dimensione del peluche?<\/summary>\n<div style='margin-top:10px; color:#555;'>L&#8217;orsacchiotto \u00e8 alto 40 cm.<\/div>\n<\/details>\n<details style='margin-bottom:10px; padding:10px; background:#f9f9f9; border-radius:5px;'>\n<summary style='font-weight:bold; cursor:pointer;'>In quali colori \u00e8 disponibile?<\/summary>\n<div style='margin-top:10px; color:#555;'>Disponibile in rosa, azzurro e viola \u2014 indicare il colore desiderato nelle note dell&#8217;ordine.<\/div>\n<\/details>\n<details style='margin-bottom:10px; padding:10px; background:#f9f9f9; border-radius:5px;'>\n<summary style='font-weight:bold; cursor:pointer;'>\u00c8 adatto come gioco per bambini?<\/summary>\n<div style='margin-top:10px; color:#555;'>S\u00ec, si tratta di un pupazzo di peluche progettato per diventare un compagno amichevole per il bambino.<\/div>\n<\/details>\n<\/div>\n","protected":false},"excerpt":{"rendered":"<p>Orsetto di peluche morbido 40cm con rivestimento ipoallergenico, delicato sulla pelle. Disponibile in rosa, azzurro e viola \u2014 indicare il colore nell&#8217;ordine.<\/p>\n","protected":false},"featured_media":5143119,"comment_status":"closed","ping_status":"open","template":"","meta":[],"product_brand":[],"product_cat":[],"product_tag":[15],"class_list":{"0":"post-5309758","1":"product","2":"type-product","3":"status-publish","4":"has-post-thumbnail","6":"product_tag-uncategorized","8":"first","9":"onbackorder","10":"purchasable","11":"product-type-simple"},"jetpack_sharing_enabled":true,"_links":{"self":[{"href":"https:\/\/gadgettravellers.eu\/it\/wp-json\/wp\/v2\/product\/5309758","targetHints":{"allow":["GET"]}}],"collection":[{"href":"https:\/\/gadgettravellers.eu\/it\/wp-json\/wp\/v2\/product"}],"about":[{"href":"https:\/\/gadgettravellers.eu\/it\/wp-json\/wp\/v2\/types\/product"}],"replies":[{"embeddable":true,"href":"https:\/\/gadgettravellers.eu\/it\/wp-json\/wp\/v2\/comments?post=5309758"}],"wp:featuredmedia":[{"embeddable":true,"href":"https:\/\/gadgettravellers.eu\/it\/wp-json\/wp\/v2\/media\/5143119"}],"wp:attachment":[{"href":"https:\/\/gadgettravellers.eu\/it\/wp-json\/wp\/v2\/media?parent=5309758"}],"wp:term":[{"taxonomy":"product_brand","embeddable":true,"href":"https:\/\/gadgettravellers.eu\/it\/wp-json\/wp\/v2\/product_brand?post=5309758"},{"taxonomy":"product_cat","embeddable":true,"href":"https:\/\/gadgettravellers.eu\/it\/wp-json\/wp\/v2\/product_cat?post=5309758"},{"taxonomy":"product_tag","embeddable":true,"href":"https:\/\/gadgettravellers.eu\/it\/wp-json\/wp\/v2\/product_tag?post=5309758"}],"curies":[{"name":"wp","href":"https:\/\/api.w.org\/{rel}","templated":true}]}}