{"id":5309760,"date":"2026-01-19T13:14:08","date_gmt":"2026-01-19T11:14:08","guid":{"rendered":"https:\/\/gadgettravellers.eu\/shop\/pupazzo-di-peluche-rana-45cm-833829-verde\/"},"modified":"2026-04-15T21:40:35","modified_gmt":"2026-04-15T19:40:35","slug":"pupazzo-di-peluche-rana-45cm-833829-verde","status":"publish","type":"product","link":"https:\/\/gadgettravellers.eu\/it\/shop\/pupazzo-di-peluche-rana-45cm-833829-verde\/","title":{"rendered":"Pupazzo di peluche Rana &#8211; 45cm &#8211; 833829 &#8211; Verde"},"content":{"rendered":"<p>Pupazzo di peluche per bambini con rivestimento morbido e ipoallergenico, completamente amico della pelle. Un gioco che ogni bambino adorer\u00e0 e che diventer\u00e0 il suo amico preferito che lo accompagner\u00e0 ovunque!<\/p>\n","protected":false},"excerpt":{"rendered":"<p>Morbido pupazzo di peluche rana 45cm con rivestimento ipoallergenico, amico della pelle e resistente al gioco. Ideale per coccole e come regalo per bambini.<\/p>\n","protected":false},"featured_media":5143130,"comment_status":"closed","ping_status":"open","template":"","meta":[],"product_brand":[],"product_cat":[],"product_tag":[15],"class_list":{"0":"post-5309760","1":"product","2":"type-product","3":"status-publish","4":"has-post-thumbnail","6":"product_tag-uncategorized","8":"first","9":"onbackorder","10":"purchasable","11":"product-type-simple"},"jetpack_sharing_enabled":true,"_links":{"self":[{"href":"https:\/\/gadgettravellers.eu\/it\/wp-json\/wp\/v2\/product\/5309760","targetHints":{"allow":["GET"]}}],"collection":[{"href":"https:\/\/gadgettravellers.eu\/it\/wp-json\/wp\/v2\/product"}],"about":[{"href":"https:\/\/gadgettravellers.eu\/it\/wp-json\/wp\/v2\/types\/product"}],"replies":[{"embeddable":true,"href":"https:\/\/gadgettravellers.eu\/it\/wp-json\/wp\/v2\/comments?post=5309760"}],"wp:featuredmedia":[{"embeddable":true,"href":"https:\/\/gadgettravellers.eu\/it\/wp-json\/wp\/v2\/media\/5143130"}],"wp:attachment":[{"href":"https:\/\/gadgettravellers.eu\/it\/wp-json\/wp\/v2\/media?parent=5309760"}],"wp:term":[{"taxonomy":"product_brand","embeddable":true,"href":"https:\/\/gadgettravellers.eu\/it\/wp-json\/wp\/v2\/product_brand?post=5309760"},{"taxonomy":"product_cat","embeddable":true,"href":"https:\/\/gadgettravellers.eu\/it\/wp-json\/wp\/v2\/product_cat?post=5309760"},{"taxonomy":"product_tag","embeddable":true,"href":"https:\/\/gadgettravellers.eu\/it\/wp-json\/wp\/v2\/product_tag?post=5309760"}],"curies":[{"name":"wp","href":"https:\/\/api.w.org\/{rel}","templated":true}]}}