{"id":5309782,"date":"2026-01-19T13:14:20","date_gmt":"2026-01-19T11:14:20","guid":{"rendered":"https:\/\/gadgettravellers.eu\/shop\/bambola-di-peluche-25cm-660297\/"},"modified":"2026-04-15T21:40:43","modified_gmt":"2026-04-15T19:40:43","slug":"bambola-di-peluche-25cm-660297","status":"publish","type":"product","link":"https:\/\/gadgettravellers.eu\/it\/shop\/bambola-di-peluche-25cm-660297\/","title":{"rendered":"Bambola di peluche &#8211; 25cm &#8211; 660297"},"content":{"rendered":"<p>Pupazzo di peluche per bambini con rivestimento morbido e ipoallergenico, completamente amico della pelle. Un giocattolo che ogni bambino adorer\u00e0 e che diventer\u00e0 il suo amico preferito che lo accompagner\u00e0 ovunque!<\/p>\n<p>*Disponibile in una variet\u00e0 di colori &#8211; Spedizione del colore in base alla disponibilit\u00e0. <\/p>\n","protected":false},"excerpt":{"rendered":"<p>Pupazzo di peluche 25cm con rivestimento morbido e ipoallergenico, delicato sulla pelle. Disponibile in una variet\u00e0 di colori \u2014 ideale per coccole e come regalo per bambini.<\/p>\n","protected":false},"featured_media":5143272,"comment_status":"closed","ping_status":"open","template":"","meta":[],"product_brand":[],"product_cat":[],"product_tag":[15],"class_list":{"0":"post-5309782","1":"product","2":"type-product","3":"status-publish","4":"has-post-thumbnail","6":"product_tag-uncategorized","8":"first","9":"onbackorder","10":"purchasable","11":"product-type-simple"},"jetpack_sharing_enabled":true,"_links":{"self":[{"href":"https:\/\/gadgettravellers.eu\/it\/wp-json\/wp\/v2\/product\/5309782","targetHints":{"allow":["GET"]}}],"collection":[{"href":"https:\/\/gadgettravellers.eu\/it\/wp-json\/wp\/v2\/product"}],"about":[{"href":"https:\/\/gadgettravellers.eu\/it\/wp-json\/wp\/v2\/types\/product"}],"replies":[{"embeddable":true,"href":"https:\/\/gadgettravellers.eu\/it\/wp-json\/wp\/v2\/comments?post=5309782"}],"wp:featuredmedia":[{"embeddable":true,"href":"https:\/\/gadgettravellers.eu\/it\/wp-json\/wp\/v2\/media\/5143272"}],"wp:attachment":[{"href":"https:\/\/gadgettravellers.eu\/it\/wp-json\/wp\/v2\/media?parent=5309782"}],"wp:term":[{"taxonomy":"product_brand","embeddable":true,"href":"https:\/\/gadgettravellers.eu\/it\/wp-json\/wp\/v2\/product_brand?post=5309782"},{"taxonomy":"product_cat","embeddable":true,"href":"https:\/\/gadgettravellers.eu\/it\/wp-json\/wp\/v2\/product_cat?post=5309782"},{"taxonomy":"product_tag","embeddable":true,"href":"https:\/\/gadgettravellers.eu\/it\/wp-json\/wp\/v2\/product_tag?post=5309782"}],"curies":[{"name":"wp","href":"https:\/\/api.w.org\/{rel}","templated":true}]}}