{"id":5309787,"date":"2026-01-19T13:14:23","date_gmt":"2026-01-19T11:14:23","guid":{"rendered":"https:\/\/gadgettravellers.eu\/shop\/peluche-orsetto-25cm-566038\/"},"modified":"2026-04-15T21:40:45","modified_gmt":"2026-04-15T19:40:45","slug":"peluche-orsetto-25cm-566038","status":"publish","type":"product","link":"https:\/\/gadgettravellers.eu\/it\/shop\/peluche-orsetto-25cm-566038\/","title":{"rendered":"Peluche Orsetto &#8211; 25cm &#8211; 566038"},"content":{"rendered":"<p>Pupazzo di peluche per bambini con rivestimento morbido e ipoallergenico, completamente amico della pelle. Un gioco che ogni bambino adorer\u00e0 e che diventer\u00e0 il suo amico preferito che lo accompagner\u00e0 ovunque!<\/p>\n","protected":false},"excerpt":{"rendered":"<p>Morbido orsacchiotto di peluche 25cm con rivestimento ipoallergenico, completamente amico della pelle. Ideale per i bambini come giocattolo-amico e come regalo da accompagnare quotidianamente.<\/p>\n","protected":false},"featured_media":5143321,"comment_status":"closed","ping_status":"open","template":"","meta":[],"product_brand":[],"product_cat":[],"product_tag":[15],"class_list":{"0":"post-5309787","1":"product","2":"type-product","3":"status-publish","4":"has-post-thumbnail","6":"product_tag-uncategorized","8":"first","9":"onbackorder","10":"purchasable","11":"product-type-simple"},"jetpack_sharing_enabled":true,"_links":{"self":[{"href":"https:\/\/gadgettravellers.eu\/it\/wp-json\/wp\/v2\/product\/5309787","targetHints":{"allow":["GET"]}}],"collection":[{"href":"https:\/\/gadgettravellers.eu\/it\/wp-json\/wp\/v2\/product"}],"about":[{"href":"https:\/\/gadgettravellers.eu\/it\/wp-json\/wp\/v2\/types\/product"}],"replies":[{"embeddable":true,"href":"https:\/\/gadgettravellers.eu\/it\/wp-json\/wp\/v2\/comments?post=5309787"}],"wp:featuredmedia":[{"embeddable":true,"href":"https:\/\/gadgettravellers.eu\/it\/wp-json\/wp\/v2\/media\/5143321"}],"wp:attachment":[{"href":"https:\/\/gadgettravellers.eu\/it\/wp-json\/wp\/v2\/media?parent=5309787"}],"wp:term":[{"taxonomy":"product_brand","embeddable":true,"href":"https:\/\/gadgettravellers.eu\/it\/wp-json\/wp\/v2\/product_brand?post=5309787"},{"taxonomy":"product_cat","embeddable":true,"href":"https:\/\/gadgettravellers.eu\/it\/wp-json\/wp\/v2\/product_cat?post=5309787"},{"taxonomy":"product_tag","embeddable":true,"href":"https:\/\/gadgettravellers.eu\/it\/wp-json\/wp\/v2\/product_tag?post=5309787"}],"curies":[{"name":"wp","href":"https:\/\/api.w.org\/{rel}","templated":true}]}}