{"id":5309789,"date":"2026-01-19T13:14:23","date_gmt":"2026-01-19T11:14:23","guid":{"rendered":"https:\/\/gadgettravellers.eu\/shop\/peluche-chick-25cm-660082\/"},"modified":"2026-04-15T21:40:45","modified_gmt":"2026-04-15T19:40:45","slug":"peluche-chick-25cm-660082","status":"publish","type":"product","link":"https:\/\/gadgettravellers.eu\/it\/shop\/peluche-chick-25cm-660082\/","title":{"rendered":"Peluche Chick &#8211; 25cm &#8211; 660082"},"content":{"rendered":"<p>Peluche per bambini con rivestimento morbido e ipoallergenico, completamente amico della pelle. Un giocattolo che ogni bambino adorer\u00e0 e che diventer\u00e0 il suo amico preferito che lo accompagner\u00e0 ovunque!<\/p>\n<p><strong>*Disponibile nei colori: giallo, bianco &#8211;<\/strong><br \/>Indicate il colore preferito nelle note dell&#8217;ordine &#8211; Spedizione soggetta a disponibilit\u00e0.<\/p>\n","protected":false},"excerpt":{"rendered":"<p>Morbido peluche di 25 cm con rivestimento ipoallergenico e dermatologicamente testato. Disponibile in giallo e bianco \u2014 indicare il colore nelle note dell&#8217;ordine.<\/p>\n","protected":false},"featured_media":5143293,"comment_status":"closed","ping_status":"open","template":"","meta":[],"product_brand":[],"product_cat":[],"product_tag":[15],"class_list":{"0":"post-5309789","1":"product","2":"type-product","3":"status-publish","4":"has-post-thumbnail","6":"product_tag-uncategorized","8":"first","9":"onbackorder","10":"purchasable","11":"product-type-simple"},"jetpack_sharing_enabled":true,"_links":{"self":[{"href":"https:\/\/gadgettravellers.eu\/it\/wp-json\/wp\/v2\/product\/5309789","targetHints":{"allow":["GET"]}}],"collection":[{"href":"https:\/\/gadgettravellers.eu\/it\/wp-json\/wp\/v2\/product"}],"about":[{"href":"https:\/\/gadgettravellers.eu\/it\/wp-json\/wp\/v2\/types\/product"}],"replies":[{"embeddable":true,"href":"https:\/\/gadgettravellers.eu\/it\/wp-json\/wp\/v2\/comments?post=5309789"}],"wp:featuredmedia":[{"embeddable":true,"href":"https:\/\/gadgettravellers.eu\/it\/wp-json\/wp\/v2\/media\/5143293"}],"wp:attachment":[{"href":"https:\/\/gadgettravellers.eu\/it\/wp-json\/wp\/v2\/media?parent=5309789"}],"wp:term":[{"taxonomy":"product_brand","embeddable":true,"href":"https:\/\/gadgettravellers.eu\/it\/wp-json\/wp\/v2\/product_brand?post=5309789"},{"taxonomy":"product_cat","embeddable":true,"href":"https:\/\/gadgettravellers.eu\/it\/wp-json\/wp\/v2\/product_cat?post=5309789"},{"taxonomy":"product_tag","embeddable":true,"href":"https:\/\/gadgettravellers.eu\/it\/wp-json\/wp\/v2\/product_tag?post=5309789"}],"curies":[{"name":"wp","href":"https:\/\/api.w.org\/{rel}","templated":true}]}}