{"id":5309891,"date":"2026-01-19T13:15:28","date_gmt":"2026-01-19T11:15:28","guid":{"rendered":"https:\/\/gadgettravellers.eu\/shop\/multipresa-6-posti-con-interruttore-schuko-st-gb06s-5m-061150\/"},"modified":"2026-04-13T01:58:17","modified_gmt":"2026-04-12T23:58:17","slug":"multipresa-6-posti-con-interruttore-schuko-st-gb06s-5m-061150","status":"publish","type":"product","link":"https:\/\/gadgettravellers.eu\/it\/shop\/multipresa-6-posti-con-interruttore-schuko-st-gb06s-5m-061150\/","title":{"rendered":"Multipresa 6 posti con interruttore &#8211; Schuko &#8211; ST-GB06S &#8211; 5m &#8211; 061150"},"content":{"rendered":"<p>Multipresa shuko a 6 posti con interruttore e cavo lungo 1,5 m, bianco.<\/p>\n<div class='aiseo-faq-section' style='margin-top:30px; border-top:1px solid #eee; padding-top:20px;'>\n<h3>Domande Frequenti<\/h3>\n<details style='margin-bottom:10px; padding:10px; background:#f9f9f9; border-radius:5px;'>\n<summary style='font-weight:bold; cursor:pointer;'>Quante prese ha la ciabatta?<\/summary>\n<div style='margin-top:10px; color:#555;'>Ha 6 posti secondo la descrizione.<\/div>\n<\/details>\n<details style='margin-bottom:10px; padding:10px; background:#f9f9f9; border-radius:5px;'>\n<summary style='font-weight:bold; cursor:pointer;'>Qual \u00e8 la lunghezza del cavo?<\/summary>\n<div style='margin-top:10px; color:#555;'>Il cavo ha una lunghezza di 1,5 metri come indicato nella descrizione.<\/div>\n<\/details>\n<details style='margin-bottom:10px; padding:10px; background:#f9f9f9; border-radius:5px;'>\n<summary style='font-weight:bold; cursor:pointer;'>Ha un interruttore?<\/summary>\n<div style='margin-top:10px; color:#555;'>S\u00ec, dispone di un interruttore integrato per il controllo dell&#8217;alimentazione.<\/div>\n<\/details>\n<details style='margin-bottom:10px; padding:10px; background:#f9f9f9; border-radius:5px;'>\n<summary style='font-weight:bold; cursor:pointer;'>\u00c8 adatto per uso domestico o professionale?<\/summary>\n<div style='margin-top:10px; color:#555;'>S\u00ec, \u00e8 ideale per uso domestico e d&#8217;ufficio ed \u00e8 destinato all&#8217;uso interno.<\/div>\n<\/details>\n<\/div>\n","protected":false},"excerpt":{"rendered":"<p>Multipresa a 6 posti con interruttore integrato e spina Schuko, ideale per uso domestico o d&#8217;ufficio. Dispone di cavo integrato e connessione a terra per un&#8217;alimentazione sicura.<\/p>\n","protected":false},"featured_media":5088403,"comment_status":"closed","ping_status":"open","template":"","meta":[],"product_brand":[],"product_cat":[],"product_tag":[15],"class_list":{"0":"post-5309891","1":"product","2":"type-product","3":"status-publish","4":"has-post-thumbnail","6":"product_tag-uncategorized","8":"first","9":"onbackorder","10":"purchasable","11":"product-type-simple"},"jetpack_sharing_enabled":true,"_links":{"self":[{"href":"https:\/\/gadgettravellers.eu\/it\/wp-json\/wp\/v2\/product\/5309891","targetHints":{"allow":["GET"]}}],"collection":[{"href":"https:\/\/gadgettravellers.eu\/it\/wp-json\/wp\/v2\/product"}],"about":[{"href":"https:\/\/gadgettravellers.eu\/it\/wp-json\/wp\/v2\/types\/product"}],"replies":[{"embeddable":true,"href":"https:\/\/gadgettravellers.eu\/it\/wp-json\/wp\/v2\/comments?post=5309891"}],"wp:featuredmedia":[{"embeddable":true,"href":"https:\/\/gadgettravellers.eu\/it\/wp-json\/wp\/v2\/media\/5088403"}],"wp:attachment":[{"href":"https:\/\/gadgettravellers.eu\/it\/wp-json\/wp\/v2\/media?parent=5309891"}],"wp:term":[{"taxonomy":"product_brand","embeddable":true,"href":"https:\/\/gadgettravellers.eu\/it\/wp-json\/wp\/v2\/product_brand?post=5309891"},{"taxonomy":"product_cat","embeddable":true,"href":"https:\/\/gadgettravellers.eu\/it\/wp-json\/wp\/v2\/product_cat?post=5309891"},{"taxonomy":"product_tag","embeddable":true,"href":"https:\/\/gadgettravellers.eu\/it\/wp-json\/wp\/v2\/product_tag?post=5309891"}],"curies":[{"name":"wp","href":"https:\/\/api.w.org\/{rel}","templated":true}]}}