{"id":5309988,"date":"2026-01-19T13:16:37","date_gmt":"2026-01-19T11:16:37","guid":{"rendered":"https:\/\/gadgettravellers.eu\/shop\/lampada-led-60w-6500k-431996\/"},"modified":"2026-04-13T01:59:00","modified_gmt":"2026-04-12T23:59:00","slug":"lampada-led-60w-6500k-431996","status":"publish","type":"product","link":"https:\/\/gadgettravellers.eu\/it\/shop\/lampada-led-60w-6500k-431996\/","title":{"rendered":"Lampada LED &#8211; 60W &#8211; 6500K &#8211; 431996"},"content":{"rendered":"<p>Grande lampada a LED a risparmio energetico. <br \/>Attacco E27. <br \/>Potenza: 60W. <br \/>Temperatura di colore: Bianco 6500K.<\/p>\n<div class='aiseo-faq-section' style='margin-top:30px; border-top:1px solid #eee; padding-top:20px;'>\n<h3>Domande Frequenti<\/h3>\n<details style='margin-bottom:10px; padding:10px; background:#f9f9f9; border-radius:5px;'>\n<summary style='font-weight:bold; cursor:pointer;'>Che tipo di base ha la lampada?<\/summary>\n<div style='margin-top:10px; color:#555;'>Ha filettatura\/base E27.<\/div>\n<\/details>\n<details style='margin-bottom:10px; padding:10px; background:#f9f9f9; border-radius:5px;'>\n<summary style='font-weight:bold; cursor:pointer;'>Cos&#8217;\u00e8 la temperatura del colore?<\/summary>\n<div style='margin-top:10px; color:#555;'>La temperatura di colore \u00e8 6500K (bianco freddo).<\/div>\n<\/details>\n<details style='margin-bottom:10px; padding:10px; background:#f9f9f9; border-radius:5px;'>\n<summary style='font-weight:bold; cursor:pointer;'>Qual \u00e8 la potenza della lampada?<\/summary>\n<div style='margin-top:10px; color:#555;'>La potenza \u00e8 di 60W e offre un&#8217;illuminazione intensa con risparmio energetico.<\/div>\n<\/details>\n<details style='margin-bottom:10px; padding:10px; background:#f9f9f9; border-radius:5px;'>\n<summary style='font-weight:bold; cursor:pointer;'>\u00c8 adatta per ambienti interni?<\/summary>\n<div style='margin-top:10px; color:#555;'>S\u00ec, \u00e8 adatta per l&#8217;illuminazione interna dove \u00e8 richiesta una luce chiara e intensa.<\/div>\n<\/details>\n<\/div>\n","protected":false},"excerpt":{"rendered":"<p>Forte lampada LED 60W con base E27 e luce bianca fredda 6500K per un&#8217;illuminazione chiara e intensa. Risparmio energetico e lunga durata.<\/p>\n","protected":false},"featured_media":5144668,"comment_status":"closed","ping_status":"open","template":"","meta":[],"product_brand":[],"product_cat":[],"product_tag":[15],"class_list":{"0":"post-5309988","1":"product","2":"type-product","3":"status-publish","4":"has-post-thumbnail","6":"product_tag-uncategorized","8":"first","9":"onbackorder","10":"purchasable","11":"product-type-simple"},"jetpack_sharing_enabled":true,"_links":{"self":[{"href":"https:\/\/gadgettravellers.eu\/it\/wp-json\/wp\/v2\/product\/5309988","targetHints":{"allow":["GET"]}}],"collection":[{"href":"https:\/\/gadgettravellers.eu\/it\/wp-json\/wp\/v2\/product"}],"about":[{"href":"https:\/\/gadgettravellers.eu\/it\/wp-json\/wp\/v2\/types\/product"}],"replies":[{"embeddable":true,"href":"https:\/\/gadgettravellers.eu\/it\/wp-json\/wp\/v2\/comments?post=5309988"}],"wp:featuredmedia":[{"embeddable":true,"href":"https:\/\/gadgettravellers.eu\/it\/wp-json\/wp\/v2\/media\/5144668"}],"wp:attachment":[{"href":"https:\/\/gadgettravellers.eu\/it\/wp-json\/wp\/v2\/media?parent=5309988"}],"wp:term":[{"taxonomy":"product_brand","embeddable":true,"href":"https:\/\/gadgettravellers.eu\/it\/wp-json\/wp\/v2\/product_brand?post=5309988"},{"taxonomy":"product_cat","embeddable":true,"href":"https:\/\/gadgettravellers.eu\/it\/wp-json\/wp\/v2\/product_cat?post=5309988"},{"taxonomy":"product_tag","embeddable":true,"href":"https:\/\/gadgettravellers.eu\/it\/wp-json\/wp\/v2\/product_tag?post=5309988"}],"curies":[{"name":"wp","href":"https:\/\/api.w.org\/{rel}","templated":true}]}}