{"id":5310058,"date":"2026-01-19T13:17:30","date_gmt":"2026-01-19T11:17:30","guid":{"rendered":"https:\/\/gadgettravellers.eu\/shop\/impianto-audio-per-auto-1din-bluetooth-ctc-2205-led-005120\/"},"modified":"2026-04-13T01:59:29","modified_gmt":"2026-04-12T23:59:29","slug":"impianto-audio-per-auto-1din-bluetooth-ctc-2205-led-005120","status":"publish","type":"product","link":"https:\/\/gadgettravellers.eu\/it\/shop\/impianto-audio-per-auto-1din-bluetooth-ctc-2205-led-005120\/","title":{"rendered":"Impianto audio per auto 1DIN &#8211; Bluetooth &#8211; CTC-2205 &#8211; LED &#8211; 005120"},"content":{"rendered":"<p>Si installa con un alloggiamento 1 DIN (18\u00d75 cm) e si adatta alla maggior parte dei cruscotti. <br \/>Supporta connessioni USB e Bluetooth, per ascoltare musica da una chiavetta o dal tuo cellulare, ma anche per effettuare chiamate. \u200b<br \/>Compatibile con la maggior parte delle automobili \u2013 Universale.<\/p>\n<p>Bluetooth<br \/>Lettore MP3<br \/>Schermo LED con pi\u00f9 indicatori<br \/>Illuminazione Backlight con cambio colore<br \/>Telecomando<br \/>Radio: Gamma di frequenza: 87,5MHz~108MHz<br \/>Porte: USB, scheda TF (fino a 32GB), AUX<br \/>Manopola per la regolazione del volume<br \/>Pulsanti ON\/OFF, Play, Stop, Pause<br \/>Orologio digitale<br \/>Microfono integrato e pulsanti on\/off per le chiamate del cellulare<\/p>\n<p>Impedenza altoparlante: 4~8\u03a9<br \/>Potenza in uscita: 4 x 50W<\/p>\n<div class='aiseo-faq-section' style='margin-top:30px; border-top:1px solid #eee; padding-top:20px;'>\n<h3>Domande Frequenti<\/h3>\n<details style='margin-bottom:10px; padding:10px; background:#f9f9f9; border-radius:5px;'>\n<summary style='font-weight:bold; cursor:pointer;'>Qual \u00e8 la dimensione dell&#8217;installazione del sistema audio?<\/summary>\n<div style='margin-top:10px; color:#555;'>Si installa in una posizione 1 DIN (18\u00d75 cm) ed \u00e8 compatibile con la maggior parte dei cruscotti.<\/div>\n<\/details>\n<details style='margin-bottom:10px; padding:10px; background:#f9f9f9; border-radius:5px;'>\n<summary style='font-weight:bold; cursor:pointer;'>Quali connessioni supporta?<\/summary>\n<div style='margin-top:10px; color:#555;'>Supporta Bluetooth, USB, scheda TF (fino a 32GB), AUX e ha una radio FM integrata.<\/div>\n<\/details>\n<details style='margin-bottom:10px; padding:10px; background:#f9f9f9; border-radius:5px;'>\n<summary style='font-weight:bold; cursor:pointer;'>Posso effettuare chiamate tramite il sistema audio?<\/summary>\n<div style='margin-top:10px; color:#555;'>S\u00ec, dispone di microfono integrato e pulsanti per le chiamate tramite Bluetooth.<\/div>\n<\/details>\n<details style='margin-bottom:10px; padding:10px; background:#f9f9f9; border-radius:5px;'>\n<summary style='font-weight:bold; cursor:pointer;'>Qual \u00e8 la potenza in uscita e l&#8217;impedenza degli altoparlanti?<\/summary>\n<div style='margin-top:10px; color:#555;'>La potenza in uscita \u00e8 di 4\u00d750W e l&#8217;impedenza degli altoparlanti \u00e8 di 4\u20138\u03a9.<\/div>\n<\/details>\n<\/div>\n","protected":false},"excerpt":{"rendered":"<p>Autoradio 1DIN con Bluetooth, USB, TF fino a 32GB, radio FM, microfono integrato, telecomando e retroilluminazione LED. Potenza in uscita 4\u00d750W, compatibile con la maggior parte dei cruscotti.<\/p>\n","protected":false},"featured_media":5145238,"comment_status":"closed","ping_status":"open","template":"","meta":[],"product_brand":[],"product_cat":[],"product_tag":[15],"class_list":{"0":"post-5310058","1":"product","2":"type-product","3":"status-publish","4":"has-post-thumbnail","6":"product_tag-uncategorized","8":"first","9":"onbackorder","10":"purchasable","11":"product-type-simple"},"jetpack_sharing_enabled":true,"_links":{"self":[{"href":"https:\/\/gadgettravellers.eu\/it\/wp-json\/wp\/v2\/product\/5310058","targetHints":{"allow":["GET"]}}],"collection":[{"href":"https:\/\/gadgettravellers.eu\/it\/wp-json\/wp\/v2\/product"}],"about":[{"href":"https:\/\/gadgettravellers.eu\/it\/wp-json\/wp\/v2\/types\/product"}],"replies":[{"embeddable":true,"href":"https:\/\/gadgettravellers.eu\/it\/wp-json\/wp\/v2\/comments?post=5310058"}],"wp:featuredmedia":[{"embeddable":true,"href":"https:\/\/gadgettravellers.eu\/it\/wp-json\/wp\/v2\/media\/5145238"}],"wp:attachment":[{"href":"https:\/\/gadgettravellers.eu\/it\/wp-json\/wp\/v2\/media?parent=5310058"}],"wp:term":[{"taxonomy":"product_brand","embeddable":true,"href":"https:\/\/gadgettravellers.eu\/it\/wp-json\/wp\/v2\/product_brand?post=5310058"},{"taxonomy":"product_cat","embeddable":true,"href":"https:\/\/gadgettravellers.eu\/it\/wp-json\/wp\/v2\/product_cat?post=5310058"},{"taxonomy":"product_tag","embeddable":true,"href":"https:\/\/gadgettravellers.eu\/it\/wp-json\/wp\/v2\/product_tag?post=5310058"}],"curies":[{"name":"wp","href":"https:\/\/api.w.org\/{rel}","templated":true}]}}