{"id":5310077,"date":"2026-01-19T13:17:43","date_gmt":"2026-01-19T11:17:43","guid":{"rendered":"https:\/\/gadgettravellers.eu\/shop\/caffettiera-elettrica-per-caffe-greco-in-vetro-ka3037-dsp-568795-viola\/"},"modified":"2026-03-09T23:30:44","modified_gmt":"2026-03-09T21:30:44","slug":"caffettiera-elettrica-per-caffe-greco-in-vetro-ka3037-dsp-568795-viola","status":"publish","type":"product","link":"https:\/\/gadgettravellers.eu\/it\/shop\/caffettiera-elettrica-per-caffe-greco-in-vetro-ka3037-dsp-568795-viola\/","title":{"rendered":"Caffettiera elettrica per caff\u00e8 greco in vetro &#8211; KA3037 &#8211; DSP &#8211; 568795 &#8211; Viola"},"content":{"rendered":"<p>Moka elettrica in vetro DSP per caff\u00e8 greco e acqua calda, facile da usare e pratica, di grande capacit\u00e0, per avere subito pronto il tuo amato caff\u00e8 greco o per bollire l&#8217;acqua in pochi minuti.<\/p>\n<p>Caratteristiche: <br \/>Tensione: 220-240V~50\/60Hz, <br \/>Potenza: 600W, <br \/>Capacit\u00e0: 500ml, <br \/>Base riscaldante in acciaio inox, <br \/>Spia luminosa rossa di pronto uso, <br \/>Lunghezza cavo: 70cm, <br \/>Dimensioni: 15,5 x 10,5cm + manico 12,5cm.<\/p>\n<p>Istruzioni per l&#8217;uso in inglese incluse.<\/p>\n<div class='aiseo-faq-section' style='margin-top:30px; border-top:1px solid #eee; padding-top:20px;'>\n<h3>Domande Frequenti<\/h3>\n<details style='margin-bottom:10px; padding:10px; background:#f9f9f9; border-radius:5px;'>\n<summary style='font-weight:bold; cursor:pointer;'>Qual \u00e8 la capacit\u00e0 del mattone?<\/summary>\n<div style='margin-top:10px; color:#555;'>La capacit\u00e0 \u00e8 di 500ml.<\/div>\n<\/details>\n<details style='margin-bottom:10px; padding:10px; background:#f9f9f9; border-radius:5px;'>\n<summary style='font-weight:bold; cursor:pointer;'>Qual \u00e8 la potenza e la tensione di funzionamento?<\/summary>\n<div style='margin-top:10px; color:#555;'>Potenza 600W e tensione 220\u2013240V~50\/60Hz.<\/div>\n<\/details>\n<details style='margin-bottom:10px; padding:10px; background:#f9f9f9; border-radius:5px;'>\n<summary style='font-weight:bold; cursor:pointer;'>Sono incluse le istruzioni per l&#8217;uso?<\/summary>\n<div style='margin-top:10px; color:#555;'>S\u00ec, sono incluse istruzioni in inglese.<\/div>\n<\/details>\n<details style='margin-bottom:10px; padding:10px; background:#f9f9f9; border-radius:5px;'>\n<summary style='font-weight:bold; cursor:pointer;'>Di che materiale \u00e8 la base e c&#8217;\u00e8 un indicatore di funzionamento?<\/summary>\n<div style='margin-top:10px; color:#555;'>La base \u00e8 riscaldata in acciaio inossidabile e dispone di una spia luminosa rossa di pronto.<\/div>\n<\/details>\n<\/div>\n","protected":false},"excerpt":{"rendered":"<p>Bollitore elettrico in vetro 500ml, 600W \u2014 ideale per caff\u00e8 greco e per bollire rapidamente l&#8217;acqua. Base riscaldante in acciaio inox, indicatore di prontezza rosso e cavo da 70cm per un uso facile.<\/p>\n","protected":false},"featured_media":5145339,"comment_status":"closed","ping_status":"open","template":"","meta":[],"product_brand":[],"product_cat":[],"product_tag":[15],"class_list":{"0":"post-5310077","1":"product","2":"type-product","3":"status-publish","4":"has-post-thumbnail","6":"product_tag-uncategorized","8":"first","9":"onbackorder","10":"purchasable","11":"product-type-simple"},"jetpack_sharing_enabled":true,"_links":{"self":[{"href":"https:\/\/gadgettravellers.eu\/it\/wp-json\/wp\/v2\/product\/5310077","targetHints":{"allow":["GET"]}}],"collection":[{"href":"https:\/\/gadgettravellers.eu\/it\/wp-json\/wp\/v2\/product"}],"about":[{"href":"https:\/\/gadgettravellers.eu\/it\/wp-json\/wp\/v2\/types\/product"}],"replies":[{"embeddable":true,"href":"https:\/\/gadgettravellers.eu\/it\/wp-json\/wp\/v2\/comments?post=5310077"}],"wp:featuredmedia":[{"embeddable":true,"href":"https:\/\/gadgettravellers.eu\/it\/wp-json\/wp\/v2\/media\/5145339"}],"wp:attachment":[{"href":"https:\/\/gadgettravellers.eu\/it\/wp-json\/wp\/v2\/media?parent=5310077"}],"wp:term":[{"taxonomy":"product_brand","embeddable":true,"href":"https:\/\/gadgettravellers.eu\/it\/wp-json\/wp\/v2\/product_brand?post=5310077"},{"taxonomy":"product_cat","embeddable":true,"href":"https:\/\/gadgettravellers.eu\/it\/wp-json\/wp\/v2\/product_cat?post=5310077"},{"taxonomy":"product_tag","embeddable":true,"href":"https:\/\/gadgettravellers.eu\/it\/wp-json\/wp\/v2\/product_tag?post=5310077"}],"curies":[{"name":"wp","href":"https:\/\/api.w.org\/{rel}","templated":true}]}}