{"id":5310393,"date":"2026-01-19T13:20:32","date_gmt":"2026-01-19T11:20:32","guid":{"rendered":"https:\/\/gadgettravellers.eu\/shop\/decorazione-luminosa-led-natalizia-stella-50cm-bianco-freddo-150876\/"},"modified":"2026-04-13T02:01:37","modified_gmt":"2026-04-13T00:01:37","slug":"decorazione-luminosa-led-natalizia-stella-50cm-bianco-freddo-150876","status":"publish","type":"product","link":"https:\/\/gadgettravellers.eu\/it\/shop\/decorazione-luminosa-led-natalizia-stella-50cm-bianco-freddo-150876\/","title":{"rendered":"Decorazione luminosa LED natalizia &#8211; Stella &#8211; 50cm &#8211; Bianco freddo &#8211; 150876"},"content":{"rendered":"<p class=\"page-heading\">Decorazione luminosa natalizia a forma di Stella con tubo LED Neon che crea un effetto di illuminazione impressionante.<\/p>\n<p class=\"page-heading\">Colore della luce: Bianco Freddo<br \/>Alimentazione: presa di corrente<br \/>Impermeabilit\u00e0: IP44<br \/><span class=\"ux-textspans\">Dimensioni: 50 x 45cm<\/span><\/p>\n<div class='aiseo-faq-section' style='margin-top:30px; border-top:1px solid #eee; padding-top:20px;'>\n<h3>Domande Frequenti<\/h3>\n<details style='margin-bottom:10px; padding:10px; background:#f9f9f9; border-radius:5px;'>\n<summary style='font-weight:bold; cursor:pointer;'>\u00c8 adatto per esterni?<\/summary>\n<div style='margin-top:10px; color:#555;'>S\u00ec, dispone di protezione IP44 ed \u00e8 destinato alla decorazione interna ed esterna, \u00e8 protetto dagli schizzi d&#8217;acqua.<\/div>\n<\/details>\n<details style='margin-bottom:10px; padding:10px; background:#f9f9f9; border-radius:5px;'>\n<summary style='font-weight:bold; cursor:pointer;'>Che tipo di illuminazione utilizza?<\/summary>\n<div style='margin-top:10px; color:#555;'>Utilizza un tubo LED di tipo neon che crea un effetto impressionante in bianco freddo.<\/div>\n<\/details>\n<details style='margin-bottom:10px; padding:10px; background:#f9f9f9; border-radius:5px;'>\n<summary style='font-weight:bold; cursor:pointer;'>Qual \u00e8 l&#8217;alimentazione del prodotto?<\/summary>\n<div style='margin-top:10px; color:#555;'>Alimentato da presa di corrente (plug-in).<\/div>\n<\/details>\n<details style='margin-bottom:10px; padding:10px; background:#f9f9f9; border-radius:5px;'>\n<summary style='font-weight:bold; cursor:pointer;'>Quali sono le sue dimensioni?<\/summary>\n<div style='margin-top:10px; color:#555;'>Le dimensioni sono 50 x 45 cm.<\/div>\n<\/details>\n<\/div>\n","protected":false},"excerpt":{"rendered":"<p>Stella luminosa di Natale LED 50x45cm in bianco freddo. Plug-in (IP44) con tubo al neon per un&#8217;illuminazione impressionante, adatto per decorazioni interne o esterne.<\/p>\n","protected":false},"featured_media":5147457,"comment_status":"closed","ping_status":"open","template":"","meta":[],"product_brand":[],"product_cat":[],"product_tag":[15],"class_list":{"0":"post-5310393","1":"product","2":"type-product","3":"status-publish","4":"has-post-thumbnail","6":"product_tag-uncategorized","8":"first","9":"onbackorder","10":"purchasable","11":"product-type-simple"},"jetpack_sharing_enabled":true,"_links":{"self":[{"href":"https:\/\/gadgettravellers.eu\/it\/wp-json\/wp\/v2\/product\/5310393","targetHints":{"allow":["GET"]}}],"collection":[{"href":"https:\/\/gadgettravellers.eu\/it\/wp-json\/wp\/v2\/product"}],"about":[{"href":"https:\/\/gadgettravellers.eu\/it\/wp-json\/wp\/v2\/types\/product"}],"replies":[{"embeddable":true,"href":"https:\/\/gadgettravellers.eu\/it\/wp-json\/wp\/v2\/comments?post=5310393"}],"wp:featuredmedia":[{"embeddable":true,"href":"https:\/\/gadgettravellers.eu\/it\/wp-json\/wp\/v2\/media\/5147457"}],"wp:attachment":[{"href":"https:\/\/gadgettravellers.eu\/it\/wp-json\/wp\/v2\/media?parent=5310393"}],"wp:term":[{"taxonomy":"product_brand","embeddable":true,"href":"https:\/\/gadgettravellers.eu\/it\/wp-json\/wp\/v2\/product_brand?post=5310393"},{"taxonomy":"product_cat","embeddable":true,"href":"https:\/\/gadgettravellers.eu\/it\/wp-json\/wp\/v2\/product_cat?post=5310393"},{"taxonomy":"product_tag","embeddable":true,"href":"https:\/\/gadgettravellers.eu\/it\/wp-json\/wp\/v2\/product_tag?post=5310393"}],"curies":[{"name":"wp","href":"https:\/\/api.w.org\/{rel}","templated":true}]}}