{"id":5310416,"date":"2026-01-19T13:20:44","date_gmt":"2026-01-19T11:20:44","guid":{"rendered":"https:\/\/gadgettravellers.eu\/shop\/tubo-luminoso-led-natalizio-20m-bianco-freddo-210313\/"},"modified":"2026-04-13T02:01:45","modified_gmt":"2026-04-13T00:01:45","slug":"tubo-luminoso-led-natalizio-20m-bianco-freddo-210313","status":"publish","type":"product","link":"https:\/\/gadgettravellers.eu\/it\/shop\/tubo-luminoso-led-natalizio-20m-bianco-freddo-210313\/","title":{"rendered":"Tubo luminoso LED natalizio &#8211; 20m &#8211; Bianco freddo &#8211; 210313"},"content":{"rendered":"<p>Tubo luminoso LED natalizio di 20 metri.<\/p>\n<ul>\n<li>Colore: Bianco freddo<\/li>\n<li>Spessore tubo: 1,5 cm<\/li>\n<li>Dispone di vari programmi con pulsante di regolazione.<\/li>\n<li>Impermeabilit\u00e0: IP65 &#8211; *NON riguarda il cavo di alimentazione<\/li>\n<li>Alimentatore da presa incluso<\/li>\n<\/ul>\n<div class='aiseo-faq-section' style='margin-top:30px; border-top:1px solid #eee; padding-top:20px;'>\n<h3>Domande Frequenti<\/h3>\n<details style='margin-bottom:10px; padding:10px; background:#f9f9f9; border-radius:5px;'>\n<summary style='font-weight:bold; cursor:pointer;'>Il tubo luminoso \u00e8 adatto per uso esterno?<\/summary>\n<div style='margin-top:10px; color:#555;'>S\u00ec, il tubo luminoso ha un grado di protezione IP65 ed \u00e8 adatto per uso esterno, ma il cavo di alimentazione non \u00e8 IP65.<\/div>\n<\/details>\n<details style='margin-bottom:10px; padding:10px; background:#f9f9f9; border-radius:5px;'>\n<summary style='font-weight:bold; cursor:pointer;'>L&#8217;alimentatore \u00e8 incluso?<\/summary>\n<div style='margin-top:10px; color:#555;'>S\u00ec, \u00e8 incluso un alimentatore da presa.<\/div>\n<\/details>\n<details style='margin-bottom:10px; padding:10px; background:#f9f9f9; border-radius:5px;'>\n<summary style='font-weight:bold; cursor:pointer;'>Qual \u00e8 la lunghezza e il colore dell&#8217;illuminazione?<\/summary>\n<div style='margin-top:10px; color:#555;'>Il tubo luminoso ha una lunghezza di 20 metri e offre un&#8217;illuminazione bianca fredda.<\/div>\n<\/details>\n<details style='margin-bottom:10px; padding:10px; background:#f9f9f9; border-radius:5px;'>\n<summary style='font-weight:bold; cursor:pointer;'>Ha programmi di illuminazione?<\/summary>\n<div style='margin-top:10px; color:#555;'>S\u00ec, dispone di una variet\u00e0 di programmi e di un pulsante di regolazione per la selezione della modalit\u00e0.<\/div>\n<\/details>\n<details style='margin-bottom:10px; padding:10px; background:#f9f9f9; border-radius:5px;'>\n<summary style='font-weight:bold; cursor:pointer;'>Qual \u00e8 lo spessore del tubo?<\/summary>\n<div style='margin-top:10px; color:#555;'>Lo spessore del tubo \u00e8 di 1,5 cm.<\/div>\n<\/details>\n<\/div>\n","protected":false},"excerpt":{"rendered":"<p>Tubo luminoso LED natalizio da 20 metri in bianco freddo, IP65 per uso esterno, con programmi multipli e pulsante di regolazione. Include alimentatore da presa.<\/p>\n","protected":false},"featured_media":5147600,"comment_status":"closed","ping_status":"open","template":"","meta":[],"product_brand":[],"product_cat":[],"product_tag":[15],"class_list":{"0":"post-5310416","1":"product","2":"type-product","3":"status-publish","4":"has-post-thumbnail","6":"product_tag-uncategorized","8":"first","9":"onbackorder","10":"purchasable","11":"product-type-simple"},"jetpack_sharing_enabled":true,"_links":{"self":[{"href":"https:\/\/gadgettravellers.eu\/it\/wp-json\/wp\/v2\/product\/5310416","targetHints":{"allow":["GET"]}}],"collection":[{"href":"https:\/\/gadgettravellers.eu\/it\/wp-json\/wp\/v2\/product"}],"about":[{"href":"https:\/\/gadgettravellers.eu\/it\/wp-json\/wp\/v2\/types\/product"}],"replies":[{"embeddable":true,"href":"https:\/\/gadgettravellers.eu\/it\/wp-json\/wp\/v2\/comments?post=5310416"}],"wp:featuredmedia":[{"embeddable":true,"href":"https:\/\/gadgettravellers.eu\/it\/wp-json\/wp\/v2\/media\/5147600"}],"wp:attachment":[{"href":"https:\/\/gadgettravellers.eu\/it\/wp-json\/wp\/v2\/media?parent=5310416"}],"wp:term":[{"taxonomy":"product_brand","embeddable":true,"href":"https:\/\/gadgettravellers.eu\/it\/wp-json\/wp\/v2\/product_brand?post=5310416"},{"taxonomy":"product_cat","embeddable":true,"href":"https:\/\/gadgettravellers.eu\/it\/wp-json\/wp\/v2\/product_cat?post=5310416"},{"taxonomy":"product_tag","embeddable":true,"href":"https:\/\/gadgettravellers.eu\/it\/wp-json\/wp\/v2\/product_tag?post=5310416"}],"curies":[{"name":"wp","href":"https:\/\/api.w.org\/{rel}","templated":true}]}}