{"id":5310417,"date":"2026-01-19T13:20:44","date_gmt":"2026-01-19T11:20:44","guid":{"rendered":"https:\/\/gadgettravellers.eu\/shop\/tubo-luminoso-led-di-natale-20m-bianco-caldo-210306\/"},"modified":"2026-04-13T02:01:45","modified_gmt":"2026-04-13T00:01:45","slug":"tubo-luminoso-led-di-natale-20m-bianco-caldo-210306","status":"publish","type":"product","link":"https:\/\/gadgettravellers.eu\/it\/shop\/tubo-luminoso-led-di-natale-20m-bianco-caldo-210306\/","title":{"rendered":"Tubo luminoso LED di Natale &#8211; 20m &#8211; Bianco caldo &#8211; 210306"},"content":{"rendered":"<p>Tubo luminoso LED natalizio da 20 metri.<\/p>\n<ul>\n<li>Colore: Bianco caldo<\/li>\n<li>Spessore tubo: 1,5 cm<\/li>\n<li>Dispone di vari programmi con pulsante di regolazione.<\/li>\n<li>Impermeabilit\u00e0: IP65 &#8211; *NON riguarda il cavo di alimentazione<\/li>\n<li>Alimentatore da presa incluso<\/li>\n<\/ul>\n<div class='aiseo-faq-section' style='margin-top:30px; border-top:1px solid #eee; padding-top:20px;'>\n<h3>Domande Frequenti<\/h3>\n<details style='margin-bottom:10px; padding:10px; background:#f9f9f9; border-radius:5px;'>\n<summary style='font-weight:bold; cursor:pointer;'>Posso usarlo esternamente?<\/summary>\n<div style='margin-top:10px; color:#555;'>S\u00ec, il tubo luminoso ha una tenuta IP65 ed \u00e8 adatto per uso esterno, ma il cavo di alimentazione non \u00e8 impermeabile.<\/div>\n<\/details>\n<details style='margin-bottom:10px; padding:10px; background:#f9f9f9; border-radius:5px;'>\n<summary style='font-weight:bold; cursor:pointer;'>L&#8217;alimentatore \u00e8 incluso?<\/summary>\n<div style='margin-top:10px; color:#555;'>S\u00ec, l&#8217;alimentatore da presa \u00e8 incluso nella confezione.<\/div>\n<\/details>\n<details style='margin-bottom:10px; padding:10px; background:#f9f9f9; border-radius:5px;'>\n<summary style='font-weight:bold; cursor:pointer;'>Qual \u00e8 la lunghezza e lo spessore del tubo?<\/summary>\n<div style='margin-top:10px; color:#555;'>La lunghezza \u00e8 di 20 metri e lo spessore del tubo \u00e8 di 1,5 cm.<\/div>\n<\/details>\n<details style='margin-bottom:10px; padding:10px; background:#f9f9f9; border-radius:5px;'>\n<summary style='font-weight:bold; cursor:pointer;'>Ha programmi e come li controllo?<\/summary>\n<div style='margin-top:10px; color:#555;'>Dispone di una variet\u00e0 di programmi selezionabili tramite il pulsante di regolazione sul cavo di controllo.<\/div>\n<\/details>\n<\/div>\n","protected":false},"excerpt":{"rendered":"<p>Tubo luminoso LED natalizio da 20 m in bianco caldo, spessore 1,5 cm, con programmi e pulsante di regolazione. Impermeabile IP65 (non riguarda il cavo). Alimentatore da presa incluso.<\/p>\n","protected":false},"featured_media":5100794,"comment_status":"closed","ping_status":"open","template":"","meta":[],"product_brand":[],"product_cat":[],"product_tag":[15],"class_list":{"0":"post-5310417","1":"product","2":"type-product","3":"status-publish","4":"has-post-thumbnail","6":"product_tag-uncategorized","8":"first","9":"onbackorder","10":"purchasable","11":"product-type-simple"},"jetpack_sharing_enabled":true,"_links":{"self":[{"href":"https:\/\/gadgettravellers.eu\/it\/wp-json\/wp\/v2\/product\/5310417","targetHints":{"allow":["GET"]}}],"collection":[{"href":"https:\/\/gadgettravellers.eu\/it\/wp-json\/wp\/v2\/product"}],"about":[{"href":"https:\/\/gadgettravellers.eu\/it\/wp-json\/wp\/v2\/types\/product"}],"replies":[{"embeddable":true,"href":"https:\/\/gadgettravellers.eu\/it\/wp-json\/wp\/v2\/comments?post=5310417"}],"wp:featuredmedia":[{"embeddable":true,"href":"https:\/\/gadgettravellers.eu\/it\/wp-json\/wp\/v2\/media\/5100794"}],"wp:attachment":[{"href":"https:\/\/gadgettravellers.eu\/it\/wp-json\/wp\/v2\/media?parent=5310417"}],"wp:term":[{"taxonomy":"product_brand","embeddable":true,"href":"https:\/\/gadgettravellers.eu\/it\/wp-json\/wp\/v2\/product_brand?post=5310417"},{"taxonomy":"product_cat","embeddable":true,"href":"https:\/\/gadgettravellers.eu\/it\/wp-json\/wp\/v2\/product_cat?post=5310417"},{"taxonomy":"product_tag","embeddable":true,"href":"https:\/\/gadgettravellers.eu\/it\/wp-json\/wp\/v2\/product_tag?post=5310417"}],"curies":[{"name":"wp","href":"https:\/\/api.w.org\/{rel}","templated":true}]}}