{"id":5310504,"date":"2026-01-19T13:21:26","date_gmt":"2026-01-19T11:21:26","guid":{"rendered":"https:\/\/gadgettravellers.eu\/shop\/decorazione-da-tavolo-natalizia-a-forma-di-alberello-24a-127-4517cm-241273\/"},"modified":"2026-04-13T02:02:19","modified_gmt":"2026-04-13T00:02:19","slug":"decorazione-da-tavolo-natalizia-a-forma-di-alberello-24a-127-4517cm-241273","status":"publish","type":"product","link":"https:\/\/gadgettravellers.eu\/it\/shop\/decorazione-da-tavolo-natalizia-a-forma-di-alberello-24a-127-4517cm-241273\/","title":{"rendered":"Decorazione da tavolo natalizia a forma di alberello &#8211; 24A-127 &#8211; 45*17cm &#8211; 241273"},"content":{"rendered":"<p>Decorazione natalizia a forma di alberello con base da tavolo e composizione impressionante con ornamenti e splendidi dettagli realistici. Dimensioni: 40*18cm.<\/p>\n<div class='aiseo-faq-section' style='margin-top:30px; border-top:1px solid #eee; padding-top:20px;'>\n<h3>Domande Frequenti<\/h3>\n<details style='margin-bottom:10px; padding:10px; background:#f9f9f9; border-radius:5px;'>\n<summary style='font-weight:bold; cursor:pointer;'>Quali sono le dimensioni del prodotto?<\/summary>\n<div style='margin-top:10px; color:#555;'>C&#8217;\u00e8 incoerenza nei dati: nel nome e nella descrizione breve si indica 45\u00d717 cm, mentre nella descrizione completa si indica 40\u00d718 cm.<\/div>\n<\/details>\n<details style='margin-bottom:10px; padding:10px; background:#f9f9f9; border-radius:5px;'>\n<summary style='font-weight:bold; cursor:pointer;'>In quali ambienti si adatta questo oggetto decorativo?<\/summary>\n<div style='margin-top:10px; color:#555;'>\u00c8 ideale per tavolini, scaffali e composizioni festive, come indicato nella breve descrizione.<\/div>\n<\/details>\n<details style='margin-bottom:10px; padding:10px; background:#f9f9f9; border-radius:5px;'>\n<summary style='font-weight:bold; cursor:pointer;'>Quali caratteristiche ha la sua costruzione?<\/summary>\n<div style='margin-top:10px; color:#555;'>Dispone di una base da tavolo stabile, ornamenti e dettagli realistici per un aspetto impressionante.<\/div>\n<\/details>\n<\/div>\n","protected":false},"excerpt":{"rendered":"<p>Decorazione da tavolo natalizia a forma di alberello (45\u00d717 cm) con base stabile e ornamenti. Dettagli realistici, ideale per tavolini, scaffali e composizioni festive.<\/p>\n","protected":false},"featured_media":5148000,"comment_status":"closed","ping_status":"open","template":"","meta":[],"product_brand":[],"product_cat":[],"product_tag":[15],"class_list":{"0":"post-5310504","1":"product","2":"type-product","3":"status-publish","4":"has-post-thumbnail","6":"product_tag-uncategorized","8":"first","9":"onbackorder","10":"purchasable","11":"product-type-simple"},"jetpack_sharing_enabled":true,"_links":{"self":[{"href":"https:\/\/gadgettravellers.eu\/it\/wp-json\/wp\/v2\/product\/5310504","targetHints":{"allow":["GET"]}}],"collection":[{"href":"https:\/\/gadgettravellers.eu\/it\/wp-json\/wp\/v2\/product"}],"about":[{"href":"https:\/\/gadgettravellers.eu\/it\/wp-json\/wp\/v2\/types\/product"}],"replies":[{"embeddable":true,"href":"https:\/\/gadgettravellers.eu\/it\/wp-json\/wp\/v2\/comments?post=5310504"}],"wp:featuredmedia":[{"embeddable":true,"href":"https:\/\/gadgettravellers.eu\/it\/wp-json\/wp\/v2\/media\/5148000"}],"wp:attachment":[{"href":"https:\/\/gadgettravellers.eu\/it\/wp-json\/wp\/v2\/media?parent=5310504"}],"wp:term":[{"taxonomy":"product_brand","embeddable":true,"href":"https:\/\/gadgettravellers.eu\/it\/wp-json\/wp\/v2\/product_brand?post=5310504"},{"taxonomy":"product_cat","embeddable":true,"href":"https:\/\/gadgettravellers.eu\/it\/wp-json\/wp\/v2\/product_cat?post=5310504"},{"taxonomy":"product_tag","embeddable":true,"href":"https:\/\/gadgettravellers.eu\/it\/wp-json\/wp\/v2\/product_tag?post=5310504"}],"curies":[{"name":"wp","href":"https:\/\/api.w.org\/{rel}","templated":true}]}}