{"id":5310657,"date":"2026-01-19T13:23:03","date_gmt":"2026-01-19T11:23:03","guid":{"rendered":"https:\/\/gadgettravellers.eu\/shop\/galleggianti-da-pesca-7g-3-pezzi-831392\/"},"modified":"2026-04-19T21:35:15","modified_gmt":"2026-04-19T19:35:15","slug":"galleggianti-da-pesca-7g-3-pezzi-831392","status":"publish","type":"product","link":"https:\/\/gadgettravellers.eu\/it\/shop\/galleggianti-da-pesca-7g-3-pezzi-831392\/","title":{"rendered":"Galleggianti da pesca &#8211; 7g &#8211; 3 pezzi &#8211; 831392"},"content":{"rendered":"<p>Set di galleggianti da pesca in sughero naturale, peso 7 g ciascuno, in confezione da 3 pezzi. Ideali per la pesca in acque dolci e in superficie, offrono una galleggiabilit\u00e0 stabile e facilit\u00e0 nel legare il filo. La struttura naturale del sughero garantisce buona visibilit\u00e0 e resistenza all&#8217;uso, mentre il peso ridotto permette indicazioni sensibili alle abboccate. Adatti per pesca hobbistica e amatoriale, compatibili con vari metodi di montaggio e regolazioni delle esche.<\/p>\n","protected":false},"excerpt":{"rendered":"<p>Set di 3 galleggianti da pesca in sughero naturale, 7 g ciascuno. Leggeri, stabili e adatti per la pesca di superficie in acque dolci.<\/p>\n","protected":false},"featured_media":5177580,"comment_status":"closed","ping_status":"open","template":"","meta":[],"product_brand":[],"product_cat":[],"product_tag":[15],"class_list":{"0":"post-5310657","1":"product","2":"type-product","3":"status-publish","4":"has-post-thumbnail","6":"product_tag-uncategorized","8":"first","9":"onbackorder","10":"purchasable","11":"product-type-simple"},"jetpack_sharing_enabled":true,"_links":{"self":[{"href":"https:\/\/gadgettravellers.eu\/it\/wp-json\/wp\/v2\/product\/5310657","targetHints":{"allow":["GET"]}}],"collection":[{"href":"https:\/\/gadgettravellers.eu\/it\/wp-json\/wp\/v2\/product"}],"about":[{"href":"https:\/\/gadgettravellers.eu\/it\/wp-json\/wp\/v2\/types\/product"}],"replies":[{"embeddable":true,"href":"https:\/\/gadgettravellers.eu\/it\/wp-json\/wp\/v2\/comments?post=5310657"}],"wp:featuredmedia":[{"embeddable":true,"href":"https:\/\/gadgettravellers.eu\/it\/wp-json\/wp\/v2\/media\/5177580"}],"wp:attachment":[{"href":"https:\/\/gadgettravellers.eu\/it\/wp-json\/wp\/v2\/media?parent=5310657"}],"wp:term":[{"taxonomy":"product_brand","embeddable":true,"href":"https:\/\/gadgettravellers.eu\/it\/wp-json\/wp\/v2\/product_brand?post=5310657"},{"taxonomy":"product_cat","embeddable":true,"href":"https:\/\/gadgettravellers.eu\/it\/wp-json\/wp\/v2\/product_cat?post=5310657"},{"taxonomy":"product_tag","embeddable":true,"href":"https:\/\/gadgettravellers.eu\/it\/wp-json\/wp\/v2\/product_tag?post=5310657"}],"curies":[{"name":"wp","href":"https:\/\/api.w.org\/{rel}","templated":true}]}}