{"id":5310663,"date":"2026-01-19T13:23:07","date_gmt":"2026-01-19T11:23:07","guid":{"rendered":"https:\/\/gadgettravellers.eu\/shop\/esche-artificiali-popper-cl-632-12cm-831286\/"},"modified":"2026-04-22T21:46:55","modified_gmt":"2026-04-22T19:46:55","slug":"esche-artificiali-popper-cl-632-12cm-831286","status":"publish","type":"product","link":"https:\/\/gadgettravellers.eu\/it\/shop\/esche-artificiali-popper-cl-632-12cm-831286\/","title":{"rendered":"Esche artificiali Popper &#8211; CL-632 &#8211; 12cm &#8211; 831286"},"content":{"rendered":"<p>Esca artificiale Popper con aspetto dettagliato, realistico e colori attraenti. <br \/>Presenta un peso uniformemente bilanciato per una navigazione orizzontale naturale, mentre la sua costruzione \u00e8 tale da provocare schizzi, spostare molta acqua e attirare cos\u00ec pi\u00f9 facilmente grandi prede da lontano. Presenta colori intensamente attraenti con lucentezza naturale e occhi lucidi realistici.<\/p>\n<p>Disponibile in una variet\u00e0 di colori &#8211; Spedizione in base alla disponibilit\u00e0.<\/p>\n<p>Prodotto originale Tradesor.<\/p>\n","protected":false},"excerpt":{"rendered":"<p>Popper esca artificiale 12cm con corpo bilanciato in modo uniforme per una navigazione orizzontale stabile, colori intensi e occhi lucidi. Crea un forte schizzo e sposta l&#8217;acqua per una maggiore attrazione delle prede.<\/p>\n","protected":false},"featured_media":5177604,"comment_status":"closed","ping_status":"open","template":"","meta":[],"product_brand":[],"product_cat":[],"product_tag":[15],"class_list":{"0":"post-5310663","1":"product","2":"type-product","3":"status-publish","4":"has-post-thumbnail","6":"product_tag-uncategorized","8":"first","9":"onbackorder","10":"purchasable","11":"product-type-simple"},"jetpack_sharing_enabled":true,"_links":{"self":[{"href":"https:\/\/gadgettravellers.eu\/it\/wp-json\/wp\/v2\/product\/5310663","targetHints":{"allow":["GET"]}}],"collection":[{"href":"https:\/\/gadgettravellers.eu\/it\/wp-json\/wp\/v2\/product"}],"about":[{"href":"https:\/\/gadgettravellers.eu\/it\/wp-json\/wp\/v2\/types\/product"}],"replies":[{"embeddable":true,"href":"https:\/\/gadgettravellers.eu\/it\/wp-json\/wp\/v2\/comments?post=5310663"}],"wp:featuredmedia":[{"embeddable":true,"href":"https:\/\/gadgettravellers.eu\/it\/wp-json\/wp\/v2\/media\/5177604"}],"wp:attachment":[{"href":"https:\/\/gadgettravellers.eu\/it\/wp-json\/wp\/v2\/media?parent=5310663"}],"wp:term":[{"taxonomy":"product_brand","embeddable":true,"href":"https:\/\/gadgettravellers.eu\/it\/wp-json\/wp\/v2\/product_brand?post=5310663"},{"taxonomy":"product_cat","embeddable":true,"href":"https:\/\/gadgettravellers.eu\/it\/wp-json\/wp\/v2\/product_cat?post=5310663"},{"taxonomy":"product_tag","embeddable":true,"href":"https:\/\/gadgettravellers.eu\/it\/wp-json\/wp\/v2\/product_tag?post=5310663"}],"curies":[{"name":"wp","href":"https:\/\/api.w.org\/{rel}","templated":true}]}}