{"id":5310730,"date":"2026-01-19T13:23:46","date_gmt":"2026-01-19T11:23:46","guid":{"rendered":"https:\/\/gadgettravellers.eu\/shop\/console-di-gioco-portatile-g5-237352-blu\/"},"modified":"2026-04-10T21:34:09","modified_gmt":"2026-04-10T19:34:09","slug":"console-di-gioco-portatile-g5-237352-blu","status":"publish","type":"product","link":"https:\/\/gadgettravellers.eu\/it\/shop\/console-di-gioco-portatile-g5-237352-blu\/","title":{"rendered":"Console di gioco portatile &#8211; G5 &#8211; 237352 &#8211; Blu"},"content":{"rendered":"<p>La <b>console portatile ricaricabile<\/b> G5 <b>offrir\u00e0 <\/b>infinite ore di gioco<b>, poich\u00e9 pu\u00f2 essere portata ovunque grazie alle sue <\/b>dimensioni pratiche e compatte<b>. Dispositivo robusto con <\/b>eccellente qualit\u00e0 costruttiva<b>! Dispone di 400 <\/b>giochi senza tempo<b> e pu\u00f2 <\/b>essere collegata anche alla TV<b> purch\u00e9 sia presente una porta AV o l\u2019adattatore appropriato.<\/b><\/p>\n<p>Caratteristiche Tecniche: <b><\/b><\/p>\n<p>Tipo di Schermo TFT 3,0&#8221;<\/p>\n<ul>\n<li>Risoluzione Schermo: 1280\u00d7720<\/li>\n<li>Giocatori: Fino a 2 (\u00e8 necessario un controller aggiuntivo per il secondo giocatore)<\/li>\n<li>400 giochi retr\u00f2<\/li>\n<li>Possibilit\u00e0 di collegamento alla TV tramite porta AV<\/li>\n<li>Batteria 3.7v 1020mAh (BL-5C)<\/li>\n<li><\/li>\n<\/ul>\n<p>Contenuto della confezione:<\/p>\n<p><b><\/b>Console di gioco G5<\/p>\n<ul>Cavo di ricarica<\/p>\n<li><\/li>\n<p>Cavo AV (per collegamento alla TV)<\/p>\n<li><\/li>\n<p>Batteria (BL-5C)<\/p>\n<li><\/li>\n<p>Manuale d\u2019uso (Inglese) <\/p>\n<li><\/li>\n","protected":false},"excerpt":{"rendered":"<p>Console portatile G5 con 400 giochi retr\u00f2, schermo TFT da 3,0&#8221; (1280\u00d7720), batteria ricaricabile da 1020mAh e possibilit\u00e0 di collegamento alla TV tramite AV. Supporta fino a 2 giocatori (controller aggiuntivo).<\/p>\n","protected":false},"featured_media":5178045,"comment_status":"closed","ping_status":"open","template":"","meta":[],"product_brand":[],"product_cat":[],"product_tag":[15],"class_list":{"0":"post-5310730","1":"product","2":"type-product","3":"status-publish","4":"has-post-thumbnail","6":"product_tag-uncategorized","8":"first","9":"onbackorder","10":"purchasable","11":"product-type-simple"},"jetpack_sharing_enabled":true,"_links":{"self":[{"href":"https:\/\/gadgettravellers.eu\/it\/wp-json\/wp\/v2\/product\/5310730","targetHints":{"allow":["GET"]}}],"collection":[{"href":"https:\/\/gadgettravellers.eu\/it\/wp-json\/wp\/v2\/product"}],"about":[{"href":"https:\/\/gadgettravellers.eu\/it\/wp-json\/wp\/v2\/types\/product"}],"replies":[{"embeddable":true,"href":"https:\/\/gadgettravellers.eu\/it\/wp-json\/wp\/v2\/comments?post=5310730"}],"wp:featuredmedia":[{"embeddable":true,"href":"https:\/\/gadgettravellers.eu\/it\/wp-json\/wp\/v2\/media\/5178045"}],"wp:attachment":[{"href":"https:\/\/gadgettravellers.eu\/it\/wp-json\/wp\/v2\/media?parent=5310730"}],"wp:term":[{"taxonomy":"product_brand","embeddable":true,"href":"https:\/\/gadgettravellers.eu\/it\/wp-json\/wp\/v2\/product_brand?post=5310730"},{"taxonomy":"product_cat","embeddable":true,"href":"https:\/\/gadgettravellers.eu\/it\/wp-json\/wp\/v2\/product_cat?post=5310730"},{"taxonomy":"product_tag","embeddable":true,"href":"https:\/\/gadgettravellers.eu\/it\/wp-json\/wp\/v2\/product_tag?post=5310730"}],"curies":[{"name":"wp","href":"https:\/\/api.w.org\/{rel}","templated":true}]}}