{"id":5311014,"date":"2026-01-19T13:26:46","date_gmt":"2026-01-19T11:26:46","guid":{"rendered":"https:\/\/gadgettravellers.eu\/shop\/frullatore-portatile-a-mano-hp-118-7-4v-705867-nero\/"},"modified":"2026-04-13T02:05:29","modified_gmt":"2026-04-13T00:05:29","slug":"frullatore-portatile-a-mano-hp-118-7-4v-705867-nero","status":"publish","type":"product","link":"https:\/\/gadgettravellers.eu\/it\/shop\/frullatore-portatile-a-mano-hp-118-7-4v-705867-nero\/","title":{"rendered":"Frullatore portatile a mano &#8211; HP-118 &#8211; 7.4V &#8211; 705867 &#8211; Nero"},"content":{"rendered":"<p>Frullatore-portatile ricaricabile a mano, in design pratico e dimensioni per avere sempre e ovunque un frullato fresco dei tuoi frutti e verdure preferiti, con la pressione di un pulsante.<\/p>\n<p>Caratteristiche:<br \/>Potenza: 50W<br \/>Schermo digitale, <br \/>Tempo di ricarica: 2 ore, <br \/>Batteria ricaricabile al litio 1300mAh 7.4V, <br \/>Capacit\u00e0: 450ml, <br \/>Lama in acciaio inossidabile\/304 stainless steel, <br \/>Velocit\u00e0 di taglio: 15000-22000rpm,<br \/>Componenti lavabili, <br \/>Cavo di ricarica USB,<br \/>Base antiscivolo,<br \/>Dimensioni: 25*8cm.<\/p>\n<\/p>\n<div class='aiseo-faq-section' style='margin-top:30px; border-top:1px solid #eee; padding-top:20px;'>\n<h3>Domande Frequenti<\/h3>\n<details style='margin-bottom:10px; padding:10px; background:#f9f9f9; border-radius:5px;'>\n<summary style='font-weight:bold; cursor:pointer;'>Quanto dura la ricarica della batteria?<\/summary>\n<div style='margin-top:10px; color:#555;'>Il tempo di ricarica \u00e8 di circa 2 ore.<\/div>\n<\/details>\n<details style='margin-bottom:10px; padding:10px; background:#f9f9f9; border-radius:5px;'>\n<summary style='font-weight:bold; cursor:pointer;'>Qual \u00e8 la capacit\u00e0 e la potenza del frullatore?<\/summary>\n<div style='margin-top:10px; color:#555;'>La capacit\u00e0 \u00e8 di 450ml e la potenza \u00e8 di 50W.<\/div>\n<\/details>\n<details style='margin-bottom:10px; padding:10px; background:#f9f9f9; border-radius:5px;'>\n<summary style='font-weight:bold; cursor:pointer;'>Le parti possono essere lavate?<\/summary>\n<div style='margin-top:10px; color:#555;'>S\u00ec, i componenti sono lavabili.<\/div>\n<\/details>\n<details style='margin-bottom:10px; padding:10px; background:#f9f9f9; border-radius:5px;'>\n<summary style='font-weight:bold; cursor:pointer;'>Che tipo di lama usa il frullatore?<\/summary>\n<div style='margin-top:10px; color:#555;'>Utilizza una lama in acciaio inossidabile (304 stainless steel).<\/div>\n<\/details>\n<\/div>\n","protected":false},"excerpt":{"rendered":"<p>Frullatore portatile ricaricabile da 450ml con batteria 1300mAh (7.4V), potenza 50W e lama in acciaio inox 304 \u2014 ideale per smoothie veloci con ricarica USB e componenti lavabili.<\/p>\n","protected":false},"featured_media":5179853,"comment_status":"closed","ping_status":"open","template":"","meta":[],"product_brand":[],"product_cat":[],"product_tag":[15],"class_list":{"0":"post-5311014","1":"product","2":"type-product","3":"status-publish","4":"has-post-thumbnail","6":"product_tag-uncategorized","8":"first","9":"onbackorder","10":"purchasable","11":"product-type-simple"},"jetpack_sharing_enabled":true,"_links":{"self":[{"href":"https:\/\/gadgettravellers.eu\/it\/wp-json\/wp\/v2\/product\/5311014","targetHints":{"allow":["GET"]}}],"collection":[{"href":"https:\/\/gadgettravellers.eu\/it\/wp-json\/wp\/v2\/product"}],"about":[{"href":"https:\/\/gadgettravellers.eu\/it\/wp-json\/wp\/v2\/types\/product"}],"replies":[{"embeddable":true,"href":"https:\/\/gadgettravellers.eu\/it\/wp-json\/wp\/v2\/comments?post=5311014"}],"wp:featuredmedia":[{"embeddable":true,"href":"https:\/\/gadgettravellers.eu\/it\/wp-json\/wp\/v2\/media\/5179853"}],"wp:attachment":[{"href":"https:\/\/gadgettravellers.eu\/it\/wp-json\/wp\/v2\/media?parent=5311014"}],"wp:term":[{"taxonomy":"product_brand","embeddable":true,"href":"https:\/\/gadgettravellers.eu\/it\/wp-json\/wp\/v2\/product_brand?post=5311014"},{"taxonomy":"product_cat","embeddable":true,"href":"https:\/\/gadgettravellers.eu\/it\/wp-json\/wp\/v2\/product_cat?post=5311014"},{"taxonomy":"product_tag","embeddable":true,"href":"https:\/\/gadgettravellers.eu\/it\/wp-json\/wp\/v2\/product_tag?post=5311014"}],"curies":[{"name":"wp","href":"https:\/\/api.w.org\/{rel}","templated":true}]}}