{"id":5311035,"date":"2026-01-19T13:26:58","date_gmt":"2026-01-19T11:26:58","guid":{"rendered":"https:\/\/gadgettravellers.eu\/shop\/frullatore-portatile-a-mano-hp-118-7-4v-705867-rosa\/"},"modified":"2026-03-09T23:41:04","modified_gmt":"2026-03-09T21:41:04","slug":"frullatore-portatile-a-mano-hp-118-7-4v-705867-rosa","status":"publish","type":"product","link":"https:\/\/gadgettravellers.eu\/it\/shop\/frullatore-portatile-a-mano-hp-118-7-4v-705867-rosa\/","title":{"rendered":"Frullatore portatile a mano &#8211; HP-118 &#8211; 7.4V &#8211; 705867 &#8211; Rosa"},"content":{"rendered":"<p>Frullatore-portatile ricaricabile a mano, in design pratico e dimensioni per avere sempre e ovunque un frullato fresco dei tuoi frutti e verdure preferiti, con la pressione di un pulsante.<\/p>\n<p>Caratteristiche:<br \/>Potenza: 50W<br \/>Schermo digitale, <br \/>Tempo di ricarica: 2 ore, <br \/>Batteria ricaricabile al litio 1300mAh 7.4V, <br \/>Capacit\u00e0: 450ml, <br \/>Lama in acciaio inossidabile\/304 stainless steel, <br \/>Velocit\u00e0 di taglio: 15000-22000rpm,<br \/>Componenti lavabili, <br \/>Cavo di ricarica USB,<br \/>Base antiscivolo,<br \/>Dimensioni: 25*8cm.<\/p>\n<\/p>\n<div class='aiseo-faq-section' style='margin-top:30px; border-top:1px solid #eee; padding-top:20px;'>\n<h3>Domande Frequenti<\/h3>\n<details style='margin-bottom:10px; padding:10px; background:#f9f9f9; border-radius:5px;'>\n<summary style='font-weight:bold; cursor:pointer;'>Qual \u00e8 la capacit\u00e0 di questo frullatore?<\/summary>\n<div style='margin-top:10px; color:#555;'>La capacit\u00e0 \u00e8 di 450ml.<\/div>\n<\/details>\n<details style='margin-bottom:10px; padding:10px; background:#f9f9f9; border-radius:5px;'>\n<summary style='font-weight:bold; cursor:pointer;'>Che tipo di batteria utilizza e qual \u00e8 il tempo di ricarica?<\/summary>\n<div style='margin-top:10px; color:#555;'>Utilizza una batteria ricaricabile al litio da 1300mAh (7,4V) e il tempo di ricarica \u00e8 di circa 2 ore con cavo USB.<\/div>\n<\/details>\n<details style='margin-bottom:10px; padding:10px; background:#f9f9f9; border-radius:5px;'>\n<summary style='font-weight:bold; cursor:pointer;'>Di che materiale sono le lame?<\/summary>\n<div style='margin-top:10px; color:#555;'>Le lame sono in acciaio inossidabile (304).<\/div>\n<\/details>\n<details style='margin-bottom:10px; padding:10px; background:#f9f9f9; border-radius:5px;'>\n<summary style='font-weight:bold; cursor:pointer;'>Qual \u00e8 la velocit\u00e0 e la potenza di funzionamento?<\/summary>\n<div style='margin-top:10px; color:#555;'>La potenza \u00e8 di 50W e la velocit\u00e0 di rotazione delle lame \u00e8 di 15.000\u201322.000 rpm.<\/div>\n<\/details>\n<details style='margin-bottom:10px; padding:10px; background:#f9f9f9; border-radius:5px;'>\n<summary style='font-weight:bold; cursor:pointer;'>Le parti del frullatore possono essere lavate?<\/summary>\n<div style='margin-top:10px; color:#555;'>S\u00ec, le parti staccabili sono lavabili.<\/div>\n<\/details>\n<\/div>\n","protected":false},"excerpt":{"rendered":"<p>Frullatore portatile ricaricabile a mano da 450ml con potenza di 50W e batteria da 1300mAh (7,4V). Lame in acciaio inox 304, 15.000\u201322.000 giri\/min, ricarica USB, componenti lavabili e base antiscivolo.<\/p>\n","protected":false},"featured_media":5180020,"comment_status":"closed","ping_status":"open","template":"","meta":[],"product_brand":[],"product_cat":[],"product_tag":[15],"class_list":{"0":"post-5311035","1":"product","2":"type-product","3":"status-publish","4":"has-post-thumbnail","6":"product_tag-uncategorized","8":"first","9":"onbackorder","10":"purchasable","11":"product-type-simple"},"jetpack_sharing_enabled":true,"_links":{"self":[{"href":"https:\/\/gadgettravellers.eu\/it\/wp-json\/wp\/v2\/product\/5311035","targetHints":{"allow":["GET"]}}],"collection":[{"href":"https:\/\/gadgettravellers.eu\/it\/wp-json\/wp\/v2\/product"}],"about":[{"href":"https:\/\/gadgettravellers.eu\/it\/wp-json\/wp\/v2\/types\/product"}],"replies":[{"embeddable":true,"href":"https:\/\/gadgettravellers.eu\/it\/wp-json\/wp\/v2\/comments?post=5311035"}],"wp:featuredmedia":[{"embeddable":true,"href":"https:\/\/gadgettravellers.eu\/it\/wp-json\/wp\/v2\/media\/5180020"}],"wp:attachment":[{"href":"https:\/\/gadgettravellers.eu\/it\/wp-json\/wp\/v2\/media?parent=5311035"}],"wp:term":[{"taxonomy":"product_brand","embeddable":true,"href":"https:\/\/gadgettravellers.eu\/it\/wp-json\/wp\/v2\/product_brand?post=5311035"},{"taxonomy":"product_cat","embeddable":true,"href":"https:\/\/gadgettravellers.eu\/it\/wp-json\/wp\/v2\/product_cat?post=5311035"},{"taxonomy":"product_tag","embeddable":true,"href":"https:\/\/gadgettravellers.eu\/it\/wp-json\/wp\/v2\/product_tag?post=5311035"}],"curies":[{"name":"wp","href":"https:\/\/api.w.org\/{rel}","templated":true}]}}