{"id":5311089,"date":"2026-01-19T13:27:32","date_gmt":"2026-01-19T11:27:32","guid":{"rendered":"https:\/\/gadgettravellers.eu\/shop\/triciclo-elettrico-per-bambini-con-faro-bjq-6388-701114-rosa\/"},"modified":"2026-03-09T23:41:38","modified_gmt":"2026-03-09T21:41:38","slug":"triciclo-elettrico-per-bambini-con-faro-bjq-6388-701114-rosa","status":"publish","type":"product","link":"https:\/\/gadgettravellers.eu\/it\/shop\/triciclo-elettrico-per-bambini-con-faro-bjq-6388-701114-rosa\/","title":{"rendered":"Triciclo elettrico per bambini con faro &#8211; BJQ-6388 &#8211; 701114 &#8211; Rosa"},"content":{"rendered":"<p>Monopattino elettrico per bambini con batteria ricaricabile e design impressionante che far\u00e0 impazzire i piccoli easy riders!<\/p>\n<p>Caratteristiche:<\/p>\n<p>Illuminazione a LED con fanale e faro con luce rossa\/blu, <br \/>Acceleratore a pedale,<br \/>Velocit\u00e0: 3-5 km\/h<br \/>Batteria 12V 4.5Ah,<br \/>Lettore MP3 <br \/>Distanza sedile-pedale: 25cm, <br \/>Dimensioni: 113*51*76cm,<br \/>Sedile: 26 x 19 cm,<br \/>Peso massimo supportato: fino a 40 kg, <br \/>3 modalit\u00e0 di movimento: Avanti &#8211; Stop &#8211; Retromarcia, <br \/>Tasti per musica e suoni, <br \/>Tempo di ricarica: 9-12 ore, <br \/>Autonomia d\u2019uso: fino a 2,5 ore, <br \/>Peso del monopattino 12 kg.<\/p>\n<p>Conforme a tutte le norme di sicurezza. <br \/>Adatto a bambini di et\u00e0 superiore ai 3 anni.<\/p>\n<div class='aiseo-faq-section' style='margin-top:30px; border-top:1px solid #eee; padding-top:20px;'>\n<h3>Domande Frequenti<\/h3>\n<details style='margin-bottom:10px; padding:10px; background:#f9f9f9; border-radius:5px;'>\n<summary style='font-weight:bold; cursor:pointer;'>Quanto tempo ci vuole per caricare la batteria?<\/summary>\n<div style='margin-top:10px; color:#555;'>Il tempo di ricarica \u00e8 di 9\u201312 ore.<\/div>\n<\/details>\n<details style='margin-bottom:10px; padding:10px; background:#f9f9f9; border-radius:5px;'>\n<summary style='font-weight:bold; cursor:pointer;'>Qual \u00e8 l&#8217;autonomia d&#8217;uso?<\/summary>\n<div style='margin-top:10px; color:#555;'>L&#8217;autonomia arriva fino a circa 2,5 ore (fino a 150 minuti).<\/div>\n<\/details>\n<details style='margin-bottom:10px; padding:10px; background:#f9f9f9; border-radius:5px;'>\n<summary style='font-weight:bold; cursor:pointer;'>Qual \u00e8 la massima capacit\u00e0 di peso e l&#8217;et\u00e0 appropriata?<\/summary>\n<div style='margin-top:10px; color:#555;'>Sopporta fino a 40 chilogrammi ed \u00e8 adatto per bambini di et\u00e0 pari o superiore a 3 anni.<\/div>\n<\/details>\n<details style='margin-bottom:10px; padding:10px; background:#f9f9f9; border-radius:5px;'>\n<summary style='font-weight:bold; cursor:pointer;'>Quali opzioni di movimento e quali velocit\u00e0 offre?<\/summary>\n<div style='margin-top:10px; color:#555;'>Fornisce 3 opzioni: avanti, stop e retromarcia, con una velocit\u00e0 di 3\u20135 km\/h.<\/div>\n<\/details>\n<details style='margin-bottom:10px; padding:10px; background:#f9f9f9; border-radius:5px;'>\n<summary style='font-weight:bold; cursor:pointer;'>Ha illuminazione e suoni\/MP3?<\/summary>\n<div style='margin-top:10px; color:#555;'>S\u00ec, ha una luce LED e un faro con illuminazione rossa\/blu, tasti musicali e lettore MP3 integrato.<\/div>\n<\/details>\n<\/div>\n","protected":false},"excerpt":{"rendered":"<p>Monopattino elettrico per bambini per et\u00e0 3+, con batteria 12V 4.5Ah, velocit\u00e0 3-5 km\/h, illuminazione LED, MP3 e opzioni avanti\/stop\/retromarcia. Autonomia fino a 150 minuti, resistenza fino a 40 kg.<\/p>\n","protected":false},"featured_media":5180277,"comment_status":"closed","ping_status":"open","template":"","meta":[],"product_brand":[],"product_cat":[],"product_tag":[15],"class_list":{"0":"post-5311089","1":"product","2":"type-product","3":"status-publish","4":"has-post-thumbnail","6":"product_tag-uncategorized","8":"first","9":"onbackorder","10":"purchasable","11":"product-type-simple"},"jetpack_sharing_enabled":true,"_links":{"self":[{"href":"https:\/\/gadgettravellers.eu\/it\/wp-json\/wp\/v2\/product\/5311089","targetHints":{"allow":["GET"]}}],"collection":[{"href":"https:\/\/gadgettravellers.eu\/it\/wp-json\/wp\/v2\/product"}],"about":[{"href":"https:\/\/gadgettravellers.eu\/it\/wp-json\/wp\/v2\/types\/product"}],"replies":[{"embeddable":true,"href":"https:\/\/gadgettravellers.eu\/it\/wp-json\/wp\/v2\/comments?post=5311089"}],"wp:featuredmedia":[{"embeddable":true,"href":"https:\/\/gadgettravellers.eu\/it\/wp-json\/wp\/v2\/media\/5180277"}],"wp:attachment":[{"href":"https:\/\/gadgettravellers.eu\/it\/wp-json\/wp\/v2\/media?parent=5311089"}],"wp:term":[{"taxonomy":"product_brand","embeddable":true,"href":"https:\/\/gadgettravellers.eu\/it\/wp-json\/wp\/v2\/product_brand?post=5311089"},{"taxonomy":"product_cat","embeddable":true,"href":"https:\/\/gadgettravellers.eu\/it\/wp-json\/wp\/v2\/product_cat?post=5311089"},{"taxonomy":"product_tag","embeddable":true,"href":"https:\/\/gadgettravellers.eu\/it\/wp-json\/wp\/v2\/product_tag?post=5311089"}],"curies":[{"name":"wp","href":"https:\/\/api.w.org\/{rel}","templated":true}]}}