{"id":5311094,"date":"2026-01-19T13:27:37","date_gmt":"2026-01-19T11:27:37","guid":{"rendered":"https:\/\/gadgettravellers.eu\/shop\/lettiera-chiusa-per-gatti-alice-lux-50x37x38-5cm-006095-verde\/"},"modified":"2026-05-05T04:58:20","modified_gmt":"2026-05-05T02:58:20","slug":"lettiera-chiusa-per-gatti-alice-lux-50x37x38-5cm-006095-verde","status":"publish","type":"product","link":"https:\/\/gadgettravellers.eu\/it\/shop\/lettiera-chiusa-per-gatti-alice-lux-50x37x38-5cm-006095-verde\/","title":{"rendered":"Lettiera chiusa per gatti &#8211; Alice Lux &#8211; 50x37x38.5cm &#8211; 006095 &#8211; Verde"},"content":{"rendered":"<p>La lettiera chiusa per gatti Alice Lux Series in colore lilla offre eleganza e praticit\u00e0. Con dimensioni di 50 \u00d7 37 \u00d7 38,5 cm, garantisce privacy e comfort al tuo gatto, limitando la fuoriuscita di sabbia e gli odori sgradevoli. \u00c8 resistente, facile da pulire e ideale per l&#8217;uso quotidiano.<\/p>\n<p>Maniglia per un facile trasporto.<br \/>Si pulisce facilmente con acqua calda e sapone.<br \/>Plastica di alta qualit\u00e0 per un uso a lungo termine.<br \/>Include una paletta per la pulizia.<\/p>\n<p>Dimensioni: 50*37*38,5 cm.<\/p>\n","protected":false},"excerpt":{"rendered":"<p>Lettiera chiusa per gatti Alice Lux 50x37x38,5 cm con maniglia ergonomica, paletta e design chiuso che limita la dispersione della sabbia e gli odori. Facile da pulire, costruzione in plastica resistente.<\/p>\n","protected":false},"featured_media":5146971,"comment_status":"closed","ping_status":"open","template":"","meta":[],"product_brand":[],"product_cat":[],"product_tag":[15],"class_list":{"0":"post-5311094","1":"product","2":"type-product","3":"status-publish","4":"has-post-thumbnail","6":"product_tag-uncategorized","8":"first","9":"onbackorder","10":"purchasable","11":"product-type-simple"},"jetpack_sharing_enabled":true,"_links":{"self":[{"href":"https:\/\/gadgettravellers.eu\/it\/wp-json\/wp\/v2\/product\/5311094","targetHints":{"allow":["GET"]}}],"collection":[{"href":"https:\/\/gadgettravellers.eu\/it\/wp-json\/wp\/v2\/product"}],"about":[{"href":"https:\/\/gadgettravellers.eu\/it\/wp-json\/wp\/v2\/types\/product"}],"replies":[{"embeddable":true,"href":"https:\/\/gadgettravellers.eu\/it\/wp-json\/wp\/v2\/comments?post=5311094"}],"wp:featuredmedia":[{"embeddable":true,"href":"https:\/\/gadgettravellers.eu\/it\/wp-json\/wp\/v2\/media\/5146971"}],"wp:attachment":[{"href":"https:\/\/gadgettravellers.eu\/it\/wp-json\/wp\/v2\/media?parent=5311094"}],"wp:term":[{"taxonomy":"product_brand","embeddable":true,"href":"https:\/\/gadgettravellers.eu\/it\/wp-json\/wp\/v2\/product_brand?post=5311094"},{"taxonomy":"product_cat","embeddable":true,"href":"https:\/\/gadgettravellers.eu\/it\/wp-json\/wp\/v2\/product_cat?post=5311094"},{"taxonomy":"product_tag","embeddable":true,"href":"https:\/\/gadgettravellers.eu\/it\/wp-json\/wp\/v2\/product_tag?post=5311094"}],"curies":[{"name":"wp","href":"https:\/\/api.w.org\/{rel}","templated":true}]}}