{"id":5311110,"date":"2026-01-19T13:27:48","date_gmt":"2026-01-19T11:27:48","guid":{"rendered":"https:\/\/gadgettravellers.eu\/shop\/radio-retro-ricaricabile-ns-8069bt-880699-marrone-chiaro-oro\/"},"modified":"2026-04-13T02:06:05","modified_gmt":"2026-04-13T00:06:05","slug":"radio-retro-ricaricabile-ns-8069bt-880699-marrone-chiaro-oro","status":"publish","type":"product","link":"https:\/\/gadgettravellers.eu\/it\/shop\/radio-retro-ricaricabile-ns-8069bt-880699-marrone-chiaro-oro\/","title":{"rendered":"Radio retr\u00f2 ricaricabile &#8211; NS-8069BT &#8211; 880699 &#8211; Marrone chiaro\/Oro"},"content":{"rendered":"<p>Radio portatile dal bellissimo design retr\u00f2 per gli amanti dello stile vintage. <br \/>Offre un&#8217;alta qualit\u00e0 del suono grazie agli altoparlanti stereo, mentre l&#8217;antenna pieghevole garantisce un segnale radio stabile.<br \/>Puoi portare la tua musica preferita ovunque, poich\u00e9 \u00e8 pratico e facile da trasportare, e pu\u00f2 anche essere posizionato come elemento decorativo nel tuo spazio.<\/p>\n<p><strong>Caratteristiche:<\/strong><\/p>\n<p>Batteria ricaricabile integrata<br \/>Frequenze radio: AM, FM, SW<br \/>Sintonizzatore: Analogico<br \/>Porte: USB\/SD\/Jack 3.5mm <br \/>Bluetooth 4.1<br \/>Autonomia batteria: fino a 4 ore <br \/>Maniglia per il trasporto<br \/>Dimensioni: 20*14.5*10cm<\/p>\n<div class='aiseo-faq-section' style='margin-top:30px; border-top:1px solid #eee; padding-top:20px;'>\n<h3>Domande Frequenti<\/h3>\n<details style='margin-bottom:10px; padding:10px; background:#f9f9f9; border-radius:5px;'>\n<summary style='font-weight:bold; cursor:pointer;'>Qual \u00e8 l&#8217;autonomia della batteria?<\/summary>\n<div style='margin-top:10px; color:#555;'>La batteria ricaricabile integrata offre fino a 4 ore di funzionamento per carica.<\/div>\n<\/details>\n<details style='margin-bottom:10px; padding:10px; background:#f9f9f9; border-radius:5px;'>\n<summary style='font-weight:bold; cursor:pointer;'>Quali bande radio sono supportate?<\/summary>\n<div style='margin-top:10px; color:#555;'>Supporta AM, FM e SW con sintonizzatore analogico.<\/div>\n<\/details>\n<details style='margin-bottom:10px; padding:10px; background:#f9f9f9; border-radius:5px;'>\n<summary style='font-weight:bold; cursor:pointer;'>Quali opzioni di connettivit\u00e0 sono disponibili?<\/summary>\n<div style='margin-top:10px; color:#555;'>Dispone di Bluetooth 4.1, porte USB e SD, nonch\u00e9 ingresso AUX da 3,5 mm.<\/div>\n<\/details>\n<details style='margin-bottom:10px; padding:10px; background:#f9f9f9; border-radius:5px;'>\n<summary style='font-weight:bold; cursor:pointer;'>Posso trasferirlo facilmente?<\/summary>\n<div style='margin-top:10px; color:#555;'>S\u00ec, \u00e8 portatile con maniglia per il trasporto e dimensioni compatte di 20\u00d714,5\u00d710 cm.<\/div>\n<\/details>\n<details style='margin-bottom:10px; padding:10px; background:#f9f9f9; border-radius:5px;'>\n<summary style='font-weight:bold; cursor:pointer;'>Come migliorare la ricezione del segnale?<\/summary>\n<div style='margin-top:10px; color:#555;'>Ha un&#8217;antenna pieghevole che fornisce un segnale radio stabile.<\/div>\n<\/details>\n<\/div>\n","protected":false},"excerpt":{"rendered":"<p>Radio portatile retr\u00f2 con Bluetooth 4.1, altoparlanti stereo e sintonizzatore analogico AM\/FM\/SW. Batteria ricaricabile fino a 4 ore, porte USB\/SD\/AUX e antenna pieghevole per un segnale stabile.<\/p>\n","protected":false},"featured_media":5180369,"comment_status":"closed","ping_status":"open","template":"","meta":[],"product_brand":[],"product_cat":[],"product_tag":[15],"class_list":{"0":"post-5311110","1":"product","2":"type-product","3":"status-publish","4":"has-post-thumbnail","6":"product_tag-uncategorized","8":"first","9":"onbackorder","10":"purchasable","11":"product-type-simple"},"jetpack_sharing_enabled":true,"_links":{"self":[{"href":"https:\/\/gadgettravellers.eu\/it\/wp-json\/wp\/v2\/product\/5311110","targetHints":{"allow":["GET"]}}],"collection":[{"href":"https:\/\/gadgettravellers.eu\/it\/wp-json\/wp\/v2\/product"}],"about":[{"href":"https:\/\/gadgettravellers.eu\/it\/wp-json\/wp\/v2\/types\/product"}],"replies":[{"embeddable":true,"href":"https:\/\/gadgettravellers.eu\/it\/wp-json\/wp\/v2\/comments?post=5311110"}],"wp:featuredmedia":[{"embeddable":true,"href":"https:\/\/gadgettravellers.eu\/it\/wp-json\/wp\/v2\/media\/5180369"}],"wp:attachment":[{"href":"https:\/\/gadgettravellers.eu\/it\/wp-json\/wp\/v2\/media?parent=5311110"}],"wp:term":[{"taxonomy":"product_brand","embeddable":true,"href":"https:\/\/gadgettravellers.eu\/it\/wp-json\/wp\/v2\/product_brand?post=5311110"},{"taxonomy":"product_cat","embeddable":true,"href":"https:\/\/gadgettravellers.eu\/it\/wp-json\/wp\/v2\/product_cat?post=5311110"},{"taxonomy":"product_tag","embeddable":true,"href":"https:\/\/gadgettravellers.eu\/it\/wp-json\/wp\/v2\/product_tag?post=5311110"}],"curies":[{"name":"wp","href":"https:\/\/api.w.org\/{rel}","templated":true}]}}