{"id":5311141,"date":"2026-01-19T13:28:06","date_gmt":"2026-01-19T11:28:06","guid":{"rendered":"https:\/\/gadgettravellers.eu\/shop\/lampada-da-parete-solare-led-rgb-104-416153\/"},"modified":"2026-05-05T04:58:34","modified_gmt":"2026-05-05T02:58:34","slug":"lampada-da-parete-solare-led-rgb-104-416153","status":"publish","type":"product","link":"https:\/\/gadgettravellers.eu\/it\/shop\/lampada-da-parete-solare-led-rgb-104-416153\/","title":{"rendered":"Lampada da parete solare LED &#8211; RGB &#8211; 104 &#8211; 416153"},"content":{"rendered":"<p>Lampada solare da parete per esterni con lampadine LED nella parte superiore e inferiore che creano un bellissimo effetto di illuminazione sulla tua parete. Si installa facilmente senza cavi. Caratteristiche: Pannello solare: 5.5V 650ma 2.5W vetro policristallino,<br \/>\nBatteria: 3,7V 4000 mA, LED: SMD5050 8 PEZZI,<br \/>\nTempo di ricarica: >8 ore in pieno sole,<br \/>\nAutonomia della batteria: fino a 8 ore, Colore LED:<br \/>\n3500 &#8211; 6000K &#8211; RGB, Modalit\u00e0 di illuminazione: luce bianca, luce calda, luce gialla: alta luminosit\u00e0 + luminosit\u00e0 media, luce colorata: gradiente + colore fisso, doppio colore: bianco + luce calda.<br \/>\nMateriale: ABS, Impermeabilit\u00e0: IP65,<br \/>\nDimensioni: 26.5 x 12 x 6.5mm.<\/p>\n","protected":false},"excerpt":{"rendered":"<p>Lampada da parete solare LED RGB con pannello solare integrato, batteria da 4000mAh e LED SMD5050. IP65, autonomia fino a 8 ore, molteplici modalit\u00e0 di illuminazione e facile installazione senza cavi.<\/p>\n","protected":false},"featured_media":5098245,"comment_status":"closed","ping_status":"open","template":"","meta":[],"product_brand":[],"product_cat":[],"product_tag":[15],"class_list":{"0":"post-5311141","1":"product","2":"type-product","3":"status-publish","4":"has-post-thumbnail","6":"product_tag-uncategorized","8":"first","9":"onbackorder","10":"purchasable","11":"product-type-simple"},"jetpack_sharing_enabled":true,"_links":{"self":[{"href":"https:\/\/gadgettravellers.eu\/it\/wp-json\/wp\/v2\/product\/5311141","targetHints":{"allow":["GET"]}}],"collection":[{"href":"https:\/\/gadgettravellers.eu\/it\/wp-json\/wp\/v2\/product"}],"about":[{"href":"https:\/\/gadgettravellers.eu\/it\/wp-json\/wp\/v2\/types\/product"}],"replies":[{"embeddable":true,"href":"https:\/\/gadgettravellers.eu\/it\/wp-json\/wp\/v2\/comments?post=5311141"}],"wp:featuredmedia":[{"embeddable":true,"href":"https:\/\/gadgettravellers.eu\/it\/wp-json\/wp\/v2\/media\/5098245"}],"wp:attachment":[{"href":"https:\/\/gadgettravellers.eu\/it\/wp-json\/wp\/v2\/media?parent=5311141"}],"wp:term":[{"taxonomy":"product_brand","embeddable":true,"href":"https:\/\/gadgettravellers.eu\/it\/wp-json\/wp\/v2\/product_brand?post=5311141"},{"taxonomy":"product_cat","embeddable":true,"href":"https:\/\/gadgettravellers.eu\/it\/wp-json\/wp\/v2\/product_cat?post=5311141"},{"taxonomy":"product_tag","embeddable":true,"href":"https:\/\/gadgettravellers.eu\/it\/wp-json\/wp\/v2\/product_tag?post=5311141"}],"curies":[{"name":"wp","href":"https:\/\/api.w.org\/{rel}","templated":true}]}}