{"id":5311202,"date":"2026-01-19T13:28:47","date_gmt":"2026-01-19T11:28:47","guid":{"rendered":"https:\/\/gadgettravellers.eu\/shop\/macchina-espresso-con-macinacaffe-ka3123-dsp-617826\/"},"modified":"2026-03-24T22:31:56","modified_gmt":"2026-03-24T20:31:56","slug":"macchina-espresso-con-macinacaffe-ka3123-dsp-617826","status":"publish","type":"product","link":"https:\/\/gadgettravellers.eu\/it\/shop\/macchina-espresso-con-macinacaffe-ka3123-dsp-617826\/","title":{"rendered":"Macchina Espresso con macinacaff\u00e8 &#8211; KA3123 &#8211; DSP &#8211; 617826"},"content":{"rendered":"<p>Macchina da caff\u00e8 Espresso DSP 2 in 1 con macinacaff\u00e8 integrato. Costruzione e prestazioni di alta qualit\u00e0, ideale per caff\u00e8 espresso professionale e bevande a casa tua. <br \/>Con leva in acciaio e ugello per aria da cui puoi facilmente preparare schiuma di latte calda, cioccolata calda o riscaldare immediatamente latte e bevande.<\/p>\n<p>Caratteristiche:<\/p>\n<p>Schermo LCD Touch, <br \/>Tensione: 220-240V~50\/60Hz, <br \/>Potenza: 1350W, <br \/>Pompa ad alta pressione 20 Bar, <br \/>Serbatoio acqua trasparente rimovibile da 1,7 L, <br \/>Doppia leva, <br \/>Materiale: Acciaio\/inox + ABS, <br \/>Imbuto: Acciaio 51mm, <br \/>Macinacaff\u00e8 con contenitore da 150g e spessore di macinatura regolabile, <br \/>Ugello aria 3 Bar in lega di alluminio con pressione aria regolabile e manico termoisolante, <br \/>Protezione da surriscaldamento e sovrapressione, <br \/>Base rimovibile per facile pulizia, <br \/>Spegnimento automatico. <br \/>Inclusi misurino\/Tamper.<br \/>Dimensioni: 27,5 x 23 x 37 cm<br \/>Lunghezza cavo: 80 cm<\/p>\n<p>Istruzioni per l\u2019uso incluse in inglese.<\/p>\n<div class='aiseo-faq-section' style='margin-top:30px; border-top:1px solid #eee; padding-top:20px;'>\n<h3>Domande Frequenti<\/h3>\n<details style='margin-bottom:10px; padding:10px; background:#f9f9f9; border-radius:5px;'>\n<summary style='font-weight:bold; cursor:pointer;'>Qual \u00e8 la capacit\u00e0 del serbatoio dell&#8217;acqua?<\/summary>\n<div style='margin-top:10px; color:#555;'>Il contenitore \u00e8 rimovibile, trasparente e ha una capacit\u00e0 di 1,7 L.<\/div>\n<\/details>\n<details style='margin-bottom:10px; padding:10px; background:#f9f9f9; border-radius:5px;'>\n<summary style='font-weight:bold; cursor:pointer;'>Quanta pressione fornisce la pompa?<\/summary>\n<div style='margin-top:10px; color:#555;'>La pompa \u00e8 ad alta pressione 20 Bar.<\/div>\n<\/details>\n<details style='margin-bottom:10px; padding:10px; background:#f9f9f9; border-radius:5px;'>\n<summary style='font-weight:bold; cursor:pointer;'>Il mulino \u00e8 integrato e qual \u00e8 la sua capacit\u00e0?<\/summary>\n<div style='margin-top:10px; color:#555;'>S\u00ec, dispone di un macinino integrato con capacit\u00e0 di 150g e spessore di macinatura regolabile.<\/div>\n<\/details>\n<details style='margin-bottom:10px; padding:10px; background:#f9f9f9; border-radius:5px;'>\n<summary style='font-weight:bold; cursor:pointer;'>\u00c8 possibile avere del latte montato?<\/summary>\n<div style='margin-top:10px; color:#555;'>S\u00ec, dispone di un ugello d&#8217;aria da 3 Bar con pressione regolabile e manico termoisolante per una facile schiumatura del latte.<\/div>\n<\/details>\n<details style='margin-bottom:10px; padding:10px; background:#f9f9f9; border-radius:5px;'>\n<summary style='font-weight:bold; cursor:pointer;'>\u00c8 facile pulire la macchina?<\/summary>\n<div style='margin-top:10px; color:#555;'>S\u00ec, dispone di parti rimovibili e base rimovibile per una facile pulizia.<\/div>\n<\/details>\n<\/div>\n","protected":false},"excerpt":{"rendered":"<p>Macchina espresso 2-in-1 con macinacaff\u00e8 integrato da 150g, pompa da 20 bar, 1350W, serbatoio da 1,7L e beccuccio per schiuma di latte. Touchscreen LCD, parti rimovibili per una facile pulizia e spegnimento automatico.<\/p>\n","protected":false},"featured_media":5186132,"comment_status":"closed","ping_status":"open","template":"","meta":[],"product_brand":[],"product_cat":[],"product_tag":[15],"class_list":{"0":"post-5311202","1":"product","2":"type-product","3":"status-publish","4":"has-post-thumbnail","6":"product_tag-uncategorized","8":"first","9":"onbackorder","10":"purchasable","11":"product-type-simple"},"jetpack_sharing_enabled":true,"_links":{"self":[{"href":"https:\/\/gadgettravellers.eu\/it\/wp-json\/wp\/v2\/product\/5311202","targetHints":{"allow":["GET"]}}],"collection":[{"href":"https:\/\/gadgettravellers.eu\/it\/wp-json\/wp\/v2\/product"}],"about":[{"href":"https:\/\/gadgettravellers.eu\/it\/wp-json\/wp\/v2\/types\/product"}],"replies":[{"embeddable":true,"href":"https:\/\/gadgettravellers.eu\/it\/wp-json\/wp\/v2\/comments?post=5311202"}],"wp:featuredmedia":[{"embeddable":true,"href":"https:\/\/gadgettravellers.eu\/it\/wp-json\/wp\/v2\/media\/5186132"}],"wp:attachment":[{"href":"https:\/\/gadgettravellers.eu\/it\/wp-json\/wp\/v2\/media?parent=5311202"}],"wp:term":[{"taxonomy":"product_brand","embeddable":true,"href":"https:\/\/gadgettravellers.eu\/it\/wp-json\/wp\/v2\/product_brand?post=5311202"},{"taxonomy":"product_cat","embeddable":true,"href":"https:\/\/gadgettravellers.eu\/it\/wp-json\/wp\/v2\/product_cat?post=5311202"},{"taxonomy":"product_tag","embeddable":true,"href":"https:\/\/gadgettravellers.eu\/it\/wp-json\/wp\/v2\/product_tag?post=5311202"}],"curies":[{"name":"wp","href":"https:\/\/api.w.org\/{rel}","templated":true}]}}