{"id":5311240,"date":"2026-01-19T13:29:15","date_gmt":"2026-01-19T11:29:15","guid":{"rendered":"https:\/\/gadgettravellers.eu\/shop\/lampada-da-tavolo-led-ricaricabile-con-dimmer-fa-008-817452-marrone-scuro\/"},"modified":"2026-03-09T23:43:23","modified_gmt":"2026-03-09T21:43:23","slug":"lampada-da-tavolo-led-ricaricabile-con-dimmer-fa-008-817452-marrone-scuro","status":"publish","type":"product","link":"https:\/\/gadgettravellers.eu\/it\/shop\/lampada-da-tavolo-led-ricaricabile-con-dimmer-fa-008-817452-marrone-scuro\/","title":{"rendered":"Lampada da tavolo LED ricaricabile con dimmer &#8211; FA-008 &#8211; 817452 &#8211; Marrone scuro"},"content":{"rendered":"<p>Lampada LED ricaricabile con base da tavolo e lampadina Filament, con dimmer, ideale per un&#8217;illuminazione economica senza cavi superflui, in ogni spazio esterno ma anche interno: in campeggio, in spiaggia, sul balcone, in giardino o per un&#8217;illuminazione d&#8217;atmosfera nel soggiorno e nella camera da letto. <\/p>\n<p>Caratteristiche: <br \/>Dimmer per la regolazione dell&#8217;intensit\u00e0 luminosa<br \/>Porta di ricarica Type-C,<br \/>Batteria ricaricabile con autonomia fino a 6 ore di utilizzo (a bassa intensit\u00e0), <br \/>Design pratico per risparmio di spazio e facile conservazione, Dimensioni: 15x9cm.<\/p>\n<div class='aiseo-faq-section' style='margin-top:30px; border-top:1px solid #eee; padding-top:20px;'>\n<h3>Domande Frequenti<\/h3>\n<details style='margin-bottom:10px; padding:10px; background:#f9f9f9; border-radius:5px;'>\n<summary style='font-weight:bold; cursor:pointer;'>Qual \u00e8 l&#8217;autonomia della batteria?<\/summary>\n<div style='margin-top:10px; color:#555;'>La batteria offre un&#8217;autonomia fino a 6 ore di utilizzo a bassa intensit\u00e0 luminosa.<\/div>\n<\/details>\n<details style='margin-bottom:10px; padding:10px; background:#f9f9f9; border-radius:5px;'>\n<summary style='font-weight:bold; cursor:pointer;'>Che tipo di porta di ricarica ha?<\/summary>\n<div style='margin-top:10px; color:#555;'>Dispone di porta di ricarica Type-C.<\/div>\n<\/details>\n<details style='margin-bottom:10px; padding:10px; background:#f9f9f9; border-radius:5px;'>\n<summary style='font-weight:bold; cursor:pointer;'>C&#8217;\u00e8 una regolazione dell&#8217;intensit\u00e0 della luce?<\/summary>\n<div style='margin-top:10px; color:#555;'>S\u00ec, ha un dimmer integrato per regolare l&#8217;intensit\u00e0 della luce.<\/div>\n<\/details>\n<details style='margin-bottom:10px; padding:10px; background:#f9f9f9; border-radius:5px;'>\n<summary style='font-weight:bold; cursor:pointer;'>Pu\u00f2 essere utilizzato all&#8217;aperto?<\/summary>\n<div style='margin-top:10px; color:#555;'>S\u00ec, \u00e8 adatta per campeggio, spiaggia, veranda e giardino, cos\u00ec come per gli ambienti interni.<\/div>\n<\/details>\n<\/div>\n","protected":false},"excerpt":{"rendered":"<p>Lampada da tavolo LED ricaricabile con filamento e dimmer integrato. Dispone di ricarica Type-C, autonomia fino a 6h (a bassa intensit\u00e0) e dimensioni compatte 15x9cm, ideale per ambienti interni ed esterni.<\/p>\n","protected":false},"featured_media":5186475,"comment_status":"closed","ping_status":"open","template":"","meta":[],"product_brand":[],"product_cat":[],"product_tag":[15],"class_list":{"0":"post-5311240","1":"product","2":"type-product","3":"status-publish","4":"has-post-thumbnail","6":"product_tag-uncategorized","8":"first","9":"onbackorder","10":"purchasable","11":"product-type-simple"},"jetpack_sharing_enabled":true,"_links":{"self":[{"href":"https:\/\/gadgettravellers.eu\/it\/wp-json\/wp\/v2\/product\/5311240","targetHints":{"allow":["GET"]}}],"collection":[{"href":"https:\/\/gadgettravellers.eu\/it\/wp-json\/wp\/v2\/product"}],"about":[{"href":"https:\/\/gadgettravellers.eu\/it\/wp-json\/wp\/v2\/types\/product"}],"replies":[{"embeddable":true,"href":"https:\/\/gadgettravellers.eu\/it\/wp-json\/wp\/v2\/comments?post=5311240"}],"wp:featuredmedia":[{"embeddable":true,"href":"https:\/\/gadgettravellers.eu\/it\/wp-json\/wp\/v2\/media\/5186475"}],"wp:attachment":[{"href":"https:\/\/gadgettravellers.eu\/it\/wp-json\/wp\/v2\/media?parent=5311240"}],"wp:term":[{"taxonomy":"product_brand","embeddable":true,"href":"https:\/\/gadgettravellers.eu\/it\/wp-json\/wp\/v2\/product_brand?post=5311240"},{"taxonomy":"product_cat","embeddable":true,"href":"https:\/\/gadgettravellers.eu\/it\/wp-json\/wp\/v2\/product_cat?post=5311240"},{"taxonomy":"product_tag","embeddable":true,"href":"https:\/\/gadgettravellers.eu\/it\/wp-json\/wp\/v2\/product_tag?post=5311240"}],"curies":[{"name":"wp","href":"https:\/\/api.w.org\/{rel}","templated":true}]}}