{"id":5311269,"date":"2026-01-19T13:29:34","date_gmt":"2026-01-19T11:29:34","guid":{"rendered":"https:\/\/gadgettravellers.eu\/shop\/radio-retro-ricaricabile-md-1017bt-020146-marrone\/"},"modified":"2026-04-13T02:07:07","modified_gmt":"2026-04-13T00:07:07","slug":"radio-retro-ricaricabile-md-1017bt-020146-marrone","status":"publish","type":"product","link":"https:\/\/gadgettravellers.eu\/it\/shop\/radio-retro-ricaricabile-md-1017bt-020146-marrone\/","title":{"rendered":"Radio retr\u00f2 ricaricabile &#8211; MD-1017BT &#8211; 020146 &#8211; Marrone"},"content":{"rendered":"<p>Radio portatile dal bellissimo design retr\u00f2 per gli amanti dello stile vintage. Offre un&#8217;alta qualit\u00e0 del suono grazie agli altoparlanti stereo e garantisce un segnale radio stabile.<br \/>Puoi portare la tua musica preferita ovunque, poich\u00e9 \u00e8 pratico e facile da trasportare.<\/p>\n<p>Caratteristiche:<\/p>\n<p>Batteria ricaricabile integrata 3.7V\/1200mAh<br \/>Bande radio: AM, FM, SW<br \/>Sintonizzatore: Analogico<br \/>Supporta: USB\/TF Card\/Jack 3.5mm <br \/>Bluetooth 5.3<br \/>Potenza: 5W<br \/>Tensione di carica: DC 5V<br \/>Antenna pieghevole<br \/>Maniglia pieghevole per il trasporto.<br \/>Dimensioni: 14*11.5*6.5cm<\/p>\n<div class='aiseo-faq-section' style='margin-top:30px; border-top:1px solid #eee; padding-top:20px;'>\n<h3>Domande Frequenti<\/h3>\n<details style='margin-bottom:10px; padding:10px; background:#f9f9f9; border-radius:5px;'>\n<summary style='font-weight:bold; cursor:pointer;'>Qual \u00e8 la capacit\u00e0 della batteria e qual \u00e8 la tensione di carica?<\/summary>\n<div style='margin-top:10px; color:#555;'>La batteria ricaricabile integrata \u00e8 3,7V\/1200mAh e la tensione di carica \u00e8 DC 5V.<\/div>\n<\/details>\n<details style='margin-bottom:10px; padding:10px; background:#f9f9f9; border-radius:5px;'>\n<summary style='font-weight:bold; cursor:pointer;'>Quali bande radio sono supportate?<\/summary>\n<div style='margin-top:10px; color:#555;'>Sono supportate le bande AM, FM e SW.<\/div>\n<\/details>\n<details style='margin-bottom:10px; padding:10px; background:#f9f9f9; border-radius:5px;'>\n<summary style='font-weight:bold; cursor:pointer;'>Supporta la connessione wireless e quale protocollo Bluetooth ha?<\/summary>\n<div style='margin-top:10px; color:#555;'>S\u00ec, supporta la connessione wireless tramite Bluetooth 5.3.<\/div>\n<\/details>\n<details style='margin-bottom:10px; padding:10px; background:#f9f9f9; border-radius:5px;'>\n<summary style='font-weight:bold; cursor:pointer;'>Che tipo di ingressi\/mezzi di riproduzione accetta?<\/summary>\n<div style='margin-top:10px; color:#555;'>Accetta USB, scheda TF e ingresso Jack 3,5 mm (AUX).<\/div>\n<\/details>\n<details style='margin-bottom:10px; padding:10px; background:#f9f9f9; border-radius:5px;'>\n<summary style='font-weight:bold; cursor:pointer;'>Qual \u00e8 la potenza e che tipo di altoparlanti ha?<\/summary>\n<div style='margin-top:10px; color:#555;'>La potenza totale \u00e8 di 5W e dispone di altoparlanti stereo per una qualit\u00e0 audio migliorata.<\/div>\n<\/details>\n<\/div>\n","protected":false},"excerpt":{"rendered":"<p>Radio portatile retr\u00f2 con batteria ricaricabile 3,7V\/1200mAh, Bluetooth 5.3 e altoparlanti stereo. Supporta AM\/FM\/SW, USB\/TF\/AUX e offre una potenza di 5W.<\/p>\n","protected":false},"featured_media":5122119,"comment_status":"closed","ping_status":"open","template":"","meta":[],"product_brand":[],"product_cat":[],"product_tag":[15],"class_list":{"0":"post-5311269","1":"product","2":"type-product","3":"status-publish","4":"has-post-thumbnail","6":"product_tag-uncategorized","8":"first","9":"onbackorder","10":"purchasable","11":"product-type-simple"},"jetpack_sharing_enabled":true,"_links":{"self":[{"href":"https:\/\/gadgettravellers.eu\/it\/wp-json\/wp\/v2\/product\/5311269","targetHints":{"allow":["GET"]}}],"collection":[{"href":"https:\/\/gadgettravellers.eu\/it\/wp-json\/wp\/v2\/product"}],"about":[{"href":"https:\/\/gadgettravellers.eu\/it\/wp-json\/wp\/v2\/types\/product"}],"replies":[{"embeddable":true,"href":"https:\/\/gadgettravellers.eu\/it\/wp-json\/wp\/v2\/comments?post=5311269"}],"wp:featuredmedia":[{"embeddable":true,"href":"https:\/\/gadgettravellers.eu\/it\/wp-json\/wp\/v2\/media\/5122119"}],"wp:attachment":[{"href":"https:\/\/gadgettravellers.eu\/it\/wp-json\/wp\/v2\/media?parent=5311269"}],"wp:term":[{"taxonomy":"product_brand","embeddable":true,"href":"https:\/\/gadgettravellers.eu\/it\/wp-json\/wp\/v2\/product_brand?post=5311269"},{"taxonomy":"product_cat","embeddable":true,"href":"https:\/\/gadgettravellers.eu\/it\/wp-json\/wp\/v2\/product_cat?post=5311269"},{"taxonomy":"product_tag","embeddable":true,"href":"https:\/\/gadgettravellers.eu\/it\/wp-json\/wp\/v2\/product_tag?post=5311269"}],"curies":[{"name":"wp","href":"https:\/\/api.w.org\/{rel}","templated":true}]}}