{"id":5311286,"date":"2026-01-19T13:29:46","date_gmt":"2026-01-19T11:29:46","guid":{"rendered":"https:\/\/gadgettravellers.eu\/shop\/carta-per-fotocopie-a4-80g-500-pezzi-000016\/"},"modified":"2026-03-09T23:43:50","modified_gmt":"2026-03-09T21:43:50","slug":"carta-per-fotocopie-a4-80g-500-pezzi-000016","status":"publish","type":"product","link":"https:\/\/gadgettravellers.eu\/it\/shop\/carta-per-fotocopie-a4-80g-500-pezzi-000016\/","title":{"rendered":"Carta per fotocopie A4 &#8211; 80g &#8211; 500 pezzi &#8211; 000016"},"content":{"rendered":"<p>Carta A4 di alta qualit\u00e0 per stampanti.<br \/>La confezione contiene 500 fogli.<br \/>Peso per foglio: 80gr<br \/>Dimensione carta: A4 &#8211; 210 x 297 mm<\/p>\n<div class='aiseo-faq-section' style='margin-top:30px; border-top:1px solid #eee; padding-top:20px;'>\n<h3>Domande Frequenti<\/h3>\n<details style='margin-bottom:10px; padding:10px; background:#f9f9f9; border-radius:5px;'>\n<summary style='font-weight:bold; cursor:pointer;'>Qual \u00e8 la dimensione della carta?<\/summary>\n<div style='margin-top:10px; color:#555;'>Formato A4 \u2014 210 x 297 mm.<\/div>\n<\/details>\n<details style='margin-bottom:10px; padding:10px; background:#f9f9f9; border-radius:5px;'>\n<summary style='font-weight:bold; cursor:pointer;'>Quante foglie contiene la confezione?<\/summary>\n<div style='margin-top:10px; color:#555;'>500 fogli.<\/div>\n<\/details>\n<details style='margin-bottom:10px; padding:10px; background:#f9f9f9; border-radius:5px;'>\n<summary style='font-weight:bold; cursor:pointer;'>Qual \u00e8 il peso per foglio?<\/summary>\n<div style='margin-top:10px; color:#555;'>80 g (80 g\/m\u00b2).<\/div>\n<\/details>\n<details style='margin-bottom:10px; padding:10px; background:#f9f9f9; border-radius:5px;'>\n<summary style='font-weight:bold; cursor:pointer;'>\u00c8 compatibile con stampanti inkjet e laser?<\/summary>\n<div style='margin-top:10px; color:#555;'>S\u00ec, \u00e8 adatto per stampanti inkjet e laser ed \u00e8 adatto per stampe e fotocopie quotidiane.<\/div>\n<\/details>\n<\/div>\n","protected":false},"excerpt":{"rendered":"<p>Carta per fotocopie A4 80gsm, 500 fogli \u2014 adatta per stampanti inkjet e laser. Ideale per stampe e fotocopie quotidiane, dimensioni 210&#215;297 mm.<\/p>\n","protected":false},"featured_media":5186851,"comment_status":"closed","ping_status":"open","template":"","meta":[],"product_brand":[],"product_cat":[],"product_tag":[15],"class_list":{"0":"post-5311286","1":"product","2":"type-product","3":"status-publish","4":"has-post-thumbnail","6":"product_tag-uncategorized","8":"first","9":"onbackorder","10":"purchasable","11":"product-type-simple"},"jetpack_sharing_enabled":true,"_links":{"self":[{"href":"https:\/\/gadgettravellers.eu\/it\/wp-json\/wp\/v2\/product\/5311286","targetHints":{"allow":["GET"]}}],"collection":[{"href":"https:\/\/gadgettravellers.eu\/it\/wp-json\/wp\/v2\/product"}],"about":[{"href":"https:\/\/gadgettravellers.eu\/it\/wp-json\/wp\/v2\/types\/product"}],"replies":[{"embeddable":true,"href":"https:\/\/gadgettravellers.eu\/it\/wp-json\/wp\/v2\/comments?post=5311286"}],"wp:featuredmedia":[{"embeddable":true,"href":"https:\/\/gadgettravellers.eu\/it\/wp-json\/wp\/v2\/media\/5186851"}],"wp:attachment":[{"href":"https:\/\/gadgettravellers.eu\/it\/wp-json\/wp\/v2\/media?parent=5311286"}],"wp:term":[{"taxonomy":"product_brand","embeddable":true,"href":"https:\/\/gadgettravellers.eu\/it\/wp-json\/wp\/v2\/product_brand?post=5311286"},{"taxonomy":"product_cat","embeddable":true,"href":"https:\/\/gadgettravellers.eu\/it\/wp-json\/wp\/v2\/product_cat?post=5311286"},{"taxonomy":"product_tag","embeddable":true,"href":"https:\/\/gadgettravellers.eu\/it\/wp-json\/wp\/v2\/product_tag?post=5311286"}],"curies":[{"name":"wp","href":"https:\/\/api.w.org\/{rel}","templated":true}]}}