{"id":5311302,"date":"2026-01-19T13:29:55","date_gmt":"2026-01-19T11:29:55","guid":{"rendered":"https:\/\/gadgettravellers.eu\/shop\/apparecchio-acustico-hp-680-happy-sheep-210123\/"},"modified":"2026-04-10T21:37:00","modified_gmt":"2026-04-10T19:37:00","slug":"apparecchio-acustico-hp-680-happy-sheep-210123","status":"publish","type":"product","link":"https:\/\/gadgettravellers.eu\/it\/shop\/apparecchio-acustico-hp-680-happy-sheep-210123\/","title":{"rendered":"Apparecchio acustico &#8211; HP-680 &#8211; Happy Sheep &#8211; 210123"},"content":{"rendered":"<p><strong>Apparecchio acustico &#8211; HP-680 &#8211; Happy Sheep<\/strong><\/p>\n<p>Con questo apparecchio acustico potrai sentire anche i sussurri, amplifica un suono decine di volte (30 db) con il risultato di sentire forte e chiaro con un suono ad alta definizione da lontano e in modo discreto. Potrai ascoltare conversazioni da lontano, guardare la televisione, il teatro o le conferenze da una posizione vantaggiosa, anche il pi\u00f9 piccolo sussurro.<\/p>\n<p>Grazie al microfono speciale ad alta sensibilit\u00e0 e all&#8217;amplificatore digitale di cui \u00e8 dotato, cattura suoni fino a 20 metri di distanza e li amplifica fino a 30 decibel. Fornir\u00e0 alle tue orecchie un suono forte e chiaro con alta definizione.<\/p>\n<p>Dispone di una regolazione che ti permette di impostare il volume che ti si addice meglio.<\/p>\n<p>Ora non dovrai pi\u00f9 guardare la televisione con il volume molto alto e disturbare gli altri. Puoi guardare la televisione mentre il\/la tuo\/a partner dorme tranquillamente o si trova in qualsiasi stanza della casa. <\/p>\n<p>La tua passeggiata nel bosco sar\u00e0 ora un&#8217;altra esperienza: sentirai suoni e uccelli nel bosco che non hai mai sentito prima.<\/p>\n<p>Include 3 diversi adattatori per l&#8217;orecchio di diverse dimensioni per adattarsi a ogni orecchio.<\/p>\n<p>Attenzione, questo amplificatore audio ha un grande potenziamento dei suoni<br \/>Inizia sempre con il volume basso e aumentalo gradualmente per evitare di sentire un rumore forte e sgradevole che potrebbe danneggiare il tuo udito.<br \/>Abbassa sempre il volume quando un suono o una persona si avvicina a te. A distanze ravvicinate il suono sar\u00e0 amplificato e potrebbe essere eccessivamente forte. <\/p>\n<p>Se il dispositivo non amplifica il suono in modo soddisfacente, significa che le batterie sono scariche.<\/p>\n<p>Caratteristiche tecniche:<br \/>Uscita audio massima: 110\u00b15dB<br \/>Amplificazione massima del suono: 30dB<br \/>Distorsione armonica: 10 %<br \/>Risposta in frequenza: 300-4000Hz<br \/>Funzionamento con una batteria da 1,5V (inclusa)<br \/>Consumo di corrente: >4 mA<\/p>\n<p>\u00a0<\/p>\n","protected":false},"excerpt":{"rendered":"<p>Piccolo apparecchio portatile per l&#8217;amplificazione del suono con amplificatore digitale e microfono ad alta sensibilit\u00e0. Amplifica fino a 30db, uscita massima 110db, funziona con batteria da 1,5V e include 3 adattatori per l&#8217;orecchio.<\/p>\n","protected":false},"featured_media":5186889,"comment_status":"closed","ping_status":"open","template":"","meta":[],"product_brand":[],"product_cat":[],"product_tag":[15],"class_list":{"0":"post-5311302","1":"product","2":"type-product","3":"status-publish","4":"has-post-thumbnail","6":"product_tag-uncategorized","8":"first","9":"onbackorder","10":"purchasable","11":"product-type-simple"},"jetpack_sharing_enabled":true,"_links":{"self":[{"href":"https:\/\/gadgettravellers.eu\/it\/wp-json\/wp\/v2\/product\/5311302","targetHints":{"allow":["GET"]}}],"collection":[{"href":"https:\/\/gadgettravellers.eu\/it\/wp-json\/wp\/v2\/product"}],"about":[{"href":"https:\/\/gadgettravellers.eu\/it\/wp-json\/wp\/v2\/types\/product"}],"replies":[{"embeddable":true,"href":"https:\/\/gadgettravellers.eu\/it\/wp-json\/wp\/v2\/comments?post=5311302"}],"wp:featuredmedia":[{"embeddable":true,"href":"https:\/\/gadgettravellers.eu\/it\/wp-json\/wp\/v2\/media\/5186889"}],"wp:attachment":[{"href":"https:\/\/gadgettravellers.eu\/it\/wp-json\/wp\/v2\/media?parent=5311302"}],"wp:term":[{"taxonomy":"product_brand","embeddable":true,"href":"https:\/\/gadgettravellers.eu\/it\/wp-json\/wp\/v2\/product_brand?post=5311302"},{"taxonomy":"product_cat","embeddable":true,"href":"https:\/\/gadgettravellers.eu\/it\/wp-json\/wp\/v2\/product_cat?post=5311302"},{"taxonomy":"product_tag","embeddable":true,"href":"https:\/\/gadgettravellers.eu\/it\/wp-json\/wp\/v2\/product_tag?post=5311302"}],"curies":[{"name":"wp","href":"https:\/\/api.w.org\/{rel}","templated":true}]}}