{"id":5311313,"date":"2026-01-19T13:30:01","date_gmt":"2026-01-19T11:30:01","guid":{"rendered":"https:\/\/gadgettravellers.eu\/shop\/aspirapolvere-per-liquidi-e-solidi-kd2004-dsp-563165\/"},"modified":"2026-03-09T23:44:10","modified_gmt":"2026-03-09T21:44:10","slug":"aspirapolvere-per-liquidi-e-solidi-kd2004-dsp-563165","status":"publish","type":"product","link":"https:\/\/gadgettravellers.eu\/it\/shop\/aspirapolvere-per-liquidi-e-solidi-kd2004-dsp-563165\/","title":{"rendered":"Aspirapolvere per liquidi e solidi &#8211; KD2004 &#8211; DSP &#8211; 563165"},"content":{"rendered":"<p>Aspirapolvere liquidi\/solidi potente, multiuso, con secchio in acciaio inox da 25L che non necessita di svuotamento frequente. Pulisce in profondit\u00e0 con una sola passata, assorbe immediatamente sporco solido e liquido e offre una grande potenza di aspirazione, ideale per la pulizia e la sanificazione biologica di pavimenti, tappeti, moquette e salotti.<\/p>\n<p>Caratteristiche: <br \/>Potenza: 1200W <br \/>Dimensioni: 52 x 36 x 34cm <br \/>Capacit\u00e0 del secchio: 25L <br \/>Secchio in acciaio inox <br \/>Ruote girevoli a 360\u00b0 <br \/>Cavo di alimentazione: 3,5m <br \/>Tubo telescopico in metallo lunghezza max 1,5m<\/p>\n<p>Istruzioni per l\u2019uso in inglese incluse.<\/p>\n<div class='aiseo-faq-section' style='margin-top:30px; border-top:1px solid #eee; padding-top:20px;'>\n<h3>Domande Frequenti<\/h3>\n<details style='margin-bottom:10px; padding:10px; background:#f9f9f9; border-radius:5px;'>\n<summary style='font-weight:bold; cursor:pointer;'>Quali tipi di inquinanti assorbe l&#8217;aspirapolvere?<\/summary>\n<div style='margin-top:10px; color:#555;'>Assorbe immediatamente sporco solido e liquido, adatta per liquidi e solidi.<\/div>\n<\/details>\n<details style='margin-bottom:10px; padding:10px; background:#f9f9f9; border-radius:5px;'>\n<summary style='font-weight:bold; cursor:pointer;'>Qual \u00e8 la potenza del dispositivo?<\/summary>\n<div style='margin-top:10px; color:#555;'>La potenza \u00e8 di 1200W.<\/div>\n<\/details>\n<details style='margin-bottom:10px; padding:10px; background:#f9f9f9; border-radius:5px;'>\n<summary style='font-weight:bold; cursor:pointer;'>Qual \u00e8 la capacit\u00e0 del contenitore e perch\u00e9 non \u00e8 necessario svuotarlo frequentemente?<\/summary>\n<div style='margin-top:10px; color:#555;'>Il secchio \u00e8 da 25L in acciaio inossidabile, offrendo una grande capacit\u00e0 che riduce la frequenza di svuotamento.<\/div>\n<\/details>\n<details style='margin-bottom:10px; padding:10px; background:#f9f9f9; border-radius:5px;'>\n<summary style='font-weight:bold; cursor:pointer;'>Sono incluse istruzioni per l&#8217;uso e in quale lingua?<\/summary>\n<div style='margin-top:10px; color:#555;'>S\u00ec, sono incluse istruzioni per l&#8217;uso in inglese.<\/div>\n<\/details>\n<\/div>\n","protected":false},"excerpt":{"rendered":"<p>Aspirapolvere potente per liquidi e solidi con secchio da 25L in acciaio inossidabile, potenza 1200W, tubo telescopico fino a 1,5 m e ruote a 360\u00b0. Ideale per la pulizia profonda di pavimenti, tappeti e moquette.<\/p>\n","protected":false},"featured_media":5187037,"comment_status":"closed","ping_status":"open","template":"","meta":[],"product_brand":[],"product_cat":[],"product_tag":[15],"class_list":{"0":"post-5311313","1":"product","2":"type-product","3":"status-publish","4":"has-post-thumbnail","6":"product_tag-uncategorized","8":"first","9":"onbackorder","10":"purchasable","11":"product-type-simple"},"jetpack_sharing_enabled":true,"_links":{"self":[{"href":"https:\/\/gadgettravellers.eu\/it\/wp-json\/wp\/v2\/product\/5311313","targetHints":{"allow":["GET"]}}],"collection":[{"href":"https:\/\/gadgettravellers.eu\/it\/wp-json\/wp\/v2\/product"}],"about":[{"href":"https:\/\/gadgettravellers.eu\/it\/wp-json\/wp\/v2\/types\/product"}],"replies":[{"embeddable":true,"href":"https:\/\/gadgettravellers.eu\/it\/wp-json\/wp\/v2\/comments?post=5311313"}],"wp:featuredmedia":[{"embeddable":true,"href":"https:\/\/gadgettravellers.eu\/it\/wp-json\/wp\/v2\/media\/5187037"}],"wp:attachment":[{"href":"https:\/\/gadgettravellers.eu\/it\/wp-json\/wp\/v2\/media?parent=5311313"}],"wp:term":[{"taxonomy":"product_brand","embeddable":true,"href":"https:\/\/gadgettravellers.eu\/it\/wp-json\/wp\/v2\/product_brand?post=5311313"},{"taxonomy":"product_cat","embeddable":true,"href":"https:\/\/gadgettravellers.eu\/it\/wp-json\/wp\/v2\/product_cat?post=5311313"},{"taxonomy":"product_tag","embeddable":true,"href":"https:\/\/gadgettravellers.eu\/it\/wp-json\/wp\/v2\/product_tag?post=5311313"}],"curies":[{"name":"wp","href":"https:\/\/api.w.org\/{rel}","templated":true}]}}