{"id":5311444,"date":"2026-01-19T13:31:09","date_gmt":"2026-01-19T11:31:09","guid":{"rendered":"https:\/\/gadgettravellers.eu\/shop\/trapano-a-colonna-da-banco-benchtop-drill-press-350w-13mm-198503-finder\/"},"modified":"2026-04-21T20:34:58","modified_gmt":"2026-04-21T18:34:58","slug":"trapano-a-colonna-da-banco-benchtop-drill-press-350w-13mm-198503-finder","status":"publish","type":"product","link":"https:\/\/gadgettravellers.eu\/it\/shop\/trapano-a-colonna-da-banco-benchtop-drill-press-350w-13mm-198503-finder\/","title":{"rendered":"Trapano a colonna da banco &#8211; Benchtop Drill Press &#8211; 350W\/13mm &#8211; 198503 &#8211; Finder"},"content":{"rendered":"<p>Caratteristiche:<br \/>Tensione: 220-240V<br \/>Frequenza: 50Hz<br \/>Potenza: 350W<br \/>Velocit\u00e0: 1450RPM<br \/>Dimensione mandrino: 1,5-13mm<br \/>Capacit\u00e0 massima di foratura: 50mm<br \/>Regolazione della velocit\u00e0 a 5 livelli.<\/p>\n<p>\u00a0<\/p>\n<p>FINDER TOOLS \u00e8 un fornitore in rapida crescita con grande esperienza tecnologica nella produzione di utensili. <br \/>Produce utensili di prima qualit\u00e0 che, combinati con il prezzo basso e l&#8217;alta qualit\u00e0 costruttiva, si posizionano ai primi posti nelle preferenze, sia per gli appassionati del fai-da-te sia per gli artigiani che cercano qualit\u00e0 professionale nella scelta pi\u00f9 economica!<\/p>\n","protected":false},"excerpt":{"rendered":"<p>Trapano a colonna da banco 350W con mandrino 1,5-13mm e capacit\u00e0 massima di foratura 50mm. Ideale per fai-da-te e lavori tecnici con 5 regolazioni di velocit\u00e0 per precisione e flessibilit\u00e0.<\/p>\n","protected":false},"featured_media":5188149,"comment_status":"closed","ping_status":"open","template":"","meta":[],"product_brand":[],"product_cat":[],"product_tag":[15],"class_list":{"0":"post-5311444","1":"product","2":"type-product","3":"status-publish","4":"has-post-thumbnail","6":"product_tag-uncategorized","8":"first","9":"onbackorder","10":"purchasable","11":"product-type-simple"},"jetpack_sharing_enabled":true,"_links":{"self":[{"href":"https:\/\/gadgettravellers.eu\/it\/wp-json\/wp\/v2\/product\/5311444","targetHints":{"allow":["GET"]}}],"collection":[{"href":"https:\/\/gadgettravellers.eu\/it\/wp-json\/wp\/v2\/product"}],"about":[{"href":"https:\/\/gadgettravellers.eu\/it\/wp-json\/wp\/v2\/types\/product"}],"replies":[{"embeddable":true,"href":"https:\/\/gadgettravellers.eu\/it\/wp-json\/wp\/v2\/comments?post=5311444"}],"wp:featuredmedia":[{"embeddable":true,"href":"https:\/\/gadgettravellers.eu\/it\/wp-json\/wp\/v2\/media\/5188149"}],"wp:attachment":[{"href":"https:\/\/gadgettravellers.eu\/it\/wp-json\/wp\/v2\/media?parent=5311444"}],"wp:term":[{"taxonomy":"product_brand","embeddable":true,"href":"https:\/\/gadgettravellers.eu\/it\/wp-json\/wp\/v2\/product_brand?post=5311444"},{"taxonomy":"product_cat","embeddable":true,"href":"https:\/\/gadgettravellers.eu\/it\/wp-json\/wp\/v2\/product_cat?post=5311444"},{"taxonomy":"product_tag","embeddable":true,"href":"https:\/\/gadgettravellers.eu\/it\/wp-json\/wp\/v2\/product_tag?post=5311444"}],"curies":[{"name":"wp","href":"https:\/\/api.w.org\/{rel}","templated":true}]}}