{"id":5311485,"date":"2026-01-19T13:31:26","date_gmt":"2026-01-19T11:31:26","guid":{"rendered":"https:\/\/gadgettravellers.eu\/shop\/orologio-da-polso-digitale-ls161-lasika-817391-nero-bianco\/"},"modified":"2026-03-09T23:46:02","modified_gmt":"2026-03-09T21:46:02","slug":"orologio-da-polso-digitale-ls161-lasika-817391-nero-bianco","status":"publish","type":"product","link":"https:\/\/gadgettravellers.eu\/it\/shop\/orologio-da-polso-digitale-ls161-lasika-817391-nero-bianco\/","title":{"rendered":"Orologio da polso digitale &#8211; LS161 &#8211; Lasika &#8211; 817391 &#8211; Nero\/Bianco"},"content":{"rendered":"<p>Orologio digitale da polso unisex, dal design sportivo moderno che si adatta a ogni stile e umore. <br \/>Costruzione resistente, con cinturino morbido e flessibile per una vestibilit\u00e0 confortevole. Resistenza all&#8217;umidit\u00e0<br \/>Coperchio della batteria in acciaio inossidabile.<br \/>Retroilluminazione<br \/>Funzioni base: Data, Ora, Sveglia.<br \/>Larghezza quadrante: 28mm.<\/p>\n<div class='aiseo-faq-section' style='margin-top:30px; border-top:1px solid #eee; padding-top:20px;'>\n<h3>Domande Frequenti<\/h3>\n<details style='margin-bottom:10px; padding:10px; background:#f9f9f9; border-radius:5px;'>\n<summary style='font-weight:bold; cursor:pointer;'>\u00c8 adatto per uomini e donne?<\/summary>\n<div style='margin-top:10px; color:#555;'>S\u00ec, l&#8217;orologio \u00e8 descritto come unisex con un design sportivo adatto a entrambi i sessi.<\/div>\n<\/details>\n<details style='margin-bottom:10px; padding:10px; background:#f9f9f9; border-radius:5px;'>\n<summary style='font-weight:bold; cursor:pointer;'>Quali funzioni include?<\/summary>\n<div style='margin-top:10px; color:#555;'>Dispone di retroilluminazione, visualizzazione della data, indicazione dell&#8217;ora e allarme.<\/div>\n<\/details>\n<details style='margin-bottom:10px; padding:10px; background:#f9f9f9; border-radius:5px;'>\n<summary style='font-weight:bold; cursor:pointer;'>Ha resistenza all&#8217;acqua?<\/summary>\n<div style='margin-top:10px; color:#555;'>Si fa riferimento alla resistenza all&#8217;umidit\u00e0, senza fornire un grado specifico di impermeabilit\u00e0.<\/div>\n<\/details>\n<details style='margin-bottom:10px; padding:10px; background:#f9f9f9; border-radius:5px;'>\n<summary style='font-weight:bold; cursor:pointer;'>Di quali materiali sono il cinturino e il coperchio della batteria?<\/summary>\n<div style='margin-top:10px; color:#555;'>Il cinturino \u00e8 morbido e flessibile per una vestibilit\u00e0 confortevole, mentre il coperchio della batteria \u00e8 in acciaio inossidabile.<\/div>\n<\/details>\n<\/div>\n","protected":false},"excerpt":{"rendered":"<p>Orologio da polso digitale unisex in design sportivo con retroilluminazione, data e allarme. Cinturino morbido e confortevole, coperchio della batteria in acciaio inossidabile e resistenza all&#8217;umidit\u00e0.<\/p>\n","protected":false},"featured_media":5188412,"comment_status":"closed","ping_status":"open","template":"","meta":[],"product_brand":[],"product_cat":[],"product_tag":[15],"class_list":{"0":"post-5311485","1":"product","2":"type-product","3":"status-publish","4":"has-post-thumbnail","6":"product_tag-uncategorized","8":"first","9":"onbackorder","10":"purchasable","11":"product-type-simple"},"jetpack_sharing_enabled":true,"_links":{"self":[{"href":"https:\/\/gadgettravellers.eu\/it\/wp-json\/wp\/v2\/product\/5311485","targetHints":{"allow":["GET"]}}],"collection":[{"href":"https:\/\/gadgettravellers.eu\/it\/wp-json\/wp\/v2\/product"}],"about":[{"href":"https:\/\/gadgettravellers.eu\/it\/wp-json\/wp\/v2\/types\/product"}],"replies":[{"embeddable":true,"href":"https:\/\/gadgettravellers.eu\/it\/wp-json\/wp\/v2\/comments?post=5311485"}],"wp:featuredmedia":[{"embeddable":true,"href":"https:\/\/gadgettravellers.eu\/it\/wp-json\/wp\/v2\/media\/5188412"}],"wp:attachment":[{"href":"https:\/\/gadgettravellers.eu\/it\/wp-json\/wp\/v2\/media?parent=5311485"}],"wp:term":[{"taxonomy":"product_brand","embeddable":true,"href":"https:\/\/gadgettravellers.eu\/it\/wp-json\/wp\/v2\/product_brand?post=5311485"},{"taxonomy":"product_cat","embeddable":true,"href":"https:\/\/gadgettravellers.eu\/it\/wp-json\/wp\/v2\/product_cat?post=5311485"},{"taxonomy":"product_tag","embeddable":true,"href":"https:\/\/gadgettravellers.eu\/it\/wp-json\/wp\/v2\/product_tag?post=5311485"}],"curies":[{"name":"wp","href":"https:\/\/api.w.org\/{rel}","templated":true}]}}