{"id":5311533,"date":"2026-01-19T13:31:49","date_gmt":"2026-01-19T11:31:49","guid":{"rendered":"https:\/\/gadgettravellers.eu\/shop\/trasportino-per-animali-domestici-in-plastica-felix-48x32-5x32-5cm-006118-nero-rosa\/"},"modified":"2026-03-09T23:46:32","modified_gmt":"2026-03-09T21:46:32","slug":"trasportino-per-animali-domestici-in-plastica-felix-48x32-5x32-5cm-006118-nero-rosa","status":"publish","type":"product","link":"https:\/\/gadgettravellers.eu\/it\/shop\/trasportino-per-animali-domestici-in-plastica-felix-48x32-5x32-5cm-006118-nero-rosa\/","title":{"rendered":"Trasportino per animali domestici in plastica &#8211; Felix &#8211; 48&#215;32.5&#215;32.5cm &#8211; 006118 &#8211; Nero\/Rosa"},"content":{"rendered":"<p>La Felix Mix Box \u00e8 una borsa per il trasporto di animali domestici di colore nero con chiusure rosa, con dimensioni 48 \u00d7 32,5 \u00d7 32,5 cm, <br \/>offre uno spazio confortevole e sicurezza per il trasporto del tuo animale domestico. <br \/>\u00c8 resistente, leggera e facile da usare, ideale per viaggi o visite dal veterinario.<\/p>\n<div class='aiseo-faq-section' style='margin-top:30px; border-top:1px solid #eee; padding-top:20px;'>\n<h3>Domande Frequenti<\/h3>\n<details style='margin-bottom:10px; padding:10px; background:#f9f9f9; border-radius:5px;'>\n<summary style='font-weight:bold; cursor:pointer;'>Quali sono le dimensioni della gabbia?<\/summary>\n<div style='margin-top:10px; color:#555;'>Le dimensioni sono 48 \u00d7 32,5 \u00d7 32,5 cm.<\/div>\n<\/details>\n<details style='margin-bottom:10px; padding:10px; background:#f9f9f9; border-radius:5px;'>\n<summary style='font-weight:bold; cursor:pointer;'>\u00c8 adatto per viaggi e visite dal veterinario?<\/summary>\n<div style='margin-top:10px; color:#555;'>S\u00ec, \u00e8 ideale per viaggi e visite dal veterinario grazie alla sicurezza e alla facilit\u00e0 d&#8217;uso.<\/div>\n<\/details>\n<details style='margin-bottom:10px; padding:10px; background:#f9f9f9; border-radius:5px;'>\n<summary style='font-weight:bold; cursor:pointer;'>Di quale materiale \u00e8 fatto e \u00e8 resistente?<\/summary>\n<div style='margin-top:10px; color:#555;'>\u00c8 realizzato in plastica ed \u00e8 resistente ma allo stesso tempo leggero.<\/div>\n<\/details>\n<details style='margin-bottom:10px; padding:10px; background:#f9f9f9; border-radius:5px;'>\n<summary style='font-weight:bold; cursor:pointer;'>Per quali animali domestici \u00e8 indicato?<\/summary>\n<div style='margin-top:10px; color:#555;'>Adatto per gatti e cani di piccola taglia o altri piccoli animali, a seconda delle dimensioni.<\/div>\n<\/details>\n<\/div>\n","protected":false},"excerpt":{"rendered":"<p>Gabbia di trasporto in plastica resistente e leggera 48\u00d732,5\u00d732,5 cm con chiusure rosa. Facile da usare, sicura e adatta per viaggi o visite dal veterinario.<\/p>\n","protected":false},"featured_media":5146991,"comment_status":"closed","ping_status":"open","template":"","meta":[],"product_brand":[],"product_cat":[],"product_tag":[15],"class_list":{"0":"post-5311533","1":"product","2":"type-product","3":"status-publish","4":"has-post-thumbnail","6":"product_tag-uncategorized","8":"first","9":"onbackorder","10":"purchasable","11":"product-type-simple"},"jetpack_sharing_enabled":true,"_links":{"self":[{"href":"https:\/\/gadgettravellers.eu\/it\/wp-json\/wp\/v2\/product\/5311533","targetHints":{"allow":["GET"]}}],"collection":[{"href":"https:\/\/gadgettravellers.eu\/it\/wp-json\/wp\/v2\/product"}],"about":[{"href":"https:\/\/gadgettravellers.eu\/it\/wp-json\/wp\/v2\/types\/product"}],"replies":[{"embeddable":true,"href":"https:\/\/gadgettravellers.eu\/it\/wp-json\/wp\/v2\/comments?post=5311533"}],"wp:featuredmedia":[{"embeddable":true,"href":"https:\/\/gadgettravellers.eu\/it\/wp-json\/wp\/v2\/media\/5146991"}],"wp:attachment":[{"href":"https:\/\/gadgettravellers.eu\/it\/wp-json\/wp\/v2\/media?parent=5311533"}],"wp:term":[{"taxonomy":"product_brand","embeddable":true,"href":"https:\/\/gadgettravellers.eu\/it\/wp-json\/wp\/v2\/product_brand?post=5311533"},{"taxonomy":"product_cat","embeddable":true,"href":"https:\/\/gadgettravellers.eu\/it\/wp-json\/wp\/v2\/product_cat?post=5311533"},{"taxonomy":"product_tag","embeddable":true,"href":"https:\/\/gadgettravellers.eu\/it\/wp-json\/wp\/v2\/product_tag?post=5311533"}],"curies":[{"name":"wp","href":"https:\/\/api.w.org\/{rel}","templated":true}]}}