{"id":5311649,"date":"2026-01-19T13:32:55","date_gmt":"2026-01-19T11:32:55","guid":{"rendered":"https:\/\/gadgettravellers.eu\/shop\/lavagna-magica-per-bambini-disegna-con-la-luce-742364\/"},"modified":"2026-04-15T21:48:57","modified_gmt":"2026-04-15T19:48:57","slug":"lavagna-magica-per-bambini-disegna-con-la-luce-742364","status":"publish","type":"product","link":"https:\/\/gadgettravellers.eu\/it\/shop\/lavagna-magica-per-bambini-disegna-con-la-luce-742364\/","title":{"rendered":"Lavagna magica per bambini &#8211; Disegna con la luce &#8211; 742364"},"content":{"rendered":"<p>Dimensioni della confezione: 22X30 cm.<\/p>\n<p>1. Aiuter\u00e0 il bambino a scoprire le sue capacit\u00e0 creative, ma allo stesso tempo, i mobili e la tappezzeria del vostro appartamento non saranno &#8220;decorati&#8221; con motivi e scritte a mano.<br \/>2. Prendete un tablet speciale con rivestimento che accumula luce, con un indicatore a torcia e iniziate a disegnare! Dal tocco del &#8220;pennello&#8221; sulla &#8220;tela&#8221; appariranno linee luminose, la luminosit\u00e0 e la nitidezza delle quali dipendono dalla distanza dall&#8217;indicatore al tablet e dall&#8217;angolo di inclinazione. Non si pu\u00f2 cancellare dalla superficie di lavoro, ma si pu\u00f2 disegnare sopra, poich\u00e9 ogni nuova linea sar\u00e0 pi\u00f9 luminosa della precedente. L&#8217;immagine scompare completamente in 30-40 minuti.<br \/>3. All&#8217;altra estremit\u00e0 dell&#8217;indicatore c&#8217;\u00e8 una penna con inchiostro speciale che appare solo sotto la luce della torcia. Non pu\u00f2 essere usata per disegnare sul tablet &#8211; usate carta normale per questo!<\/p>\n","protected":false},"excerpt":{"rendered":"<p>Lavagna magica per bambini Draw with Light, dimensioni 22&#215;30 cm. Superficie illuminata che mostra linee luminose con un indicatore, l&#8217;immagine si cancella in 30-40 minuti; include una penna con inchiostro invisibile.<\/p>\n","protected":false},"featured_media":5074877,"comment_status":"closed","ping_status":"open","template":"","meta":[],"product_brand":[],"product_cat":[],"product_tag":[15],"class_list":{"0":"post-5311649","1":"product","2":"type-product","3":"status-publish","4":"has-post-thumbnail","6":"product_tag-uncategorized","8":"first","9":"onbackorder","10":"purchasable","11":"product-type-simple"},"jetpack_sharing_enabled":true,"_links":{"self":[{"href":"https:\/\/gadgettravellers.eu\/it\/wp-json\/wp\/v2\/product\/5311649","targetHints":{"allow":["GET"]}}],"collection":[{"href":"https:\/\/gadgettravellers.eu\/it\/wp-json\/wp\/v2\/product"}],"about":[{"href":"https:\/\/gadgettravellers.eu\/it\/wp-json\/wp\/v2\/types\/product"}],"replies":[{"embeddable":true,"href":"https:\/\/gadgettravellers.eu\/it\/wp-json\/wp\/v2\/comments?post=5311649"}],"wp:featuredmedia":[{"embeddable":true,"href":"https:\/\/gadgettravellers.eu\/it\/wp-json\/wp\/v2\/media\/5074877"}],"wp:attachment":[{"href":"https:\/\/gadgettravellers.eu\/it\/wp-json\/wp\/v2\/media?parent=5311649"}],"wp:term":[{"taxonomy":"product_brand","embeddable":true,"href":"https:\/\/gadgettravellers.eu\/it\/wp-json\/wp\/v2\/product_brand?post=5311649"},{"taxonomy":"product_cat","embeddable":true,"href":"https:\/\/gadgettravellers.eu\/it\/wp-json\/wp\/v2\/product_cat?post=5311649"},{"taxonomy":"product_tag","embeddable":true,"href":"https:\/\/gadgettravellers.eu\/it\/wp-json\/wp\/v2\/product_tag?post=5311649"}],"curies":[{"name":"wp","href":"https:\/\/api.w.org\/{rel}","templated":true}]}}