{"id":5311683,"date":"2026-01-19T13:33:21","date_gmt":"2026-01-19T11:33:21","guid":{"rendered":"https:\/\/gadgettravellers.eu\/shop\/macchina-per-macinare-carne-jmk8004-jamaky-004019\/"},"modified":"2026-04-13T02:09:55","modified_gmt":"2026-04-13T00:09:55","slug":"macchina-per-macinare-carne-jmk8004-jamaky-004019","status":"publish","type":"product","link":"https:\/\/gadgettravellers.eu\/it\/shop\/macchina-per-macinare-carne-jmk8004-jamaky-004019\/","title":{"rendered":"Macchina per macinare carne &#8211; JMK8004 &#8211; Jamaky &#8211; 004019"},"content":{"rendered":"<p>Apparecchio domestico per macinare carne che ti offre la possibilit\u00e0 di avere carne macinata fresca nel comfort della tua casa. Costruzione e prestazioni di alta qualit\u00e0, con molti accessori e uso facile e sicuro. Pu\u00f2 essere utilizzato anche per macinare frutta, verdura, ecc.<\/p>\n<p>Caratteristiche: <br \/>Tensione: 220-240V~ 50\/60Hz <br \/>Potenza massima: 2500W <br \/>Motore <span data-sheets-root=\"1\" data-sheets-value=\"{\"1\":2,\"2\":\"\u03a3\u03c5\u03bc\u03c0\u03b9\u03b5\u03c3\u03c4\u03ae\u03c2 \u0397\u03bb\u03b5\u03ba\u03c4\u03c1\u03b9\u03ba\u03cc\u03c2 \u039c\u03cd\u03bb\u03bf\u03c2 \u039a\u03c1\u03ad\u03b1\u03c4\u03bf\u03c2 1500W \u03bc\u03b5\u03b3\u03ac\u03bb\u03b7\u03c2 \u03c0\u03bf\u03c3\u03cc\u03c4\u03b7\u03c4\u03b1\u03c2 JMK8004n\u03a7\u03b1\u03c1\u03b1\u03ba\u03c4\u03b7\u03c1\u03b9\u03c3\u03c4\u03b9\u03ba\u03ac:nn\u039f \u03ba\u03b9\u03bd\u03b7\u03c4\u03ae\u03c1\u03b1\u03c2 \u03c4\u03c9\u03bd 1500W \u03bc\u03c0\u03bf\u03c1\u03b5\u03af \u03bd\u03b1 \u03c7\u03b5\u03b9\u03c1\u03b9\u03c3\u03c4\u03b5\u03af \u03c0\u03b9\u03bf \u03c3\u03ba\u03bb\u03b7\u03c1\u03ac \u03ba\u03c1\u03ad\u03b1\u03c4\u03b1 \u03ba\u03b1\u03b8\u03ce\u03c2 \u03ba\u03b1\u03b9 \u03c0\u03bf\u03c3\u03cc\u03c4\u03b7\u03c4\u03b1 lager \u03bb\u03cc\u03b3\u03c9 \u03c4\u03b7\u03c2 \u03b9\u03c3\u03c7\u03cd\u03bf\u03c2 \u03c4\u03bf\u03c5n\u0391\u03c5\u03c4\u03ae \u03b7 \u03bc\u03b7\u03c7\u03b1\u03bd\u03ae \u03ba\u03bf\u03c0\u03ae\u03c2 \u03ba\u03c1\u03ad\u03b1\u03c4\u03bf\u03c2 \u03c0\u03b5\u03c1\u03b9\u03bb\u03b1\u03bc\u03b2\u03ac\u03bd\u03b5\u03b9 \u03b4\u03b9\u03b1\u03c6\u03bf\u03c1\u03b5\u03c4\u03b9\u03ba\u03ad\u03c2 \u03c0\u03bb\u03ac\u03ba\u03b5\u03c2 \u03bb\u03b5\u03af\u03b1\u03bd\u03c3\u03b7\u03c2 \u03bc\u03b5 \u03b4\u03b9\u03ac\u03c6\u03bf\u03c1\u03b1 \u03bc\u03b5\u03b3\u03ad\u03b8\u03b7 \u03bf\u03c0\u03ce\u03bd, \u03b5\u03c0\u03b9\u03c4\u03c1\u03ad\u03c0\u03bf\u03bd\u03c4\u03ac\u03c2 \u03c3\u03b1\u03c2 \u03bd\u03b1 \u03b5\u03c0\u03b9\u03bb\u03ad\u03be\u03b5\u03c4\u03b5 \u03c4\u03b7 \u03c7\u03bf\u03bd\u03b4\u03c1\u03cc\u03c4\u03b7\u03c4\u03b1 \u03c4\u03bf\u03c5 \u03ba\u03b9\u03bc\u03acn\u039c\u03b9\u03b1 \u03bb\u03b5\u03c0\u03af\u03b4\u03b1 \u03ba\u03bf\u03c0\u03ae\u03c2 \u03c7\u03c1\u03b7\u03c3\u03b9\u03bc\u03bf\u03c0\u03bf\u03b9\u03b5\u03af\u03c4\u03b1\u03b9 \u03c3\u03b5 \u03c3\u03c5\u03bd\u03b4\u03c5\u03b1\u03c3\u03bc\u03cc \u03bc\u03b5 \u03c4\u03b9\u03c2 \u03c0\u03bb\u03ac\u03ba\u03b5\u03c2 \u03bb\u03b5\u03af\u03b1\u03bd\u03c3\u03b7\u03c2 \u03b3\u03b9\u03b1 \u03c4\u03b7\u03bd \u03b1\u03c0\u03bf\u03c4\u03b5\u03bb\u03b5\u03c3\u03bc\u03b1\u03c4\u03b9\u03ba\u03ae \u03ba\u03bf\u03c0\u03ae \u03ba\u03b1\u03b9 \u03ac\u03bb\u03b5\u03c3\u03b7 \u03c4\u03bf\u03c5 \u03ba\u03c1\u03ad\u03b1\u03c4\u03bf\u03c2n\u0391\u03c5\u03c4\u03ae \u03b7 \u03bc\u03b7\u03c7\u03b1\u03bd\u03ae \u03ba\u03bf\u03c0\u03ae\u03c2 \u03ba\u03c1\u03ad\u03b1\u03c4\u03bf\u03c2 \u03ad\u03c7\u03b5\u03b9 \u03b1\u03c6\u03b1\u03b9\u03c1\u03bf\u03cd\u03bc\u03b5\u03bd\u03b1 \u03b5\u03be\u03b1\u03c1\u03c4\u03ae\u03bc\u03b1\u03c4\u03b1 \u03c0\u03bf\u03c5 \u03c0\u03bb\u03ad\u03bd\u03bf\u03bd\u03c4\u03b1\u03b9 \u03c3\u03c4\u03bf \u03c0\u03bb\u03c5\u03bd\u03c4\u03ae\u03c1\u03b9\u03bf \u03c0\u03b9\u03ac\u03c4\u03c9\u03bd, \u03ba\u03ac\u03bd\u03bf\u03bd\u03c4\u03b1\u03c2 \u03c4\u03bf\u03bd \u03ba\u03b1\u03b8\u03b1\u03c1\u03b9\u03c3\u03bc\u03cc \u03ac\u03bd\u03b5\u03c4\u03bfn\u039c\u03b9\u03b1 \u03c3\u03c4\u03b9\u03b2\u03b1\u03c1\u03ae \u03ba\u03b1\u03b9 \u03c3\u03c4\u03b1\u03b8\u03b5\u03c1\u03ae \u03b2\u03ac\u03c3\u03b7 \u03bc\u03b5 \u03b1\u03bd\u03c4\u03b9\u03bf\u03bb\u03b9\u03c3\u03b8\u03b7\u03c4\u03b9\u03ba\u03ac \u03bb\u03b1\u03c3\u03c4\u03b9\u03c7\u03ad\u03bd\u03b9\u03b1 \u03c0\u03cc\u03b4\u03b9\u03b1 \u03b1\u03c0\u03bf\u03c4\u03c1\u03ad\u03c0\u03b5\u03b9 \u03c4\u03b7\u03bd \u03ba\u03af\u03bd\u03b7\u03c3\u03b7 \u03c4\u03bf\u03c5 \u03bc\u03cd\u03bb\u03bf\u03c5 \u03ba\u03b1\u03c4\u03ac \u03c4\u03b7 \u03c7\u03c1\u03ae\u03c3\u03b7n\u0391\u03c5\u03c4\u03ae \u03b7 \u03bc\u03b7\u03c7\u03b1\u03bd\u03ae \u03ba\u03bf\u03c0\u03ae\u03c2 \u03ba\u03c1\u03ad\u03b1\u03c4\u03bf\u03c2 \u03b5\u03af\u03bd\u03b1\u03b9 \u03ba\u03b1\u03c4\u03b1\u03c3\u03ba\u03b5\u03c5\u03b1\u03c3\u03bc\u03ad\u03bd\u03b7 \u03b1\u03c0\u03cc \u03c3\u03c4\u03b9\u03b2\u03b1\u03c1\u03ac \u03c5\u03bb\u03b9\u03ba\u03ac \u03c0\u03bf\u03c5 \u03b5\u03be\u03b1\u03c3\u03c6\u03b1\u03bb\u03af\u03b6\u03bf\u03c5\u03bd \u03bc\u03b1\u03ba\u03c1\u03bf\u03c7\u03c1\u03cc\u03bd\u03b9\u03b1 \u03c7\u03c1\u03ae\u03c3\u03b7 \u03c7\u03c9\u03c1\u03af\u03c2 \u03bd\u03b1 \u03c7\u03c1\u03b5\u03b9\u03ac\u03b6\u03b5\u03c4\u03b1\u03b9 \u03b1\u03bd\u03c4\u03b9\u03ba\u03b1\u03c4\u03ac\u03c3\u03c4\u03b1\u03c3\u03b7n\u03a0\u03c1\u03bf\u03b4\u03b9\u03b1\u03b3\u03c1\u03b1\u03c6\u03ad\u03c2:nn\u039c\u03ac\u03c1\u03ba\u03b1: JAMAKYn\u039c\u03bf\u03bd\u03c4\u03ad\u03bb\u03bf: JMK8004n\u03a5\u03bb\u03b9\u03ba\u03cc: \u0391\u03bd\u03bf\u03be\u03b5\u03af\u03b4\u03c9\u03c4\u03bf \u03b1\u03c4\u03c3\u03ac\u03bb\u03b9, \u03a0\u03bb\u03b1\u03c3\u03c4\u03b9\u03ba\u03cc, \u03a7\u03c5\u03c4\u03cc \u03b1\u03bb\u03bf\u03c5\u03bc\u03af\u03bd\u03b9\u03bf, \u03ba\u03b1\u03bf\u03c5\u03c4\u03c3\u03bf\u03cd\u03ban\u03a4\u03ac\u03c3\u03b7: 220-240V ~ 50\/60Hzn\u039f\u03bd\u03bf\u03bc\u03b1\u03c3\u03c4\u03b9\u03ba\u03ae \u03b9\u03c3\u03c7\u03cd\u03c2: 1500Wn\u0399\u03c3\u03c7\u03cd\u03c2 \u03ba\u03bb\u03b5\u03b9\u03b4\u03ce\u03bc\u03b1\u03c4\u03bf\u03c2: 2500Wn\u039a\u03b9\u03bd\u03b7\u03c4\u03ae\u03c1\u03b1\u03c2: 7620\"}\" data-sheets-userformat=\"{\"2\":1051137,\"3\":{\"1\":0},\"12\":0,\"14\":{\"1\":2,\"2\":16711680},\"23\":1}\">7620<\/span> <br \/>Protezione da surriscaldamento <br \/>2 teste di taglio di diverse dimensioni,<br \/>Componenti rimovibili per una facile pulizia e lavaggio, base antiscivolo stabile.<br \/><span data-sheets-root=\"1\" data-sheets-value=\"{\"1\":2,\"2\":\"\u03a3\u03c5\u03bc\u03c0\u03b9\u03b5\u03c3\u03c4\u03ae\u03c2 \u0397\u03bb\u03b5\u03ba\u03c4\u03c1\u03b9\u03ba\u03cc\u03c2 \u039c\u03cd\u03bb\u03bf\u03c2 \u039a\u03c1\u03ad\u03b1\u03c4\u03bf\u03c2 1500W \u03bc\u03b5\u03b3\u03ac\u03bb\u03b7\u03c2 \u03c0\u03bf\u03c3\u03cc\u03c4\u03b7\u03c4\u03b1\u03c2 JMK8004n\u03a7\u03b1\u03c1\u03b1\u03ba\u03c4\u03b7\u03c1\u03b9\u03c3\u03c4\u03b9\u03ba\u03ac:nn\u039f \u03ba\u03b9\u03bd\u03b7\u03c4\u03ae\u03c1\u03b1\u03c2 \u03c4\u03c9\u03bd 1500W \u03bc\u03c0\u03bf\u03c1\u03b5\u03af \u03bd\u03b1 \u03c7\u03b5\u03b9\u03c1\u03b9\u03c3\u03c4\u03b5\u03af \u03c0\u03b9\u03bf \u03c3\u03ba\u03bb\u03b7\u03c1\u03ac \u03ba\u03c1\u03ad\u03b1\u03c4\u03b1 \u03ba\u03b1\u03b8\u03ce\u03c2 \u03ba\u03b1\u03b9 \u03c0\u03bf\u03c3\u03cc\u03c4\u03b7\u03c4\u03b1 lager \u03bb\u03cc\u03b3\u03c9 \u03c4\u03b7\u03c2 \u03b9\u03c3\u03c7\u03cd\u03bf\u03c2 \u03c4\u03bf\u03c5n\u0391\u03c5\u03c4\u03ae \u03b7 \u03bc\u03b7\u03c7\u03b1\u03bd\u03ae \u03ba\u03bf\u03c0\u03ae\u03c2 \u03ba\u03c1\u03ad\u03b1\u03c4\u03bf\u03c2 \u03c0\u03b5\u03c1\u03b9\u03bb\u03b1\u03bc\u03b2\u03ac\u03bd\u03b5\u03b9 \u03b4\u03b9\u03b1\u03c6\u03bf\u03c1\u03b5\u03c4\u03b9\u03ba\u03ad\u03c2 \u03c0\u03bb\u03ac\u03ba\u03b5\u03c2 \u03bb\u03b5\u03af\u03b1\u03bd\u03c3\u03b7\u03c2 \u03bc\u03b5 \u03b4\u03b9\u03ac\u03c6\u03bf\u03c1\u03b1 \u03bc\u03b5\u03b3\u03ad\u03b8\u03b7 \u03bf\u03c0\u03ce\u03bd, \u03b5\u03c0\u03b9\u03c4\u03c1\u03ad\u03c0\u03bf\u03bd\u03c4\u03ac\u03c2 \u03c3\u03b1\u03c2 \u03bd\u03b1 \u03b5\u03c0\u03b9\u03bb\u03ad\u03be\u03b5\u03c4\u03b5 \u03c4\u03b7 \u03c7\u03bf\u03bd\u03b4\u03c1\u03cc\u03c4\u03b7\u03c4\u03b1 \u03c4\u03bf\u03c5 \u03ba\u03b9\u03bc\u03acn\u039c\u03b9\u03b1 \u03bb\u03b5\u03c0\u03af\u03b4\u03b1 \u03ba\u03bf\u03c0\u03ae\u03c2 \u03c7\u03c1\u03b7\u03c3\u03b9\u03bc\u03bf\u03c0\u03bf\u03b9\u03b5\u03af\u03c4\u03b1\u03b9 \u03c3\u03b5 \u03c3\u03c5\u03bd\u03b4\u03c5\u03b1\u03c3\u03bc\u03cc \u03bc\u03b5 \u03c4\u03b9\u03c2 \u03c0\u03bb\u03ac\u03ba\u03b5\u03c2 \u03bb\u03b5\u03af\u03b1\u03bd\u03c3\u03b7\u03c2 \u03b3\u03b9\u03b1 \u03c4\u03b7\u03bd \u03b1\u03c0\u03bf\u03c4\u03b5\u03bb\u03b5\u03c3\u03bc\u03b1\u03c4\u03b9\u03ba\u03ae \u03ba\u03bf\u03c0\u03ae \u03ba\u03b1\u03b9 \u03ac\u03bb\u03b5\u03c3\u03b7 \u03c4\u03bf\u03c5 \u03ba\u03c1\u03ad\u03b1\u03c4\u03bf\u03c2n\u0391\u03c5\u03c4\u03ae \u03b7 \u03bc\u03b7\u03c7\u03b1\u03bd\u03ae \u03ba\u03bf\u03c0\u03ae\u03c2 \u03ba\u03c1\u03ad\u03b1\u03c4\u03bf\u03c2 \u03ad\u03c7\u03b5\u03b9 \u03b1\u03c6\u03b1\u03b9\u03c1\u03bf\u03cd\u03bc\u03b5\u03bd\u03b1 \u03b5\u03be\u03b1\u03c1\u03c4\u03ae\u03bc\u03b1\u03c4\u03b1 \u03c0\u03bf\u03c5 \u03c0\u03bb\u03ad\u03bd\u03bf\u03bd\u03c4\u03b1\u03b9 \u03c3\u03c4\u03bf \u03c0\u03bb\u03c5\u03bd\u03c4\u03ae\u03c1\u03b9\u03bf \u03c0\u03b9\u03ac\u03c4\u03c9\u03bd, \u03ba\u03ac\u03bd\u03bf\u03bd\u03c4\u03b1\u03c2 \u03c4\u03bf\u03bd \u03ba\u03b1\u03b8\u03b1\u03c1\u03b9\u03c3\u03bc\u03cc \u03ac\u03bd\u03b5\u03c4\u03bfn\u039c\u03b9\u03b1 \u03c3\u03c4\u03b9\u03b2\u03b1\u03c1\u03ae \u03ba\u03b1\u03b9 \u03c3\u03c4\u03b1\u03b8\u03b5\u03c1\u03ae \u03b2\u03ac\u03c3\u03b7 \u03bc\u03b5 \u03b1\u03bd\u03c4\u03b9\u03bf\u03bb\u03b9\u03c3\u03b8\u03b7\u03c4\u03b9\u03ba\u03ac \u03bb\u03b1\u03c3\u03c4\u03b9\u03c7\u03ad\u03bd\u03b9\u03b1 \u03c0\u03cc\u03b4\u03b9\u03b1 \u03b1\u03c0\u03bf\u03c4\u03c1\u03ad\u03c0\u03b5\u03b9 \u03c4\u03b7\u03bd \u03ba\u03af\u03bd\u03b7\u03c3\u03b7 \u03c4\u03bf\u03c5 \u03bc\u03cd\u03bb\u03bf\u03c5 \u03ba\u03b1\u03c4\u03ac \u03c4\u03b7 \u03c7\u03c1\u03ae\u03c3\u03b7n\u0391\u03c5\u03c4\u03ae \u03b7 \u03bc\u03b7\u03c7\u03b1\u03bd\u03ae \u03ba\u03bf\u03c0\u03ae\u03c2 \u03ba\u03c1\u03ad\u03b1\u03c4\u03bf\u03c2 \u03b5\u03af\u03bd\u03b1\u03b9 \u03ba\u03b1\u03c4\u03b1\u03c3\u03ba\u03b5\u03c5\u03b1\u03c3\u03bc\u03ad\u03bd\u03b7 \u03b1\u03c0\u03cc \u03c3\u03c4\u03b9\u03b2\u03b1\u03c1\u03ac \u03c5\u03bb\u03b9\u03ba\u03ac \u03c0\u03bf\u03c5 \u03b5\u03be\u03b1\u03c3\u03c6\u03b1\u03bb\u03af\u03b6\u03bf\u03c5\u03bd \u03bc\u03b1\u03ba\u03c1\u03bf\u03c7\u03c1\u03cc\u03bd\u03b9\u03b1 \u03c7\u03c1\u03ae\u03c3\u03b7 \u03c7\u03c9\u03c1\u03af\u03c2 \u03bd\u03b1 \u03c7\u03c1\u03b5\u03b9\u03ac\u03b6\u03b5\u03c4\u03b1\u03b9 \u03b1\u03bd\u03c4\u03b9\u03ba\u03b1\u03c4\u03ac\u03c3\u03c4\u03b1\u03c3\u03b7n\u03a0\u03c1\u03bf\u03b4\u03b9\u03b1\u03b3\u03c1\u03b1\u03c6\u03ad\u03c2:nn\u039c\u03ac\u03c1\u03ba\u03b1: JAMAKYn\u039c\u03bf\u03bd\u03c4\u03ad\u03bb\u03bf: JMK8004n\u03a5\u03bb\u03b9\u03ba\u03cc: \u0391\u03bd\u03bf\u03be\u03b5\u03af\u03b4\u03c9\u03c4\u03bf \u03b1\u03c4\u03c3\u03ac\u03bb\u03b9, \u03a0\u03bb\u03b1\u03c3\u03c4\u03b9\u03ba\u03cc, \u03a7\u03c5\u03c4\u03cc \u03b1\u03bb\u03bf\u03c5\u03bc\u03af\u03bd\u03b9\u03bf, \u03ba\u03b1\u03bf\u03c5\u03c4\u03c3\u03bf\u03cd\u03ban\u03a4\u03ac\u03c3\u03b7: 220-240V ~ 50\/60Hzn\u039f\u03bd\u03bf\u03bc\u03b1\u03c3\u03c4\u03b9\u03ba\u03ae \u03b9\u03c3\u03c7\u03cd\u03c2: 1500Wn\u0399\u03c3\u03c7\u03cd\u03c2 \u03ba\u03bb\u03b5\u03b9\u03b4\u03ce\u03bc\u03b1\u03c4\u03bf\u03c2: 2500Wn\u039a\u03b9\u03bd\u03b7\u03c4\u03ae\u03c1\u03b1\u03c2: 7620\"}\" data-sheets-userformat=\"{\"2\":1051137,\"3\":{\"1\":0},\"12\":0,\"14\":{\"1\":2,\"2\":16711680},\"23\":1}\">Materiale: Acciaio inossidabile, Plastica, Alluminio pressofuso, Gomma<\/span><span data-sheets-root=\"1\" data-sheets-value=\"{\"1\":2,\"2\":\"\u03a3\u03c5\u03bc\u03c0\u03b9\u03b5\u03c3\u03c4\u03ae\u03c2 \u0397\u03bb\u03b5\u03ba\u03c4\u03c1\u03b9\u03ba\u03cc\u03c2 \u039c\u03cd\u03bb\u03bf\u03c2 \u039a\u03c1\u03ad\u03b1\u03c4\u03bf\u03c2 1500W \u03bc\u03b5\u03b3\u03ac\u03bb\u03b7\u03c2 \u03c0\u03bf\u03c3\u03cc\u03c4\u03b7\u03c4\u03b1\u03c2 JMK8004n\u03a7\u03b1\u03c1\u03b1\u03ba\u03c4\u03b7\u03c1\u03b9\u03c3\u03c4\u03b9\u03ba\u03ac:nn\u039f \u03ba\u03b9\u03bd\u03b7\u03c4\u03ae\u03c1\u03b1\u03c2 \u03c4\u03c9\u03bd 1500W \u03bc\u03c0\u03bf\u03c1\u03b5\u03af \u03bd\u03b1 \u03c7\u03b5\u03b9\u03c1\u03b9\u03c3\u03c4\u03b5\u03af \u03c0\u03b9\u03bf \u03c3\u03ba\u03bb\u03b7\u03c1\u03ac \u03ba\u03c1\u03ad\u03b1\u03c4\u03b1 \u03ba\u03b1\u03b8\u03ce\u03c2 \u03ba\u03b1\u03b9 \u03c0\u03bf\u03c3\u03cc\u03c4\u03b7\u03c4\u03b1 lager \u03bb\u03cc\u03b3\u03c9 \u03c4\u03b7\u03c2 \u03b9\u03c3\u03c7\u03cd\u03bf\u03c2 \u03c4\u03bf\u03c5n\u0391\u03c5\u03c4\u03ae \u03b7 \u03bc\u03b7\u03c7\u03b1\u03bd\u03ae \u03ba\u03bf\u03c0\u03ae\u03c2 \u03ba\u03c1\u03ad\u03b1\u03c4\u03bf\u03c2 \u03c0\u03b5\u03c1\u03b9\u03bb\u03b1\u03bc\u03b2\u03ac\u03bd\u03b5\u03b9 \u03b4\u03b9\u03b1\u03c6\u03bf\u03c1\u03b5\u03c4\u03b9\u03ba\u03ad\u03c2 \u03c0\u03bb\u03ac\u03ba\u03b5\u03c2 \u03bb\u03b5\u03af\u03b1\u03bd\u03c3\u03b7\u03c2 \u03bc\u03b5 \u03b4\u03b9\u03ac\u03c6\u03bf\u03c1\u03b1 \u03bc\u03b5\u03b3\u03ad\u03b8\u03b7 \u03bf\u03c0\u03ce\u03bd, \u03b5\u03c0\u03b9\u03c4\u03c1\u03ad\u03c0\u03bf\u03bd\u03c4\u03ac\u03c2 \u03c3\u03b1\u03c2 \u03bd\u03b1 \u03b5\u03c0\u03b9\u03bb\u03ad\u03be\u03b5\u03c4\u03b5 \u03c4\u03b7 \u03c7\u03bf\u03bd\u03b4\u03c1\u03cc\u03c4\u03b7\u03c4\u03b1 \u03c4\u03bf\u03c5 \u03ba\u03b9\u03bc\u03acn\u039c\u03b9\u03b1 \u03bb\u03b5\u03c0\u03af\u03b4\u03b1 \u03ba\u03bf\u03c0\u03ae\u03c2 \u03c7\u03c1\u03b7\u03c3\u03b9\u03bc\u03bf\u03c0\u03bf\u03b9\u03b5\u03af\u03c4\u03b1\u03b9 \u03c3\u03b5 \u03c3\u03c5\u03bd\u03b4\u03c5\u03b1\u03c3\u03bc\u03cc \u03bc\u03b5 \u03c4\u03b9\u03c2 \u03c0\u03bb\u03ac\u03ba\u03b5\u03c2 \u03bb\u03b5\u03af\u03b1\u03bd\u03c3\u03b7\u03c2 \u03b3\u03b9\u03b1 \u03c4\u03b7\u03bd \u03b1\u03c0\u03bf\u03c4\u03b5\u03bb\u03b5\u03c3\u03bc\u03b1\u03c4\u03b9\u03ba\u03ae \u03ba\u03bf\u03c0\u03ae \u03ba\u03b1\u03b9 \u03ac\u03bb\u03b5\u03c3\u03b7 \u03c4\u03bf\u03c5 \u03ba\u03c1\u03ad\u03b1\u03c4\u03bf\u03c2n\u0391\u03c5\u03c4\u03ae \u03b7 \u03bc\u03b7\u03c7\u03b1\u03bd\u03ae \u03ba\u03bf\u03c0\u03ae\u03c2 \u03ba\u03c1\u03ad\u03b1\u03c4\u03bf\u03c2 \u03ad\u03c7\u03b5\u03b9 \u03b1\u03c6\u03b1\u03b9\u03c1\u03bf\u03cd\u03bc\u03b5\u03bd\u03b1 \u03b5\u03be\u03b1\u03c1\u03c4\u03ae\u03bc\u03b1\u03c4\u03b1 \u03c0\u03bf\u03c5 \u03c0\u03bb\u03ad\u03bd\u03bf\u03bd\u03c4\u03b1\u03b9 \u03c3\u03c4\u03bf \u03c0\u03bb\u03c5\u03bd\u03c4\u03ae\u03c1\u03b9\u03bf \u03c0\u03b9\u03ac\u03c4\u03c9\u03bd, \u03ba\u03ac\u03bd\u03bf\u03bd\u03c4\u03b1\u03c2 \u03c4\u03bf\u03bd \u03ba\u03b1\u03b8\u03b1\u03c1\u03b9\u03c3\u03bc\u03cc \u03ac\u03bd\u03b5\u03c4\u03bfn\u039c\u03b9\u03b1 \u03c3\u03c4\u03b9\u03b2\u03b1\u03c1\u03ae \u03ba\u03b1\u03b9 \u03c3\u03c4\u03b1\u03b8\u03b5\u03c1\u03ae \u03b2\u03ac\u03c3\u03b7 \u03bc\u03b5 \u03b1\u03bd\u03c4\u03b9\u03bf\u03bb\u03b9\u03c3\u03b8\u03b7\u03c4\u03b9\u03ba\u03ac \u03bb\u03b1\u03c3\u03c4\u03b9\u03c7\u03ad\u03bd\u03b9\u03b1 \u03c0\u03cc\u03b4\u03b9\u03b1 \u03b1\u03c0\u03bf\u03c4\u03c1\u03ad\u03c0\u03b5\u03b9 \u03c4\u03b7\u03bd \u03ba\u03af\u03bd\u03b7\u03c3\u03b7 \u03c4\u03bf\u03c5 \u03bc\u03cd\u03bb\u03bf\u03c5 \u03ba\u03b1\u03c4\u03ac \u03c4\u03b7 \u03c7\u03c1\u03ae\u03c3\u03b7n\u0391\u03c5\u03c4\u03ae \u03b7 \u03bc\u03b7\u03c7\u03b1\u03bd\u03ae \u03ba\u03bf\u03c0\u03ae\u03c2 \u03ba\u03c1\u03ad\u03b1\u03c4\u03bf\u03c2 \u03b5\u03af\u03bd\u03b1\u03b9 \u03ba\u03b1\u03c4\u03b1\u03c3\u03ba\u03b5\u03c5\u03b1\u03c3\u03bc\u03ad\u03bd\u03b7 \u03b1\u03c0\u03cc \u03c3\u03c4\u03b9\u03b2\u03b1\u03c1\u03ac \u03c5\u03bb\u03b9\u03ba\u03ac \u03c0\u03bf\u03c5 \u03b5\u03be\u03b1\u03c3\u03c6\u03b1\u03bb\u03af\u03b6\u03bf\u03c5\u03bd \u03bc\u03b1\u03ba\u03c1\u03bf\u03c7\u03c1\u03cc\u03bd\u03b9\u03b1 \u03c7\u03c1\u03ae\u03c3\u03b7 \u03c7\u03c9\u03c1\u03af\u03c2 \u03bd\u03b1 \u03c7\u03c1\u03b5\u03b9\u03ac\u03b6\u03b5\u03c4\u03b1\u03b9 \u03b1\u03bd\u03c4\u03b9\u03ba\u03b1\u03c4\u03ac\u03c3\u03c4\u03b1\u03c3\u03b7n\u03a0\u03c1\u03bf\u03b4\u03b9\u03b1\u03b3\u03c1\u03b1\u03c6\u03ad\u03c2:nn\u039c\u03ac\u03c1\u03ba\u03b1: JAMAKYn\u039c\u03bf\u03bd\u03c4\u03ad\u03bb\u03bf: JMK8004n\u03a5\u03bb\u03b9\u03ba\u03cc: \u0391\u03bd\u03bf\u03be\u03b5\u03af\u03b4\u03c9\u03c4\u03bf \u03b1\u03c4\u03c3\u03ac\u03bb\u03b9, \u03a0\u03bb\u03b1\u03c3\u03c4\u03b9\u03ba\u03cc, \u03a7\u03c5\u03c4\u03cc \u03b1\u03bb\u03bf\u03c5\u03bc\u03af\u03bd\u03b9\u03bf, \u03ba\u03b1\u03bf\u03c5\u03c4\u03c3\u03bf\u03cd\u03ban\u03a4\u03ac\u03c3\u03b7: 220-240V ~ 50\/60Hzn\u039f\u03bd\u03bf\u03bc\u03b1\u03c3\u03c4\u03b9\u03ba\u03ae \u03b9\u03c3\u03c7\u03cd\u03c2: 1500Wn\u0399\u03c3\u03c7\u03cd\u03c2 \u03ba\u03bb\u03b5\u03b9\u03b4\u03ce\u03bc\u03b1\u03c4\u03bf\u03c2: 2500Wn\u039a\u03b9\u03bd\u03b7\u03c4\u03ae\u03c1\u03b1\u03c2: 7620\"}\" data-sheets-userformat=\"{\"2\":1051137,\"3\":{\"1\":0},\"12\":0,\"14\":{\"1\":2,\"2\":16711680},\"23\":1}\"><br \/><\/span><\/p>\n<div class='aiseo-faq-section' style='margin-top:30px; border-top:1px solid #eee; padding-top:20px;'>\n<h3>Domande Frequenti<\/h3>\n<details style='margin-bottom:10px; padding:10px; background:#f9f9f9; border-radius:5px;'>\n<summary style='font-weight:bold; cursor:pointer;'>Qual \u00e8 la potenza massima del motore?<\/summary>\n<div style='margin-top:10px; color:#555;'>La potenza massima \u00e8 2500W.<\/div>\n<\/details>\n<details style='margin-bottom:10px; padding:10px; background:#f9f9f9; border-radius:5px;'>\n<summary style='font-weight:bold; cursor:pointer;'>Pu\u00f2 essere utilizzato anche per macinare frutta o verdura?<\/summary>\n<div style='margin-top:10px; color:#555;'>S\u00ec, pu\u00f2 tritare frutta e verdura cos\u00ec come carne macinata.<\/div>\n<\/details>\n<details style='margin-bottom:10px; padding:10px; background:#f9f9f9; border-radius:5px;'>\n<summary style='font-weight:bold; cursor:pointer;'>Di che materiale sono fatti i componenti della macchina?<\/summary>\n<div style='margin-top:10px; color:#555;'>I componenti sono in acciaio inossidabile, plastica, alluminio pressofuso e gomma.<\/div>\n<\/details>\n<details style='margin-bottom:10px; padding:10px; background:#f9f9f9; border-radius:5px;'>\n<summary style='font-weight:bold; cursor:pointer;'>Ha protezione contro il surriscaldamento?<\/summary>\n<div style='margin-top:10px; color:#555;'>S\u00ec, dispone di protezione contro il surriscaldamento.<\/div>\n<\/details>\n<\/div>\n","protected":false},"excerpt":{"rendered":"<p>Potente tritacarne domestico da 2500W con motore 7620, componenti resistenti in acciaio inossidabile e alluminio pressofuso. Parti rimovibili per una facile pulizia, protezione da surriscaldamento e base antiscivolo.<\/p>\n","protected":false},"featured_media":5189797,"comment_status":"closed","ping_status":"open","template":"","meta":[],"product_brand":[],"product_cat":[],"product_tag":[15],"class_list":{"0":"post-5311683","1":"product","2":"type-product","3":"status-publish","4":"has-post-thumbnail","6":"product_tag-uncategorized","8":"first","9":"onbackorder","10":"purchasable","11":"product-type-simple"},"jetpack_sharing_enabled":true,"_links":{"self":[{"href":"https:\/\/gadgettravellers.eu\/it\/wp-json\/wp\/v2\/product\/5311683","targetHints":{"allow":["GET"]}}],"collection":[{"href":"https:\/\/gadgettravellers.eu\/it\/wp-json\/wp\/v2\/product"}],"about":[{"href":"https:\/\/gadgettravellers.eu\/it\/wp-json\/wp\/v2\/types\/product"}],"replies":[{"embeddable":true,"href":"https:\/\/gadgettravellers.eu\/it\/wp-json\/wp\/v2\/comments?post=5311683"}],"wp:featuredmedia":[{"embeddable":true,"href":"https:\/\/gadgettravellers.eu\/it\/wp-json\/wp\/v2\/media\/5189797"}],"wp:attachment":[{"href":"https:\/\/gadgettravellers.eu\/it\/wp-json\/wp\/v2\/media?parent=5311683"}],"wp:term":[{"taxonomy":"product_brand","embeddable":true,"href":"https:\/\/gadgettravellers.eu\/it\/wp-json\/wp\/v2\/product_brand?post=5311683"},{"taxonomy":"product_cat","embeddable":true,"href":"https:\/\/gadgettravellers.eu\/it\/wp-json\/wp\/v2\/product_cat?post=5311683"},{"taxonomy":"product_tag","embeddable":true,"href":"https:\/\/gadgettravellers.eu\/it\/wp-json\/wp\/v2\/product_tag?post=5311683"}],"curies":[{"name":"wp","href":"https:\/\/api.w.org\/{rel}","templated":true}]}}