{"id":5311739,"date":"2026-01-19T13:34:04","date_gmt":"2026-01-19T11:34:04","guid":{"rendered":"https:\/\/gadgettravellers.eu\/shop\/palla-kettlebell-80138-10kg-150219\/"},"modified":"2026-04-13T02:10:23","modified_gmt":"2026-04-13T00:10:23","slug":"palla-kettlebell-80138-10kg-150219","status":"publish","type":"product","link":"https:\/\/gadgettravellers.eu\/it\/shop\/palla-kettlebell-80138-10kg-150219\/","title":{"rendered":"Palla Kettlebell &#8211; 80138 &#8211; 10kg &#8211; 150219"},"content":{"rendered":"<p>Pesi per allenamento Kettlebell con manico ergonomico, ideale per l&#8217;allenamento di tutto il corpo con gli esercizi appropriati ma anche per migliorare la postura e tonificare la massa muscolare. <br \/>Con rivestimento elastico antiscivolo.<\/p>\n<p><strong>*Disponibile in vari colori &#8211; Spedizione del colore in base alla disponibilit\u00e0.\u00a0<\/strong><\/p>\n<div class='aiseo-faq-section' style='margin-top:30px; border-top:1px solid #eee; padding-top:20px;'>\n<h3>Domande Frequenti<\/h3>\n<details style='margin-bottom:10px; padding:10px; background:#f9f9f9; border-radius:5px;'>\n<summary style='font-weight:bold; cursor:pointer;'>Qual \u00e8 il peso di questo kettlebell?<\/summary>\n<div style='margin-top:10px; color:#555;'>Il peso ha un peso di 10 kg.<\/div>\n<\/details>\n<details style='margin-bottom:10px; padding:10px; background:#f9f9f9; border-radius:5px;'>\n<summary style='font-weight:bold; cursor:pointer;'>Che tipo di maniglia ha?<\/summary>\n<div style='margin-top:10px; color:#555;'>Dispone di un&#8217;impugnatura ergonomica progettata per una presa salda.<\/div>\n<\/details>\n<details style='margin-bottom:10px; padding:10px; background:#f9f9f9; border-radius:5px;'>\n<summary style='font-weight:bold; cursor:pointer;'>La superficie del kettlebell \u00e8 antiscivolo?<\/summary>\n<div style='margin-top:10px; color:#555;'>S\u00ec, ha una fodera antiscivolo elastica per una migliore presa.<\/div>\n<\/details>\n<details style='margin-bottom:10px; padding:10px; background:#f9f9f9; border-radius:5px;'>\n<summary style='font-weight:bold; cursor:pointer;'>Per quali esercizi \u00e8 adatto?<\/summary>\n<div style='margin-top:10px; color:#555;'>\u00c8 ideale per esercizi per tutto il corpo, movimenti funzionali e potenziamento.<\/div>\n<\/details>\n<details style='margin-bottom:10px; padding:10px; background:#f9f9f9; border-radius:5px;'>\n<summary style='font-weight:bold; cursor:pointer;'>Ci sono diversi colori disponibili?<\/summary>\n<div style='margin-top:10px; color:#555;'>S\u00ec, \u00e8 disponibile in una variet\u00e0 di colori e il colore viene spedito in base alla disponibilit\u00e0.<\/div>\n<\/details>\n<\/div>\n","protected":false},"excerpt":{"rendered":"<p>Pesa kettlebell da 10kg con manico ergonomico e rivestimento elastico antiscivolo. Ideale per esercizi per tutto il corpo, miglioramento della postura e aumento della forza muscolare. Spedizione del colore in base alla disponibilit\u00e0.<\/p>\n","protected":false},"featured_media":5190152,"comment_status":"closed","ping_status":"open","template":"","meta":[],"product_brand":[],"product_cat":[],"product_tag":[15],"class_list":{"0":"post-5311739","1":"product","2":"type-product","3":"status-publish","4":"has-post-thumbnail","6":"product_tag-uncategorized","8":"first","9":"onbackorder","10":"purchasable","11":"product-type-simple"},"jetpack_sharing_enabled":true,"_links":{"self":[{"href":"https:\/\/gadgettravellers.eu\/it\/wp-json\/wp\/v2\/product\/5311739","targetHints":{"allow":["GET"]}}],"collection":[{"href":"https:\/\/gadgettravellers.eu\/it\/wp-json\/wp\/v2\/product"}],"about":[{"href":"https:\/\/gadgettravellers.eu\/it\/wp-json\/wp\/v2\/types\/product"}],"replies":[{"embeddable":true,"href":"https:\/\/gadgettravellers.eu\/it\/wp-json\/wp\/v2\/comments?post=5311739"}],"wp:featuredmedia":[{"embeddable":true,"href":"https:\/\/gadgettravellers.eu\/it\/wp-json\/wp\/v2\/media\/5190152"}],"wp:attachment":[{"href":"https:\/\/gadgettravellers.eu\/it\/wp-json\/wp\/v2\/media?parent=5311739"}],"wp:term":[{"taxonomy":"product_brand","embeddable":true,"href":"https:\/\/gadgettravellers.eu\/it\/wp-json\/wp\/v2\/product_brand?post=5311739"},{"taxonomy":"product_cat","embeddable":true,"href":"https:\/\/gadgettravellers.eu\/it\/wp-json\/wp\/v2\/product_cat?post=5311739"},{"taxonomy":"product_tag","embeddable":true,"href":"https:\/\/gadgettravellers.eu\/it\/wp-json\/wp\/v2\/product_tag?post=5311739"}],"curies":[{"name":"wp","href":"https:\/\/api.w.org\/{rel}","templated":true}]}}