{"id":5311740,"date":"2026-01-19T13:34:05","date_gmt":"2026-01-19T11:34:05","guid":{"rendered":"https:\/\/gadgettravellers.eu\/shop\/palla-kettlebell-80138-8kg-150202\/"},"modified":"2026-04-13T02:10:24","modified_gmt":"2026-04-13T00:10:24","slug":"palla-kettlebell-80138-8kg-150202","status":"publish","type":"product","link":"https:\/\/gadgettravellers.eu\/it\/shop\/palla-kettlebell-80138-8kg-150202\/","title":{"rendered":"Palla Kettlebell &#8211; 80138 &#8211; 8kg &#8211; 150202"},"content":{"rendered":"<p>Pesi per allenamento Kettlebell con manico ergonomico, ideale per l&#8217;allenamento di tutto il corpo con gli esercizi appropriati ma anche per migliorare la postura e tonificare la massa muscolare. <br \/>Con rivestimento elastico antiscivolo.<\/p>\n<p><strong>*Disponibile in vari colori &#8211; Spedizione del colore in base alla disponibilit\u00e0.\u00a0<\/strong><\/p>\n<div class='aiseo-faq-section' style='margin-top:30px; border-top:1px solid #eee; padding-top:20px;'>\n<h3>Domande Frequenti<\/h3>\n<details style='margin-bottom:10px; padding:10px; background:#f9f9f9; border-radius:5px;'>\n<summary style='font-weight:bold; cursor:pointer;'>Quanto pesa questo piombo?<\/summary>\n<div style='margin-top:10px; color:#555;'>Il peso ha un peso di 8 kg.<\/div>\n<\/details>\n<details style='margin-bottom:10px; padding:10px; background:#f9f9f9; border-radius:5px;'>\n<summary style='font-weight:bold; cursor:pointer;'>Per quali esercizi \u00e8 adatto?<\/summary>\n<div style='margin-top:10px; color:#555;'>\u00c8 ideale per esercizi per tutto il corpo e esercizi di rafforzamento.<\/div>\n<\/details>\n<details style='margin-bottom:10px; padding:10px; background:#f9f9f9; border-radius:5px;'>\n<summary style='font-weight:bold; cursor:pointer;'>Che tipo di maniglia ha?<\/summary>\n<div style='margin-top:10px; color:#555;'>Dispone di una maniglia ergonomica per una presa comoda e stabile.<\/div>\n<\/details>\n<details style='margin-bottom:10px; padding:10px; background:#f9f9f9; border-radius:5px;'>\n<summary style='font-weight:bold; cursor:pointer;'>Ha una superficie antiscivolo?<\/summary>\n<div style='margin-top:10px; color:#555;'>S\u00ec, ha una fodera antiscivolo elastica.<\/div>\n<\/details>\n<details style='margin-bottom:10px; padding:10px; background:#f9f9f9; border-radius:5px;'>\n<summary style='font-weight:bold; cursor:pointer;'>Posso scegliere il colore?<\/summary>\n<div style='margin-top:10px; color:#555;'>C&#8217;\u00e8 una variet\u00e0 di colori, ma il colore spedito dipende dalla disponibilit\u00e0.<\/div>\n<\/details>\n<\/div>\n","protected":false},"excerpt":{"rendered":"<p>Pesa kettlebell 8kg con manico ergonomico e rivestimento elastico antiscivolo. Ideale per l&#8217;allenamento di tutto il corpo, il miglioramento della postura e l&#8217;aumento della resistenza muscolare. Spedizione del colore in base alla disponibilit\u00e0.<\/p>\n","protected":false},"featured_media":5190156,"comment_status":"closed","ping_status":"open","template":"","meta":[],"product_brand":[],"product_cat":[],"product_tag":[15],"class_list":{"0":"post-5311740","1":"product","2":"type-product","3":"status-publish","4":"has-post-thumbnail","6":"product_tag-uncategorized","8":"first","9":"onbackorder","10":"purchasable","11":"product-type-simple"},"jetpack_sharing_enabled":true,"_links":{"self":[{"href":"https:\/\/gadgettravellers.eu\/it\/wp-json\/wp\/v2\/product\/5311740","targetHints":{"allow":["GET"]}}],"collection":[{"href":"https:\/\/gadgettravellers.eu\/it\/wp-json\/wp\/v2\/product"}],"about":[{"href":"https:\/\/gadgettravellers.eu\/it\/wp-json\/wp\/v2\/types\/product"}],"replies":[{"embeddable":true,"href":"https:\/\/gadgettravellers.eu\/it\/wp-json\/wp\/v2\/comments?post=5311740"}],"wp:featuredmedia":[{"embeddable":true,"href":"https:\/\/gadgettravellers.eu\/it\/wp-json\/wp\/v2\/media\/5190156"}],"wp:attachment":[{"href":"https:\/\/gadgettravellers.eu\/it\/wp-json\/wp\/v2\/media?parent=5311740"}],"wp:term":[{"taxonomy":"product_brand","embeddable":true,"href":"https:\/\/gadgettravellers.eu\/it\/wp-json\/wp\/v2\/product_brand?post=5311740"},{"taxonomy":"product_cat","embeddable":true,"href":"https:\/\/gadgettravellers.eu\/it\/wp-json\/wp\/v2\/product_cat?post=5311740"},{"taxonomy":"product_tag","embeddable":true,"href":"https:\/\/gadgettravellers.eu\/it\/wp-json\/wp\/v2\/product_tag?post=5311740"}],"curies":[{"name":"wp","href":"https:\/\/api.w.org\/{rel}","templated":true}]}}