{"id":5311812,"date":"2026-01-19T13:34:49","date_gmt":"2026-01-19T11:34:49","guid":{"rendered":"https:\/\/gadgettravellers.eu\/shop\/proiettore-led-con-sensore-di-movimento-30w-6500k-034522\/"},"modified":"2026-04-15T21:49:34","modified_gmt":"2026-04-15T19:49:34","slug":"proiettore-led-con-sensore-di-movimento-30w-6500k-034522","status":"publish","type":"product","link":"https:\/\/gadgettravellers.eu\/it\/shop\/proiettore-led-con-sensore-di-movimento-30w-6500k-034522\/","title":{"rendered":"Proiettore LED con sensore di movimento -30W &#8211; 6500K &#8211; 034522"},"content":{"rendered":"<div>Forte, impermeabile (ip65)<b> <\/b>proiettore LED per<b>\u00a0<\/b>illuminare in modo economico ogni punto esterno della tua casa o della tua attivit\u00e0 mantenendo al contempo sicuro il tuo spazio poich\u00e9 si accender\u00e0 automaticamente non appena qualcuno si avvicina.<\/div>\n<div>Dotato di sensore di movimento regolabile per attivarsi solo quando necessario e sensore di luce regolabile. Inoltre puoi scegliere la durata dell\u2019illuminazione in base alle tue esigenze e al punto che stai illuminando.<\/div>\n<div>\u00c8 appositamente progettato per uso esterno: \u00e8 ultra-resistente e impermeabile. <\/div>\n<div>\u00a0<\/div>\n<div>Caratteristiche:<\/div>\n<ul>\n<li>Potenza: 30W<\/li>\n<li>Automatico<\/li>\n<li>Rilevamento fino a 8 metri<\/li>\n<li>Luce LED bianca potente 6500K<\/li>\n<li>3 impostazioni per: sensibilit\u00e0 dei sensori di movimento e luce e durata dell\u2019illuminazione<\/li>\n<li>Senza radiazioni UV o IR<\/li>\n<li>Impermeabile IP65<\/li>\n<li>Flusso luminoso: 3400 Lumen<\/li>\n<li>Tempo regolabile: 5sec-6min<\/li>\n<li>Angolo di visione: 120 \u00b0<\/li>\n<li>Funzionamento a corrente<\/li>\n<li>Dimensioni: 22*18cm<\/li>\n<\/ul>\n","protected":false},"excerpt":{"rendered":"<p>Faro esterno LED potente 30W (3400 lm) 6500K con sensore di movimento e luce integrato (rilevamento fino a 8m), tempo regolabile 5s-6min, IP65.<\/p>\n","protected":false},"featured_media":5115425,"comment_status":"closed","ping_status":"open","template":"","meta":[],"product_brand":[],"product_cat":[],"product_tag":[15],"class_list":{"0":"post-5311812","1":"product","2":"type-product","3":"status-publish","4":"has-post-thumbnail","6":"product_tag-uncategorized","8":"first","9":"onbackorder","10":"purchasable","11":"product-type-simple"},"jetpack_sharing_enabled":true,"_links":{"self":[{"href":"https:\/\/gadgettravellers.eu\/it\/wp-json\/wp\/v2\/product\/5311812","targetHints":{"allow":["GET"]}}],"collection":[{"href":"https:\/\/gadgettravellers.eu\/it\/wp-json\/wp\/v2\/product"}],"about":[{"href":"https:\/\/gadgettravellers.eu\/it\/wp-json\/wp\/v2\/types\/product"}],"replies":[{"embeddable":true,"href":"https:\/\/gadgettravellers.eu\/it\/wp-json\/wp\/v2\/comments?post=5311812"}],"wp:featuredmedia":[{"embeddable":true,"href":"https:\/\/gadgettravellers.eu\/it\/wp-json\/wp\/v2\/media\/5115425"}],"wp:attachment":[{"href":"https:\/\/gadgettravellers.eu\/it\/wp-json\/wp\/v2\/media?parent=5311812"}],"wp:term":[{"taxonomy":"product_brand","embeddable":true,"href":"https:\/\/gadgettravellers.eu\/it\/wp-json\/wp\/v2\/product_brand?post=5311812"},{"taxonomy":"product_cat","embeddable":true,"href":"https:\/\/gadgettravellers.eu\/it\/wp-json\/wp\/v2\/product_cat?post=5311812"},{"taxonomy":"product_tag","embeddable":true,"href":"https:\/\/gadgettravellers.eu\/it\/wp-json\/wp\/v2\/product_tag?post=5311812"}],"curies":[{"name":"wp","href":"https:\/\/api.w.org\/{rel}","templated":true}]}}