{"id":5311833,"date":"2026-01-19T13:35:00","date_gmt":"2026-01-19T11:35:00","guid":{"rendered":"https:\/\/gadgettravellers.eu\/shop\/lampada-da-soffitto-led-plafoniera-con-dimmer-5131-4gd-943666\/"},"modified":"2026-04-21T20:36:58","modified_gmt":"2026-04-21T18:36:58","slug":"lampada-da-soffitto-led-plafoniera-con-dimmer-5131-4gd-943666","status":"publish","type":"product","link":"https:\/\/gadgettravellers.eu\/it\/shop\/lampada-da-soffitto-led-plafoniera-con-dimmer-5131-4gd-943666\/","title":{"rendered":"Lampada da soffitto LED &#8211; Plafoniera con Dimmer &#8211; 5131-4GD &#8211; 943666"},"content":{"rendered":"<p>Lampada da soffitto LED, con un design impressionante che conferir\u00e0 al vostro spazio uno stile innovativo e moderno. <br \/>Dotata di telecomando con molteplici impostazioni, <br \/>Dimmer per la regolazione dell&#8217;intensit\u00e0 luminosa e gamma di temperatura colore da 3000 a 6500K per luce calda o fredda, a seconda delle esigenze del vostro ambiente. <br \/>Potenza: 48W. <br \/>Dimensioni: 62 x 40 x 13cm.<\/p>\n","protected":false},"excerpt":{"rendered":"<p>Lampada da soffitto LED 48W con telecomando e dimmer. Regola l&#8217;intensit\u00e0 e la temperatura da 3000 a 6500K per una luce calda o fredda. Dimensioni 62\u00d740\u00d713 cm, ideale per spazi moderni.<\/p>\n","protected":false},"featured_media":5190579,"comment_status":"closed","ping_status":"open","template":"","meta":[],"product_brand":[],"product_cat":[],"product_tag":[15],"class_list":{"0":"post-5311833","1":"product","2":"type-product","3":"status-publish","4":"has-post-thumbnail","6":"product_tag-uncategorized","8":"first","9":"onbackorder","10":"purchasable","11":"product-type-simple"},"jetpack_sharing_enabled":true,"_links":{"self":[{"href":"https:\/\/gadgettravellers.eu\/it\/wp-json\/wp\/v2\/product\/5311833","targetHints":{"allow":["GET"]}}],"collection":[{"href":"https:\/\/gadgettravellers.eu\/it\/wp-json\/wp\/v2\/product"}],"about":[{"href":"https:\/\/gadgettravellers.eu\/it\/wp-json\/wp\/v2\/types\/product"}],"replies":[{"embeddable":true,"href":"https:\/\/gadgettravellers.eu\/it\/wp-json\/wp\/v2\/comments?post=5311833"}],"wp:featuredmedia":[{"embeddable":true,"href":"https:\/\/gadgettravellers.eu\/it\/wp-json\/wp\/v2\/media\/5190579"}],"wp:attachment":[{"href":"https:\/\/gadgettravellers.eu\/it\/wp-json\/wp\/v2\/media?parent=5311833"}],"wp:term":[{"taxonomy":"product_brand","embeddable":true,"href":"https:\/\/gadgettravellers.eu\/it\/wp-json\/wp\/v2\/product_brand?post=5311833"},{"taxonomy":"product_cat","embeddable":true,"href":"https:\/\/gadgettravellers.eu\/it\/wp-json\/wp\/v2\/product_cat?post=5311833"},{"taxonomy":"product_tag","embeddable":true,"href":"https:\/\/gadgettravellers.eu\/it\/wp-json\/wp\/v2\/product_tag?post=5311833"}],"curies":[{"name":"wp","href":"https:\/\/api.w.org\/{rel}","templated":true}]}}