{"id":5311939,"date":"2026-01-19T13:36:05","date_gmt":"2026-01-19T11:36:05","guid":{"rendered":"https:\/\/gadgettravellers.eu\/shop\/cuscino-per-sedia-40x40cm-71864-verde\/"},"modified":"2026-04-15T21:50:23","modified_gmt":"2026-04-15T19:50:23","slug":"cuscino-per-sedia-40x40cm-71864-verde","status":"publish","type":"product","link":"https:\/\/gadgettravellers.eu\/it\/shop\/cuscino-per-sedia-40x40cm-71864-verde\/","title":{"rendered":"Cuscino per sedia &#8211; 40x40cm &#8211; 71864 &#8211; Verde"},"content":{"rendered":"<p>Cuscino per sedia in tessuto di rivestimento di alta qualit\u00e0 con una texture morbida e un&#8217;imbottitura sintetica ricca e molto resistente. Facile da posizionare con laccio. Lavabile in lavatrice con programma per capi delicati.<\/p>\n<p>Dimensioni: 40 x 40 x 2,5 cm<\/p>\n<div class='aiseo-faq-section' style='margin-top:30px; border-top:1px solid #eee; padding-top:20px;'>\n<h3>Domande Frequenti<\/h3>\n<details style='margin-bottom:10px; padding:10px; background:#f9f9f9; border-radius:5px;'>\n<summary style='font-weight:bold; cursor:pointer;'>Come si fissa il cuscino alla sedia?<\/summary>\n<div style='margin-top:10px; color:#555;'>Si fissa con un legame che consente un posizionamento facile e stabile.<\/div>\n<\/details>\n<details style='margin-bottom:10px; padding:10px; background:#f9f9f9; border-radius:5px;'>\n<summary style='font-weight:bold; cursor:pointer;'>Pu\u00f2 essere lavato in lavatrice?<\/summary>\n<div style='margin-top:10px; color:#555;'>S\u00ec, si pu\u00f2 lavare in lavatrice con un programma per capi delicati.<\/div>\n<\/details>\n<details style='margin-bottom:10px; padding:10px; background:#f9f9f9; border-radius:5px;'>\n<summary style='font-weight:bold; cursor:pointer;'>Quali sono le dimensioni del cuscino?<\/summary>\n<div style='margin-top:10px; color:#555;'>40 x 40 x 2.5 cm.<\/div>\n<\/details>\n<details style='margin-bottom:10px; padding:10px; background:#f9f9f9; border-radius:5px;'>\n<summary style='font-weight:bold; cursor:pointer;'>Di cosa \u00e8 composto l&#8217;imbottitura e il tessuto?<\/summary>\n<div style='margin-top:10px; color:#555;'>Il tessuto \u00e8 di rivestimento di alta qualit\u00e0 con una texture morbida e l&#8217;imbottitura \u00e8 sintetica e resistente.<\/div>\n<\/details>\n<\/div>\n","protected":false},"excerpt":{"rendered":"<p>Cuscino morbido per sedia 40x40x2,5 cm con imbottitura sintetica resistente e tessuto di facile manutenzione. Si fissa con legacci e si lava con programma delicato.<\/p>\n","protected":false},"featured_media":5191087,"comment_status":"closed","ping_status":"open","template":"","meta":[],"product_brand":[],"product_cat":[],"product_tag":[15],"class_list":{"0":"post-5311939","1":"product","2":"type-product","3":"status-publish","4":"has-post-thumbnail","6":"product_tag-uncategorized","8":"first","9":"onbackorder","10":"purchasable","11":"product-type-simple"},"jetpack_sharing_enabled":true,"_links":{"self":[{"href":"https:\/\/gadgettravellers.eu\/it\/wp-json\/wp\/v2\/product\/5311939","targetHints":{"allow":["GET"]}}],"collection":[{"href":"https:\/\/gadgettravellers.eu\/it\/wp-json\/wp\/v2\/product"}],"about":[{"href":"https:\/\/gadgettravellers.eu\/it\/wp-json\/wp\/v2\/types\/product"}],"replies":[{"embeddable":true,"href":"https:\/\/gadgettravellers.eu\/it\/wp-json\/wp\/v2\/comments?post=5311939"}],"wp:featuredmedia":[{"embeddable":true,"href":"https:\/\/gadgettravellers.eu\/it\/wp-json\/wp\/v2\/media\/5191087"}],"wp:attachment":[{"href":"https:\/\/gadgettravellers.eu\/it\/wp-json\/wp\/v2\/media?parent=5311939"}],"wp:term":[{"taxonomy":"product_brand","embeddable":true,"href":"https:\/\/gadgettravellers.eu\/it\/wp-json\/wp\/v2\/product_brand?post=5311939"},{"taxonomy":"product_cat","embeddable":true,"href":"https:\/\/gadgettravellers.eu\/it\/wp-json\/wp\/v2\/product_cat?post=5311939"},{"taxonomy":"product_tag","embeddable":true,"href":"https:\/\/gadgettravellers.eu\/it\/wp-json\/wp\/v2\/product_tag?post=5311939"}],"curies":[{"name":"wp","href":"https:\/\/api.w.org\/{rel}","templated":true}]}}