{"id":5311960,"date":"2026-01-19T13:36:31","date_gmt":"2026-01-19T11:36:31","guid":{"rendered":"https:\/\/gadgettravellers.eu\/shop\/cuscino-da-viaggio-per-il-collo-memory-foam-71886-nero\/"},"modified":"2026-04-15T21:50:36","modified_gmt":"2026-04-15T19:50:36","slug":"cuscino-da-viaggio-per-il-collo-memory-foam-71886-nero","status":"publish","type":"product","link":"https:\/\/gadgettravellers.eu\/it\/shop\/cuscino-da-viaggio-per-il-collo-memory-foam-71886-nero\/","title":{"rendered":"Cuscino da viaggio per il collo &#8211; Memory Foam &#8211; 71886 &#8211; Nero"},"content":{"rendered":"<p>Cuscino per il collo in memory foam, <br \/>ideale per i tuoi viaggi, con rivestimento ipoallergenico morbido e design ergonomico di supporto per il collo per un uso confortevole prolungato. <br \/>Il tessuto \u00e8 rimovibile con cerniera e lavabile. <\/p>\n<p>Dimensioni (circa): 28 x 24 x 9cm.<\/p>\n<div class='aiseo-faq-section' style='margin-top:30px; border-top:1px solid #eee; padding-top:20px;'>\n<h3>Domande Frequenti<\/h3>\n<details style='margin-bottom:10px; padding:10px; background:#f9f9f9; border-radius:5px;'>\n<summary style='font-weight:bold; cursor:pointer;'>Di che materiale \u00e8 fatto l&#8217;interno del cuscino?<\/summary>\n<div style='margin-top:10px; color:#555;'>\u00c8 realizzato in schiuma memory che si adatta alla forma del collo per supporto.<\/div>\n<\/details>\n<details style='margin-bottom:10px; padding:10px; background:#f9f9f9; border-radius:5px;'>\n<summary style='font-weight:bold; cursor:pointer;'>La copertura \u00e8 rimovibile e lavabile?<\/summary>\n<div style='margin-top:10px; color:#555;'>S\u00ec, ha una cerniera, \u00e8 rimovibile ed \u00e8 lavabile.<\/div>\n<\/details>\n<details style='margin-bottom:10px; padding:10px; background:#f9f9f9; border-radius:5px;'>\n<summary style='font-weight:bold; cursor:pointer;'>\u00c8 adatto per viaggi di lunga durata?<\/summary>\n<div style='margin-top:10px; color:#555;'>S\u00ec, il design ergonomico offre comfort per un uso prolungato.<\/div>\n<\/details>\n<details style='margin-bottom:10px; padding:10px; background:#f9f9f9; border-radius:5px;'>\n<summary style='font-weight:bold; cursor:pointer;'>La copertura \u00e8 ipoallergenica?<\/summary>\n<div style='margin-top:10px; color:#555;'>S\u00ec, il tessuto \u00e8 ipoallergenico e morbido al tatto.<\/div>\n<\/details>\n<\/div>\n","protected":false},"excerpt":{"rendered":"<p>Cuscino per il collo in schiuma memory con supporto ergonomico e rivestimento ipoallergenico removibile e lavabile. Dimensioni 28x24x9cm, ideale per comfort durante i viaggi e l&#8217;uso prolungato.<\/p>\n","protected":false},"featured_media":5191169,"comment_status":"closed","ping_status":"open","template":"","meta":[],"product_brand":[],"product_cat":[],"product_tag":[15],"class_list":{"0":"post-5311960","1":"product","2":"type-product","3":"status-publish","4":"has-post-thumbnail","6":"product_tag-uncategorized","8":"first","9":"onbackorder","10":"purchasable","11":"product-type-simple"},"jetpack_sharing_enabled":true,"_links":{"self":[{"href":"https:\/\/gadgettravellers.eu\/it\/wp-json\/wp\/v2\/product\/5311960","targetHints":{"allow":["GET"]}}],"collection":[{"href":"https:\/\/gadgettravellers.eu\/it\/wp-json\/wp\/v2\/product"}],"about":[{"href":"https:\/\/gadgettravellers.eu\/it\/wp-json\/wp\/v2\/types\/product"}],"replies":[{"embeddable":true,"href":"https:\/\/gadgettravellers.eu\/it\/wp-json\/wp\/v2\/comments?post=5311960"}],"wp:featuredmedia":[{"embeddable":true,"href":"https:\/\/gadgettravellers.eu\/it\/wp-json\/wp\/v2\/media\/5191169"}],"wp:attachment":[{"href":"https:\/\/gadgettravellers.eu\/it\/wp-json\/wp\/v2\/media?parent=5311960"}],"wp:term":[{"taxonomy":"product_brand","embeddable":true,"href":"https:\/\/gadgettravellers.eu\/it\/wp-json\/wp\/v2\/product_brand?post=5311960"},{"taxonomy":"product_cat","embeddable":true,"href":"https:\/\/gadgettravellers.eu\/it\/wp-json\/wp\/v2\/product_cat?post=5311960"},{"taxonomy":"product_tag","embeddable":true,"href":"https:\/\/gadgettravellers.eu\/it\/wp-json\/wp\/v2\/product_tag?post=5311960"}],"curies":[{"name":"wp","href":"https:\/\/api.w.org\/{rel}","templated":true}]}}