{"id":5311984,"date":"2026-01-19T13:36:48","date_gmt":"2026-01-19T11:36:48","guid":{"rendered":"https:\/\/gadgettravellers.eu\/shop\/sacco-da-boxe-da-pavimento-556728\/"},"modified":"2026-04-15T21:50:45","modified_gmt":"2026-04-15T19:50:45","slug":"sacco-da-boxe-da-pavimento-556728","status":"publish","type":"product","link":"https:\/\/gadgettravellers.eu\/it\/shop\/sacco-da-boxe-da-pavimento-556728\/","title":{"rendered":"Sacco da boxe da pavimento &#8211; 556728"},"content":{"rendered":"<p>Sviluppo delle abilit\u00e0 e intrattenimento! Offre ore infinite di divertimento e esercizio. Inoltre aiuta a sviluppare il tempismo e la velocit\u00e0, cos\u00ec come la coordinazione tra stimolo visivo e movimento delle mani.<br \/>Facile da usare. Il sacco si gonfia in pochissimo tempo e il collegamento alla base \u00e8 molto semplice.<br \/>Possibilit\u00e0 di regolare l&#8217;altezza da 126 cm fino a 146 cm.<\/p>\n<p>Sacco da boxe ad aria, da pavimento con set di guantoni. <br \/>Altezza regolabile con molla a rapido ritorno. <br \/>Base rotonda in gomma, riempibile con acqua\/sabbia. <br \/>Copertura in PU ad alta resistenza.<\/p>\n","protected":false},"excerpt":{"rendered":"<p>Sviluppo delle abilit\u00e0 e intrattenimento! Offre ore infinite di divertimento e esercizio. Inoltre aiuta a sviluppare il tempismo e la velocit\u00e0, cos\u00ec come la coordinazione tra stimolo visivo e movimento delle mani.Facile da usare. Il sacco si gonfia in pochissimo tempo e il collegamento alla base \u00e8 molto semplice.Possibilit\u00e0 di regolare l&#8217;altezza da 126 cm [&hellip;]<\/p>\n","protected":false},"featured_media":5113826,"comment_status":"closed","ping_status":"open","template":"","meta":[],"product_brand":[],"product_cat":[],"product_tag":[15],"class_list":{"0":"post-5311984","1":"product","2":"type-product","3":"status-publish","4":"has-post-thumbnail","6":"product_tag-uncategorized","8":"first","9":"onbackorder","10":"purchasable","11":"product-type-simple"},"jetpack_sharing_enabled":true,"_links":{"self":[{"href":"https:\/\/gadgettravellers.eu\/it\/wp-json\/wp\/v2\/product\/5311984","targetHints":{"allow":["GET"]}}],"collection":[{"href":"https:\/\/gadgettravellers.eu\/it\/wp-json\/wp\/v2\/product"}],"about":[{"href":"https:\/\/gadgettravellers.eu\/it\/wp-json\/wp\/v2\/types\/product"}],"replies":[{"embeddable":true,"href":"https:\/\/gadgettravellers.eu\/it\/wp-json\/wp\/v2\/comments?post=5311984"}],"wp:featuredmedia":[{"embeddable":true,"href":"https:\/\/gadgettravellers.eu\/it\/wp-json\/wp\/v2\/media\/5113826"}],"wp:attachment":[{"href":"https:\/\/gadgettravellers.eu\/it\/wp-json\/wp\/v2\/media?parent=5311984"}],"wp:term":[{"taxonomy":"product_brand","embeddable":true,"href":"https:\/\/gadgettravellers.eu\/it\/wp-json\/wp\/v2\/product_brand?post=5311984"},{"taxonomy":"product_cat","embeddable":true,"href":"https:\/\/gadgettravellers.eu\/it\/wp-json\/wp\/v2\/product_cat?post=5311984"},{"taxonomy":"product_tag","embeddable":true,"href":"https:\/\/gadgettravellers.eu\/it\/wp-json\/wp\/v2\/product_tag?post=5311984"}],"curies":[{"name":"wp","href":"https:\/\/api.w.org\/{rel}","templated":true}]}}